{"id":722370,"date":"2025-08-27T19:03:25","date_gmt":"2025-08-27T16:03:25","guid":{"rendered":"https:\/\/roveyayinevi.com.tr\/index.php\/urun\/israfilin-nefesi\/"},"modified":"2026-04-16T02:30:29","modified_gmt":"2026-04-15T23:30:29","slug":"israfilin-nefesi","status":"publish","type":"product","link":"https:\/\/roveyayinevi.com.tr\/index.php\/urun\/israfilin-nefesi\/","title":{"rendered":"\u0130srafil\u2019in Nefesi"},"content":{"rendered":"<p>\u201cBu kitab\u0131 okuyunca a\u015fk\u0131 bilmekle \u00e2\u015f\u0131k olmak, ate\u015fi bilmekle yanmak aras\u0131ndaki fark\u0131 anlayacaks\u0131n\u0131z\u2026\u201dYazar Adem G\u00f6ks\u00fcg\u00fcr bu roman\u0131nda, k\u0131yamete be\u015f kala a\u015fk\u0131n \u00f6l\u00fcmle kucakla\u015fmas\u0131n\u0131 ustaca harmanl\u0131yor.\u0130srafil\u2019in Nefesi f\u00fct\u00fcrist bir roman. Yazar, 2055-2060 y\u0131llar\u0131 aras\u0131nda cereyan eden insanl\u0131\u011f\u0131n son maceras\u0131n\u0131 okuyucuya \u00e7arp\u0131c\u0131 bir bi\u00e7imde hissettiriyor.Bat\u0131 \u00fclkeleri bilim ve enerji alan\u0131nda \u00e7\u00f6k\u00fc\u015fe ge\u00e7mi\u015f; Amerika, t\u00fckenme noktas\u0131na gelen n\u00fcfusunun Do\u011fu\u2019ya g\u00f6\u00e7 etmesine engel olamay\u0131nca K\u0131z\u0131lderililerden gasp etti\u011fi topraklarda hayalet kentler olu\u015fmu\u015ftu.Bilim ve teknolojiyle birlikte enerjiyi de elinde bulunduran T\u00fcrkiye yeni bir birlik kurdu: \u00dc\u00e7 K\u0131ta Birli\u011fi (\u00dcKB)\u2026 Avrupa, Asya ve Afrika \u00fclkelerinden olu\u015fan \u00dcKB\u2019nin d\u00fcnyaya egemen olmas\u0131 fazla zaman almad\u0131. Sonraki y\u0131llarda Hz. Yusuf d\u00f6nemini aratmayan k\u0131tl\u0131k, d\u00fcnyay\u0131 kas\u0131p kavurmaya ba\u015flay\u0131nca tarih tekerr\u00fcr etti ve bakir topraklar\u0131 sayesinde Afrika yeniden d\u00fcnyay\u0131 besleyen tar\u0131m k\u0131tas\u0131na d\u00f6n\u00fc\u015ft\u00fc. Ses geneti\u011fi alan\u0131ndaki geli\u015fmelerle din alg\u0131s\u0131 da de\u011fi\u015fti. Devrim niteli\u011findeki bu geli\u015fmeyle Hz. \u0130sa\u2019n\u0131n sesi kaydedildi ve buna ba\u011fl\u0131 olarak H\u0131ristiyanl\u0131k hizaya geldi, \u0130slam Bat\u0131\u2019ya egemen olmaya ba\u015flad\u0131.B\u00f6ylesi bir d\u00fcnyada Frankfurt Ba\u015fkonsolosunun o\u011flu Emir\u2019le bir rahibin k\u0131z\u0131 olan Rebeka aras\u0131nda alevlenen ve k\u00fclt\u00fcr \u00e7at\u0131\u015fmas\u0131n\u0131n s\u0131n\u0131rlar\u0131n\u0131 zorlayan bir a\u015fk ya\u015fan\u0131yordu. Bu iki gencin a\u015fka, hayata ve \u00f6l\u00fcme y\u00fckledikleri anlam ve ya\u015fam bi\u00e7imleri onlar\u0131 maceradan maceraya s\u00fcr\u00fckl\u00fcyordu. Takvimler 2060\u2019a yakla\u015ft\u0131\u011f\u0131nda M\u00fcsl\u00fcmanlar\u0131n hi\u00e7bir neden yokken \u00f6lmeye ba\u015flamas\u0131 ak\u0131llara k\u0131yamet alametini getiriyordu. Zira k\u0131yamet k\u00e2firlerin \u00fczerine kopacakt\u0131 ve s\u00fcre\u00e7 ba\u015flam\u0131\u015ft\u0131.\u0130srafil elinde yat borusuyla ilahi talimat\u0131 bekliyordu\u2026<\/p>\n","protected":false},"excerpt":{"rendered":"<p>\u201cBu kitab\u0131 okuyunca a\u015fk\u0131 bilmekle \u00e2\u015f\u0131k olmak, ate\u015fi bilmekle yanmak aras\u0131ndaki fark\u0131 anlayacaks\u0131n\u0131z\u2026\u201dYazar Adem G\u00f6ks\u00fcg\u00fcr bu roman\u0131nda, k\u0131yamete be\u015f kala a\u015fk\u0131n \u00f6l\u00fcmle kucakla\u015fmas\u0131n\u0131 ustaca harmanl\u0131yor.\u0130srafil\u2019in Nefesi<span class=\"excerpt-hellip\"> [\u2026]<\/span><\/p>\n","protected":false},"featured_media":0,"template":"","meta":{"_monsterinsights_skip_tracking":false,"_monsterinsights_sitenote_active":false,"_monsterinsights_sitenote_note":"","_monsterinsights_sitenote_category":0},"product_brand":[],"product_cat":[12291,12711],"product_tag":[],"class_list":{"0":"post-722370","1":"product","2":"type-product","3":"status-publish","5":"product_cat-edebiyat","6":"product_cat-roman-oyku","7":"pa_cilt-ciltsiz","8":"pa_tur-kitap","9":"pa_yayinevi-hayat-yayinlari","10":"pa_yazar-adem-goksugur","12":"first","13":"instock","14":"sale","15":"shipping-taxable","16":"purchasable","17":"product-type-simple"},"_links":{"self":[{"href":"https:\/\/roveyayinevi.com.tr\/index.php\/wp-json\/wp\/v2\/product\/722370","targetHints":{"allow":["GET"]}}],"collection":[{"href":"https:\/\/roveyayinevi.com.tr\/index.php\/wp-json\/wp\/v2\/product"}],"about":[{"href":"https:\/\/roveyayinevi.com.tr\/index.php\/wp-json\/wp\/v2\/types\/product"}],"wp:attachment":[{"href":"https:\/\/roveyayinevi.com.tr\/index.php\/wp-json\/wp\/v2\/media?parent=722370"}],"wp:term":[{"taxonomy":"product_brand","embeddable":true,"href":"https:\/\/roveyayinevi.com.tr\/index.php\/wp-json\/wp\/v2\/product_brand?post=722370"},{"taxonomy":"product_cat","embeddable":true,"href":"https:\/\/roveyayinevi.com.tr\/index.php\/wp-json\/wp\/v2\/product_cat?post=722370"},{"taxonomy":"product_tag","embeddable":true,"href":"https:\/\/roveyayinevi.com.tr\/index.php\/wp-json\/wp\/v2\/product_tag?post=722370"}],"curies":[{"name":"wp","href":"https:\/\/api.w.org\/{rel}","templated":true}]}}