{"id":722369,"date":"2025-08-27T19:03:25","date_gmt":"2025-08-27T16:03:25","guid":{"rendered":"https:\/\/roveyayinevi.com.tr\/index.php\/urun\/spor-gezginleri-2-kayip-zar\/"},"modified":"2026-04-16T02:30:29","modified_gmt":"2026-04-15T23:30:29","slug":"spor-gezginleri-2-kayip-zar","status":"publish","type":"product","link":"https:\/\/roveyayinevi.com.tr\/index.php\/urun\/spor-gezginleri-2-kayip-zar\/","title":{"rendered":"Spor Gezginleri &#8211; 2 Kay\u0131p Zar"},"content":{"rendered":"<p>Sporu ve tarihi bir araya getiren seri!Gen\u00e7 yazar Alper Akal\u2019\u0131n spor etkinlikleri ile genel k\u00fclt\u00fcr bilgilerini harmanlayan macera serisi \u201cSpor Gezginleri\u201d, gizemin ve merak duygusunun doruk noktas\u0131na t\u0131rmand\u0131\u011f\u0131 ikinci kitap Kay\u0131p Zar ile ser\u00fcvene kald\u0131\u011f\u0131 yerden devam ediyor.G\u00f6z\u00fcpek kahramanlar\u0131 ve polisiye filmleri aratmayan dinamik kurgusuyla on ya\u015f ve \u00fczeri okurlar\u0131 daha ilk sayfalar\u0131ndan i\u00e7ine \u00e7ekmeyi ba\u015faran bu s\u00fcr\u00fckleyici seri; arkada\u015fl\u0131k, fedak\u00e2rl\u0131k, dayan\u0131\u015fma gibi kavramlara de\u011finerek, ba\u015far\u0131ya giden yolun ekip \u00e7al\u0131\u015fmas\u0131ndan ge\u00e7ti\u011fini hat\u0131rlat\u0131yor.Zaman\u0131 ve mek\u00e2n\u0131 tersy\u00fcz ederek inan\u0131lmaz yolculuklara kap\u0131 aralayan Kay\u0131p Zar, k\u00fclt\u00fcrleraras\u0131 ileti\u015fimin ve etkile\u015fimin \u00f6nemini vurgulayarak farkl\u0131l\u0131klar\u0131 y\u00fcceltiyor.\u0130lk kitapta ya\u015fad\u0131klar\u0131 inan\u0131lmaz olaylar\u0131n ard\u0131ndan yaz tatiline \u00e7\u0131kan Spor Gezginleri i\u00e7in yeni bir okul y\u0131l\u0131d\u0131r. Tolga, yine benzersiz bir ser\u00fcvene at\u0131lmak amac\u0131yla arkada\u015flar\u0131yla bulu\u015fmaya haz\u0131rlan\u0131rken, Olimpium\u2019un zar\u0131n\u0131 kaybetti\u011fini fark eder. T\u00fcm \u00e7abalamalar\u0131na ra\u011fmen zar\u0131 bulamaz. \u00c7aresiz kalan d\u00f6rt kafadar, Olimpium\u2019u ba\u015fka bir kutu oyununun zar\u0131 ile oynamaya karar verir, fakat o zaman da olanlar olur: Spor Gezginleri, gizemli zar\u0131n izinde doludizgin bir maceran\u0131n i\u00e7ine bal\u0131klama dalar. Ekibin yeni \u00fcyesi \u201cdedektif\u201d Emir ile Fildi\u015fi Sahilleri\u2019nin yetenekli top\u00e7usu Obaye\u2019yi de yanlar\u0131na katan gezginleri, esrarengiz ger\u00e7eklerle y\u00fczle\u015fecekleri heyecan verici bir ser\u00fcven beklemektedir&#8230;K\u00fc\u00e7\u00fckl\u00fc\u011f\u00fcnden bu yana spor tutkunu olan Alper Akal, \u00e7ocuklarda belirli bir spor bilinci olu\u015fturma hedefiyle kaleme ald\u0131\u011f\u0131 bu fantastik macera serisi ile hem e\u011fitici, hem \u00f6\u011fretici, hem de \u00e7ok e\u011flenceli bir okuma deneyimi ya\u015fat\u0131yor. <\/p>\n","protected":false},"excerpt":{"rendered":"<p>Sporu ve tarihi bir araya getiren seri!Gen\u00e7 yazar Alper Akal\u2019\u0131n spor etkinlikleri ile genel k\u00fclt\u00fcr bilgilerini harmanlayan macera serisi \u201cSpor Gezginleri\u201d, gizemin ve merak duygusunun doruk<span class=\"excerpt-hellip\"> [\u2026]<\/span><\/p>\n","protected":false},"featured_media":0,"template":"","meta":{"_monsterinsights_skip_tracking":false,"_monsterinsights_sitenote_active":false,"_monsterinsights_sitenote_note":"","_monsterinsights_sitenote_category":0},"product_brand":[],"product_cat":[12275,12274],"product_tag":[],"class_list":{"0":"post-722369","1":"product","2":"type-product","3":"status-publish","5":"product_cat-6-12-yas-kitaplari","6":"product_cat-cocuk-ve-genclik-kitaplari","7":"pa_cilt-ciltsiz","8":"pa_tur-kitap","9":"pa_yayinevi-tudem-yayinlari","10":"pa_yazar-alper-akal","12":"first","13":"instock","14":"sale","15":"shipping-taxable","16":"purchasable","17":"product-type-simple"},"_links":{"self":[{"href":"https:\/\/roveyayinevi.com.tr\/index.php\/wp-json\/wp\/v2\/product\/722369","targetHints":{"allow":["GET"]}}],"collection":[{"href":"https:\/\/roveyayinevi.com.tr\/index.php\/wp-json\/wp\/v2\/product"}],"about":[{"href":"https:\/\/roveyayinevi.com.tr\/index.php\/wp-json\/wp\/v2\/types\/product"}],"wp:attachment":[{"href":"https:\/\/roveyayinevi.com.tr\/index.php\/wp-json\/wp\/v2\/media?parent=722369"}],"wp:term":[{"taxonomy":"product_brand","embeddable":true,"href":"https:\/\/roveyayinevi.com.tr\/index.php\/wp-json\/wp\/v2\/product_brand?post=722369"},{"taxonomy":"product_cat","embeddable":true,"href":"https:\/\/roveyayinevi.com.tr\/index.php\/wp-json\/wp\/v2\/product_cat?post=722369"},{"taxonomy":"product_tag","embeddable":true,"href":"https:\/\/roveyayinevi.com.tr\/index.php\/wp-json\/wp\/v2\/product_tag?post=722369"}],"curies":[{"name":"wp","href":"https:\/\/api.w.org\/{rel}","templated":true}]}}