{"id":722366,"date":"2025-08-27T19:03:22","date_gmt":"2025-08-27T16:03:22","guid":{"rendered":"https:\/\/roveyayinevi.com.tr\/index.php\/urun\/seyh-bedreddin-simaveni\/"},"modified":"2026-04-16T02:30:29","modified_gmt":"2026-04-15T23:30:29","slug":"seyh-bedreddin-simaveni","status":"publish","type":"product","link":"https:\/\/roveyayinevi.com.tr\/index.php\/urun\/seyh-bedreddin-simaveni\/","title":{"rendered":"\u015eeyh Bedreddin Simaveni"},"content":{"rendered":"<p>Simavna Kad\u0131s\u0131o\u011flu \u015eeyh Bedreddin\u2026Kimi mutasavv\u0131f, kimi filozof, kimi kazasker diyor\u2026  Kimi devrimci, kimi dini ve siyasi ayaklanman\u0131n lideri diyor\u2026Kimi sosyalizmin ilk \u00f6nc\u00fcs\u00fc, kimi direni\u015f\u00e7i diyor.\u201cZahidin efsanesin koy s\u00f6yle a\u015fk\u0131n halini \/ A\u015f\u0131\u011f\u0131n sebine s\u0131\u011fmaz zahidin efsanesi\u201d diyor Nesimi\u2026 Bedreddin\u2019i de bir efsaneye s\u0131\u011fd\u0131rmak m\u00fcmk\u00fcn de\u011fil.\u201c\u0130\u015fte bu kitap, Bedreddin ile ilgili yaz\u0131lm\u0131\u015f kitaplar\u0131n en kapsaml\u0131 ve derin olan\u0131. Sadece Bedreddin de\u011fil, onun \u015fahs\u0131nda t\u00fcm tasavvuf fikri, yol ve gelene\u011fi masa \u00fczerine serilen harita gibi g\u00f6r\u00fcn\u00fcr hale getiren geni\u015f bir muhteviyat i\u00e7eriyor.\u201dLeyla Akg\u00fcl<\/p>\n","protected":false},"excerpt":{"rendered":"<p>Simavna Kad\u0131s\u0131o\u011flu \u015eeyh Bedreddin\u2026Kimi mutasavv\u0131f, kimi filozof, kimi kazasker diyor\u2026 Kimi devrimci, kimi dini ve siyasi ayaklanman\u0131n lideri diyor\u2026Kimi sosyalizmin ilk \u00f6nc\u00fcs\u00fc, kimi direni\u015f\u00e7i diyor.\u201cZahidin efsanesin<span class=\"excerpt-hellip\"> [\u2026]<\/span><\/p>\n","protected":false},"featured_media":0,"template":"","meta":{"_monsterinsights_skip_tracking":false,"_monsterinsights_sitenote_active":false,"_monsterinsights_sitenote_note":"","_monsterinsights_sitenote_category":0},"product_brand":[],"product_cat":[13517,12304],"product_tag":[],"class_list":{"0":"post-722366","1":"product","2":"type-product","3":"status-publish","5":"product_cat-osmanli-tarihi","6":"product_cat-tarih","7":"pa_cilt-ciltsiz","8":"pa_tur-kitap","9":"pa_yayinevi-la-kitap-yayinlari","10":"pa_yazar-bezmi-nusret-kaygusuz","12":"first","13":"instock","14":"sale","15":"shipping-taxable","16":"purchasable","17":"product-type-simple"},"_links":{"self":[{"href":"https:\/\/roveyayinevi.com.tr\/index.php\/wp-json\/wp\/v2\/product\/722366","targetHints":{"allow":["GET"]}}],"collection":[{"href":"https:\/\/roveyayinevi.com.tr\/index.php\/wp-json\/wp\/v2\/product"}],"about":[{"href":"https:\/\/roveyayinevi.com.tr\/index.php\/wp-json\/wp\/v2\/types\/product"}],"wp:attachment":[{"href":"https:\/\/roveyayinevi.com.tr\/index.php\/wp-json\/wp\/v2\/media?parent=722366"}],"wp:term":[{"taxonomy":"product_brand","embeddable":true,"href":"https:\/\/roveyayinevi.com.tr\/index.php\/wp-json\/wp\/v2\/product_brand?post=722366"},{"taxonomy":"product_cat","embeddable":true,"href":"https:\/\/roveyayinevi.com.tr\/index.php\/wp-json\/wp\/v2\/product_cat?post=722366"},{"taxonomy":"product_tag","embeddable":true,"href":"https:\/\/roveyayinevi.com.tr\/index.php\/wp-json\/wp\/v2\/product_tag?post=722366"}],"curies":[{"name":"wp","href":"https:\/\/api.w.org\/{rel}","templated":true}]}}