{"id":722365,"date":"2025-08-27T19:03:21","date_gmt":"2025-08-27T16:03:21","guid":{"rendered":"https:\/\/roveyayinevi.com.tr\/index.php\/urun\/tuz-yoklugu\/"},"modified":"2026-04-16T02:30:29","modified_gmt":"2026-04-15T23:30:29","slug":"tuz-yoklugu","status":"publish","type":"product","link":"https:\/\/roveyayinevi.com.tr\/index.php\/urun\/tuz-yoklugu\/","title":{"rendered":"Tuz Yoklu\u011fu"},"content":{"rendered":"<p>sabah erken uyand\u0131mh\u00fcz\u00fcnl\u00fc g\u00fcne ya\u011fmurlar do\u011fuyordueski f\u0131r\u0131ndan taze ekmek al\u0131pkahvalt\u0131 yapacakt\u0131mseneler var ki masam\u0131z haz\u0131r olurdueve d\u00f6nmelisinyoklu\u011fun anne yoklu\u011futerli\u011fini kap\u0131n\u0131n \u00f6n\u00fcne koydumkanad\u0131 k\u0131r\u0131k topal bir ku\u015ftu g\u00f6nl\u00fcmsusuz kedi gibi doland\u0131m evdeyoklu\u011fun su yoklu\u011fu<\/p>\n","protected":false},"excerpt":{"rendered":"<p>sabah erken uyand\u0131mh\u00fcz\u00fcnl\u00fc g\u00fcne ya\u011fmurlar do\u011fuyordueski f\u0131r\u0131ndan taze ekmek al\u0131pkahvalt\u0131 yapacakt\u0131mseneler var ki masam\u0131z haz\u0131r olurdueve d\u00f6nmelisinyoklu\u011fun anne yoklu\u011futerli\u011fini kap\u0131n\u0131n \u00f6n\u00fcne koydumkanad\u0131 k\u0131r\u0131k topal bir ku\u015ftu<span class=\"excerpt-hellip\"> [\u2026]<\/span><\/p>\n","protected":false},"featured_media":0,"template":"","meta":{"_monsterinsights_skip_tracking":false,"_monsterinsights_sitenote_active":false,"_monsterinsights_sitenote_note":"","_monsterinsights_sitenote_category":0},"product_brand":[],"product_cat":[12291,12509],"product_tag":[],"class_list":{"0":"post-722365","1":"product","2":"type-product","3":"status-publish","5":"product_cat-edebiyat","6":"product_cat-siir","7":"pa_cilt-ciltsiz","8":"pa_tur-kitap","9":"pa_yayinevi-la-kitap-yayinlari","10":"pa_yazar-ahmet-tahsin","12":"first","13":"instock","14":"sale","15":"shipping-taxable","16":"purchasable","17":"product-type-simple"},"_links":{"self":[{"href":"https:\/\/roveyayinevi.com.tr\/index.php\/wp-json\/wp\/v2\/product\/722365","targetHints":{"allow":["GET"]}}],"collection":[{"href":"https:\/\/roveyayinevi.com.tr\/index.php\/wp-json\/wp\/v2\/product"}],"about":[{"href":"https:\/\/roveyayinevi.com.tr\/index.php\/wp-json\/wp\/v2\/types\/product"}],"wp:attachment":[{"href":"https:\/\/roveyayinevi.com.tr\/index.php\/wp-json\/wp\/v2\/media?parent=722365"}],"wp:term":[{"taxonomy":"product_brand","embeddable":true,"href":"https:\/\/roveyayinevi.com.tr\/index.php\/wp-json\/wp\/v2\/product_brand?post=722365"},{"taxonomy":"product_cat","embeddable":true,"href":"https:\/\/roveyayinevi.com.tr\/index.php\/wp-json\/wp\/v2\/product_cat?post=722365"},{"taxonomy":"product_tag","embeddable":true,"href":"https:\/\/roveyayinevi.com.tr\/index.php\/wp-json\/wp\/v2\/product_tag?post=722365"}],"curies":[{"name":"wp","href":"https:\/\/api.w.org\/{rel}","templated":true}]}}