{"id":722364,"date":"2025-08-27T19:03:21","date_gmt":"2025-08-27T16:03:21","guid":{"rendered":"https:\/\/roveyayinevi.com.tr\/index.php\/urun\/alevilik-ve-sultan-hizir-samit-ocagi\/"},"modified":"2026-04-16T02:30:29","modified_gmt":"2026-04-15T23:30:29","slug":"alevilik-ve-sultan-hizir-samit-ocagi","status":"publish","type":"product","link":"https:\/\/roveyayinevi.com.tr\/index.php\/urun\/alevilik-ve-sultan-hizir-samit-ocagi\/","title":{"rendered":"Alevilik ve Sultan H\u0131z\u0131r Sam\u0131t Oca\u011f\u0131"},"content":{"rendered":"<p>Alevi Bekta\u015fi inan\u00e7 sistemi \u201cEl ele el Hakk\u2019a\u201d desturu gere\u011fince Ocak merkezli bir yap\u0131lanmaya sahiptir. Abbas Ulusoy\u2019un bu kitab\u0131nda Sultan H\u0131z\u0131r Sam\u0131t Oca\u011f\u0131 ve oca\u011f\u0131n Pir\u2019i hakk\u0131nda kapsaml\u0131 bilgiye sahip olaca\u011f\u0131n\u0131z gibi, Alevi Bekta\u015fi inan\u00e7 sistemi ve ocaklar\u0131n s\u00fcrekleri ibadet bi\u00e7imlerinin i\u015fleyi\u015flerini de okuyacaks\u0131n\u0131z&#8230;<\/p>\n","protected":false},"excerpt":{"rendered":"<p>Alevi Bekta\u015fi inan\u00e7 sistemi \u201cEl ele el Hakk\u2019a\u201d desturu gere\u011fince Ocak merkezli bir yap\u0131lanmaya sahiptir. Abbas Ulusoy\u2019un bu kitab\u0131nda Sultan H\u0131z\u0131r Sam\u0131t Oca\u011f\u0131 ve oca\u011f\u0131n Pir\u2019i<span class=\"excerpt-hellip\"> [\u2026]<\/span><\/p>\n","protected":false},"featured_media":0,"template":"","meta":{"_monsterinsights_skip_tracking":false,"_monsterinsights_sitenote_active":false,"_monsterinsights_sitenote_note":"","_monsterinsights_sitenote_category":0},"product_brand":[],"product_cat":[13575,12718,12719],"product_tag":[],"class_list":{"0":"post-722364","1":"product","2":"type-product","3":"status-publish","5":"product_cat-alevilik-bektasilik","6":"product_cat-din","7":"product_cat-islam","8":"pa_cilt-ciltsiz","9":"pa_tur-kitap","10":"pa_yayinevi-la-kitap-yayinlari","11":"pa_yazar-abbas-ulusoy","13":"first","14":"instock","15":"sale","16":"shipping-taxable","17":"purchasable","18":"product-type-simple"},"_links":{"self":[{"href":"https:\/\/roveyayinevi.com.tr\/index.php\/wp-json\/wp\/v2\/product\/722364","targetHints":{"allow":["GET"]}}],"collection":[{"href":"https:\/\/roveyayinevi.com.tr\/index.php\/wp-json\/wp\/v2\/product"}],"about":[{"href":"https:\/\/roveyayinevi.com.tr\/index.php\/wp-json\/wp\/v2\/types\/product"}],"wp:attachment":[{"href":"https:\/\/roveyayinevi.com.tr\/index.php\/wp-json\/wp\/v2\/media?parent=722364"}],"wp:term":[{"taxonomy":"product_brand","embeddable":true,"href":"https:\/\/roveyayinevi.com.tr\/index.php\/wp-json\/wp\/v2\/product_brand?post=722364"},{"taxonomy":"product_cat","embeddable":true,"href":"https:\/\/roveyayinevi.com.tr\/index.php\/wp-json\/wp\/v2\/product_cat?post=722364"},{"taxonomy":"product_tag","embeddable":true,"href":"https:\/\/roveyayinevi.com.tr\/index.php\/wp-json\/wp\/v2\/product_tag?post=722364"}],"curies":[{"name":"wp","href":"https:\/\/api.w.org\/{rel}","templated":true}]}}