{"id":722363,"date":"2025-08-27T19:03:20","date_gmt":"2025-08-27T16:03:20","guid":{"rendered":"https:\/\/roveyayinevi.com.tr\/index.php\/urun\/balkanlarda-bektasilik\/"},"modified":"2026-04-16T02:30:29","modified_gmt":"2026-04-15T23:30:29","slug":"balkanlarda-bektasilik","status":"publish","type":"product","link":"https:\/\/roveyayinevi.com.tr\/index.php\/urun\/balkanlarda-bektasilik\/","title":{"rendered":"Balkanlarda Bekta\u015filik"},"content":{"rendered":"<p>Son y\u0131llarda Bekta\u015filik alan\u0131nda bir\u00e7ok \u00e7al\u0131\u015fma kaleme al\u0131nm\u0131\u015ft\u0131r. Elinizde tuttu\u011funuz bu eseri di\u011ferlerinden farkl\u0131 k\u0131lan nokta, 17 ve 18. y\u00fczy\u0131llarda Balkan Bekta\u015fili\u011fini bir b\u00fct\u00fcn olarak ele al\u0131p Bekta\u015fili\u011fin Balkanlardaki kurumsal a\u011f\u0131n\u0131 ortaya koymas\u0131d\u0131r. Dr. Aziz Alt\u0131 taraf\u0131ndan kaleme al\u0131nan bu \u00e7al\u0131\u015fman\u0131n temel verilerini Osmanl\u0131ca ar\u015fiv vesikalar\u0131 olu\u015fturmaktad\u0131r. Titizlikle meydana getirilen bu \u00e7al\u0131\u015fmada, \u0130stanbul\u2019un Avrupa yakas\u0131ndan ba\u015flayarak Macaristan\u2019daki G\u00fcl Baba\u2019ya kadar uzanan co\u011frafyadaki Bekta\u015fi tekkeleri ortaya konulup onlar\u0131n i\u00e7 i\u015fleyi\u015fleri, Pirevi ve Osmanl\u0131 Devleti ile ili\u015fkileri incelenmi\u015ftir. Bekta\u015fili\u011fin g\u00fcne\u015finden bir zerre, deryas\u0131ndan bir katre olan bu eser, okuyucular\u0131n takdirine sunulmu\u015ftur.<\/p>\n","protected":false},"excerpt":{"rendered":"<p>Son y\u0131llarda Bekta\u015filik alan\u0131nda bir\u00e7ok \u00e7al\u0131\u015fma kaleme al\u0131nm\u0131\u015ft\u0131r. Elinizde tuttu\u011funuz bu eseri di\u011ferlerinden farkl\u0131 k\u0131lan nokta, 17 ve 18. y\u00fczy\u0131llarda Balkan Bekta\u015fili\u011fini bir b\u00fct\u00fcn olarak ele<span class=\"excerpt-hellip\"> [\u2026]<\/span><\/p>\n","protected":false},"featured_media":0,"template":"","meta":{"_monsterinsights_skip_tracking":false,"_monsterinsights_sitenote_active":false,"_monsterinsights_sitenote_note":"","_monsterinsights_sitenote_category":0},"product_brand":[],"product_cat":[13575,12718,12719],"product_tag":[],"class_list":{"0":"post-722363","1":"product","2":"type-product","3":"status-publish","5":"product_cat-alevilik-bektasilik","6":"product_cat-din","7":"product_cat-islam","8":"pa_cilt-ciltsiz","9":"pa_tur-kitap","10":"pa_yayinevi-la-kitap-yayinlari","11":"pa_yazar-aziz-alti","13":"first","14":"instock","15":"sale","16":"shipping-taxable","17":"purchasable","18":"product-type-simple"},"_links":{"self":[{"href":"https:\/\/roveyayinevi.com.tr\/index.php\/wp-json\/wp\/v2\/product\/722363","targetHints":{"allow":["GET"]}}],"collection":[{"href":"https:\/\/roveyayinevi.com.tr\/index.php\/wp-json\/wp\/v2\/product"}],"about":[{"href":"https:\/\/roveyayinevi.com.tr\/index.php\/wp-json\/wp\/v2\/types\/product"}],"wp:attachment":[{"href":"https:\/\/roveyayinevi.com.tr\/index.php\/wp-json\/wp\/v2\/media?parent=722363"}],"wp:term":[{"taxonomy":"product_brand","embeddable":true,"href":"https:\/\/roveyayinevi.com.tr\/index.php\/wp-json\/wp\/v2\/product_brand?post=722363"},{"taxonomy":"product_cat","embeddable":true,"href":"https:\/\/roveyayinevi.com.tr\/index.php\/wp-json\/wp\/v2\/product_cat?post=722363"},{"taxonomy":"product_tag","embeddable":true,"href":"https:\/\/roveyayinevi.com.tr\/index.php\/wp-json\/wp\/v2\/product_tag?post=722363"}],"curies":[{"name":"wp","href":"https:\/\/api.w.org\/{rel}","templated":true}]}}