{"id":722362,"date":"2025-08-27T19:03:19","date_gmt":"2025-08-27T16:03:19","guid":{"rendered":"https:\/\/roveyayinevi.com.tr\/index.php\/urun\/balikus\/"},"modified":"2026-04-16T02:30:29","modified_gmt":"2026-04-15T23:30:29","slug":"balikus","status":"publish","type":"product","link":"https:\/\/roveyayinevi.com.tr\/index.php\/urun\/balikus\/","title":{"rendered":"Bal\u0131Ku\u015f"},"content":{"rendered":"<p>Sadece bir bal\u0131k bu&#8230; Bildi\u011fimiz k\u00fc\u00e7\u00fck bir bal\u0131k i\u015fte!.. \u0130\u00e7imizden herhangi biri. Kendi halinde derede ya\u015fay\u0131p dururken ku\u015fun suya d\u00fc\u015fen aksine \u00e2\u015f\u0131k olur. Sonra a\u015fk bal\u0131\u011f\u0131n i\u00e7inde b\u00fcy\u00fcr. A\u015fk\u0131 b\u00fcy\u00fcrken bal\u0131k k\u00fc\u00e7\u00fcld\u00fck\u00e7e k\u00fc\u00e7\u00fcl\u00fcr.Derken a\u015fk\u0131yla ba\u015f edemeyen bal\u0131\u011fa, sadece bedeni de\u011fil, i\u00e7inde y\u00fczd\u00fc\u011f\u00fc dere de dar gelir. Art\u0131k o dereden \u00e7\u0131kmas\u0131 elzemdir! Cismi de\u011fi\u015fir.Bu hik\u00e2yede zamans\u0131z ve mek\u00e2ns\u0131z a\u015fk\u0131n kudretine \u015fahitlik edeceksin.<\/p>\n","protected":false},"excerpt":{"rendered":"<p>Sadece bir bal\u0131k bu&#8230; Bildi\u011fimiz k\u00fc\u00e7\u00fck bir bal\u0131k i\u015fte!.. \u0130\u00e7imizden herhangi biri. Kendi halinde derede ya\u015fay\u0131p dururken ku\u015fun suya d\u00fc\u015fen aksine \u00e2\u015f\u0131k olur. Sonra a\u015fk bal\u0131\u011f\u0131n<span class=\"excerpt-hellip\"> [\u2026]<\/span><\/p>\n","protected":false},"featured_media":0,"template":"","meta":{"_monsterinsights_skip_tracking":false,"_monsterinsights_sitenote_active":false,"_monsterinsights_sitenote_note":"","_monsterinsights_sitenote_category":0},"product_brand":[],"product_cat":[12291,12711],"product_tag":[],"class_list":{"0":"post-722362","1":"product","2":"type-product","3":"status-publish","5":"product_cat-edebiyat","6":"product_cat-roman-oyku","7":"pa_cilt-ciltsiz","8":"pa_tur-kitap","9":"pa_yayinevi-la-kitap-yayinlari","10":"pa_yazar-sone-gulyan","12":"first","13":"instock","14":"sale","15":"shipping-taxable","16":"purchasable","17":"product-type-simple"},"_links":{"self":[{"href":"https:\/\/roveyayinevi.com.tr\/index.php\/wp-json\/wp\/v2\/product\/722362","targetHints":{"allow":["GET"]}}],"collection":[{"href":"https:\/\/roveyayinevi.com.tr\/index.php\/wp-json\/wp\/v2\/product"}],"about":[{"href":"https:\/\/roveyayinevi.com.tr\/index.php\/wp-json\/wp\/v2\/types\/product"}],"wp:attachment":[{"href":"https:\/\/roveyayinevi.com.tr\/index.php\/wp-json\/wp\/v2\/media?parent=722362"}],"wp:term":[{"taxonomy":"product_brand","embeddable":true,"href":"https:\/\/roveyayinevi.com.tr\/index.php\/wp-json\/wp\/v2\/product_brand?post=722362"},{"taxonomy":"product_cat","embeddable":true,"href":"https:\/\/roveyayinevi.com.tr\/index.php\/wp-json\/wp\/v2\/product_cat?post=722362"},{"taxonomy":"product_tag","embeddable":true,"href":"https:\/\/roveyayinevi.com.tr\/index.php\/wp-json\/wp\/v2\/product_tag?post=722362"}],"curies":[{"name":"wp","href":"https:\/\/api.w.org\/{rel}","templated":true}]}}