{"id":722360,"date":"2025-08-27T19:03:18","date_gmt":"2025-08-27T16:03:18","guid":{"rendered":"https:\/\/roveyayinevi.com.tr\/index.php\/urun\/olympos-tanrilarinin-intihari\/"},"modified":"2026-04-16T02:30:29","modified_gmt":"2026-04-15T23:30:29","slug":"olympos-tanrilarinin-intihari","status":"publish","type":"product","link":"https:\/\/roveyayinevi.com.tr\/index.php\/urun\/olympos-tanrilarinin-intihari\/","title":{"rendered":"Olympos Tanr\u0131lar\u0131n\u0131n \u0130ntihar\u0131"},"content":{"rendered":"<p>\u0130nsan alg\u0131lardan olu\u015fuyor. Hani \u015feftali t\u00fcy\u00fc gibi gibi sar\u0131lm\u0131\u015f insan, aura denen bir k\u0131lcal yumak, safi alg\u0131. Alg\u0131lar bilin\u00e7 demek. Duygular\u0131n bilinci, sezgilerin bilinci, hislerin bilinci, fikirlerin bilinci, sevginin bilinci, a\u015fk\u0131n bilinci, korkular\u0131n bilinci, \u015fehvetin bilinci, kederin bilinci, cesaretin bilinci.Bu alg\u0131lar hareket ediyor, kay\u0131yor, yer de\u011fi\u015ftiriyor, toprak kaymas\u0131 gibi. De\u011ferler kay\u0131yor. Kavramlar kay\u0131yor. Her \u015fey yer de\u011fi\u015ftiriyor. Cesaret yer de\u011fi\u015ftiriyor, hayat\u0131n kar\u015f\u0131s\u0131nda kayboluyor, soyunmakta yer buluyor. A\u015fk yer de\u011fi\u015ftiriyor, kalpten libidoya iniyor. Kimlik yer de\u011fi\u015ftiriyor, ba\u015fka aidiyetlerde yer buluyor.Alg\u0131lar\u0131n bu hareketlili\u011fini fark eden muktedirler, insan y\u0131\u011f\u0131nlar\u0131n\u0131 kolayl\u0131kla idare edebilmenin yolunu bulmu\u015flar, insanla oynuyorlar, vicdanla oynuyorlar, a\u015fkla oynuyorlar, istedikleri yere yerle\u015ftiriyorlar. Uluslar\u0131 siliyorlar, k\u00fclt\u00fcrleri d\u00f6n\u00fc\u015ft\u00fcr\u00fcyorlar, D\u00fcnya\u2019n\u0131n \u00e7ehresini de\u011fi\u015ftiriyorlar.Ama unuttuklar\u0131 bir \u015fey var, Evren Baba nefes al\u0131yor&#8230;A\u015fk ile\u2026<\/p>\n","protected":false},"excerpt":{"rendered":"<p>\u0130nsan alg\u0131lardan olu\u015fuyor. Hani \u015feftali t\u00fcy\u00fc gibi gibi sar\u0131lm\u0131\u015f insan, aura denen bir k\u0131lcal yumak, safi alg\u0131. Alg\u0131lar bilin\u00e7 demek. Duygular\u0131n bilinci, sezgilerin bilinci, hislerin bilinci,<span class=\"excerpt-hellip\"> [\u2026]<\/span><\/p>\n","protected":false},"featured_media":0,"template":"","meta":{"_monsterinsights_skip_tracking":false,"_monsterinsights_sitenote_active":false,"_monsterinsights_sitenote_note":"","_monsterinsights_sitenote_category":0},"product_brand":[],"product_cat":[13633,12324],"product_tag":[],"class_list":{"0":"post-722360","1":"product","2":"type-product","3":"status-publish","5":"product_cat-kultur-ve-bilim","6":"product_cat-sosyoloji","7":"pa_cilt-ciltsiz","8":"pa_tur-kitap","9":"pa_yayinevi-la-kitap-yayinlari","10":"pa_yazar-haydar-ersoz","12":"first","13":"instock","14":"sale","15":"shipping-taxable","16":"purchasable","17":"product-type-simple"},"_links":{"self":[{"href":"https:\/\/roveyayinevi.com.tr\/index.php\/wp-json\/wp\/v2\/product\/722360","targetHints":{"allow":["GET"]}}],"collection":[{"href":"https:\/\/roveyayinevi.com.tr\/index.php\/wp-json\/wp\/v2\/product"}],"about":[{"href":"https:\/\/roveyayinevi.com.tr\/index.php\/wp-json\/wp\/v2\/types\/product"}],"wp:attachment":[{"href":"https:\/\/roveyayinevi.com.tr\/index.php\/wp-json\/wp\/v2\/media?parent=722360"}],"wp:term":[{"taxonomy":"product_brand","embeddable":true,"href":"https:\/\/roveyayinevi.com.tr\/index.php\/wp-json\/wp\/v2\/product_brand?post=722360"},{"taxonomy":"product_cat","embeddable":true,"href":"https:\/\/roveyayinevi.com.tr\/index.php\/wp-json\/wp\/v2\/product_cat?post=722360"},{"taxonomy":"product_tag","embeddable":true,"href":"https:\/\/roveyayinevi.com.tr\/index.php\/wp-json\/wp\/v2\/product_tag?post=722360"}],"curies":[{"name":"wp","href":"https:\/\/api.w.org\/{rel}","templated":true}]}}