{"id":722359,"date":"2025-08-27T19:03:17","date_gmt":"2025-08-27T16:03:17","guid":{"rendered":"https:\/\/roveyayinevi.com.tr\/index.php\/urun\/hayat-dedigin\/"},"modified":"2026-04-16T02:30:29","modified_gmt":"2026-04-15T23:30:29","slug":"hayat-dedigin","status":"publish","type":"product","link":"https:\/\/roveyayinevi.com.tr\/index.php\/urun\/hayat-dedigin\/","title":{"rendered":"Hayat Dedi\u011fin"},"content":{"rendered":"<p>\u00d6zg\u00fcr Y\u0131lmaz, ilk kitab\u0131 Hayat Dedi\u011fin\u2019le fazlal\u0131klar\u0131n\u0131 daha en ba\u015f\u0131ndan atm\u0131\u015f, k\u0131sa ama vurucu c\u00fcmleler yard\u0131m\u0131yla k\u0131rg\u0131nl\u0131\u011f\u0131n kenar sokaklar\u0131nda geziniyor. Hayat Dedi\u011fin, bir ilk kitap de\u011fil de olgunluk d\u00f6nemi eseri sanki. Her \u015feyden \u00f6nce bir derdi olan \u00f6yk\u00fcler&#8230;                                      &#8211; Kemal Varol<\/p>\n","protected":false},"excerpt":{"rendered":"<p>\u00d6zg\u00fcr Y\u0131lmaz, ilk kitab\u0131 Hayat Dedi\u011fin\u2019le fazlal\u0131klar\u0131n\u0131 daha en ba\u015f\u0131ndan atm\u0131\u015f, k\u0131sa ama vurucu c\u00fcmleler yard\u0131m\u0131yla k\u0131rg\u0131nl\u0131\u011f\u0131n kenar sokaklar\u0131nda geziniyor. Hayat Dedi\u011fin, bir ilk kitap de\u011fil<span class=\"excerpt-hellip\"> [\u2026]<\/span><\/p>\n","protected":false},"featured_media":0,"template":"","meta":{"_monsterinsights_skip_tracking":false,"_monsterinsights_sitenote_active":false,"_monsterinsights_sitenote_note":"","_monsterinsights_sitenote_category":0},"product_brand":[],"product_cat":[12291,12711],"product_tag":[],"class_list":{"0":"post-722359","1":"product","2":"type-product","3":"status-publish","5":"product_cat-edebiyat","6":"product_cat-roman-oyku","7":"pa_cilt-ciltsiz","8":"pa_tur-kitap","9":"pa_yayinevi-la-kitap-yayinlari","10":"pa_yazar-ozgur-yilmaz","12":"first","13":"instock","14":"sale","15":"shipping-taxable","16":"purchasable","17":"product-type-simple"},"_links":{"self":[{"href":"https:\/\/roveyayinevi.com.tr\/index.php\/wp-json\/wp\/v2\/product\/722359","targetHints":{"allow":["GET"]}}],"collection":[{"href":"https:\/\/roveyayinevi.com.tr\/index.php\/wp-json\/wp\/v2\/product"}],"about":[{"href":"https:\/\/roveyayinevi.com.tr\/index.php\/wp-json\/wp\/v2\/types\/product"}],"wp:attachment":[{"href":"https:\/\/roveyayinevi.com.tr\/index.php\/wp-json\/wp\/v2\/media?parent=722359"}],"wp:term":[{"taxonomy":"product_brand","embeddable":true,"href":"https:\/\/roveyayinevi.com.tr\/index.php\/wp-json\/wp\/v2\/product_brand?post=722359"},{"taxonomy":"product_cat","embeddable":true,"href":"https:\/\/roveyayinevi.com.tr\/index.php\/wp-json\/wp\/v2\/product_cat?post=722359"},{"taxonomy":"product_tag","embeddable":true,"href":"https:\/\/roveyayinevi.com.tr\/index.php\/wp-json\/wp\/v2\/product_tag?post=722359"}],"curies":[{"name":"wp","href":"https:\/\/api.w.org\/{rel}","templated":true}]}}