{"id":722354,"date":"2025-08-27T19:03:13","date_gmt":"2025-08-27T16:03:13","guid":{"rendered":"https:\/\/roveyayinevi.com.tr\/index.php\/urun\/ne-cok-terorist-vurulmus\/"},"modified":"2026-04-16T02:30:28","modified_gmt":"2026-04-15T23:30:28","slug":"ne-cok-terorist-vurulmus","status":"publish","type":"product","link":"https:\/\/roveyayinevi.com.tr\/index.php\/urun\/ne-cok-terorist-vurulmus\/","title":{"rendered":"Ne \u00c7ok Ter\u00f6rist Vurulmu\u015f"},"content":{"rendered":"<p>\u201cHakkari\u2019de Bir Mevsim\u201d filminin \u00e7ekildi\u011fi Yoncal\u0131 K\u00f6y\u00fc\u2019nde oturan yetmi\u015f ya\u015f\u0131ndaki bir dede anlat\u0131yor: Askerin \u00e7ocuklar\u0131m\u0131z\u0131n \u00f6ld\u00fcr\u00fclmesini, cesetlerini ot y\u0131\u011f\u0131nlar\u0131 aras\u0131na koyarak yakmas\u0131n\u0131 hepimiz g\u00f6rd\u00fck. Sonra Binba\u015f\u0131 toplad\u0131 bizi. Daya\u011f\u0131n, tekmenin bini bir para. Beni de d\u00f6vd\u00fcler. Benim gibi ya\u015fl\u0131 Ahmet\u2019i de d\u00f6vd\u00fcler. Bir yumrukla \u00fc\u00e7 di\u015fimi k\u0131rd\u0131lar!\u201dCengiz Mumay, dokuz y\u0131l\u0131 a\u015fk\u0131n bir s\u00fcre G\u00fcneydo\u011fu olaylar\u0131n\u0131 izledi. \u0130ki kez \u201cY\u0131l\u0131n Gazetecisi\u201d se\u00e7ildi. T\u00fcrl\u00fc olaylar i\u00e7inde en \u00e7ok ilgisini \u00e7eken \u015fey, \u201cyanl\u0131\u015fl\u0131kla\u201d ya da \u201ckasten\u201d \u00f6ld\u00fcr\u00fclen me\u015fum K\u00fcrt k\u00f6yl\u00fclerinin \u201cter\u00f6rist\u201d ilan edilmesi oldu. Bu olaylar\u0131n \u00e7o\u011funun failleri yarg\u0131lanamad\u0131, Kitapta k\u0131rk d\u00f6rt ayr\u0131 olayda \u00f6ld\u00fcr\u00fclen yetmi\u015f alt\u0131 ki\u015finin \u00f6yk\u00fcs\u00fc anlat\u0131l\u0131yor.I\u015e\u0130D, Suru\u00e7\u2019ta otuz iki genci \u00f6ld\u00fcrd\u00fc. \u201cGezi ruhu\u201dna sad\u0131k p\u0131r\u0131l p\u0131r\u0131l gen\u00e7ler ya\u015fama veda ederken, fatura I\u015e\u0130D yerine T\u00fcrkiye\u2019nin do\u011fusuna kesildi. Otuz bir y\u0131ll\u0131k sava\u015f yeniden alevlendiriliyor, siyasi ve ekonomik gelece\u011fini kanda g\u00f6renleri hi\u00e7bir \u015fey durduram\u0131yor.<\/p>\n","protected":false},"excerpt":{"rendered":"<p>\u201cHakkari\u2019de Bir Mevsim\u201d filminin \u00e7ekildi\u011fi Yoncal\u0131 K\u00f6y\u00fc\u2019nde oturan yetmi\u015f ya\u015f\u0131ndaki bir dede anlat\u0131yor: Askerin \u00e7ocuklar\u0131m\u0131z\u0131n \u00f6ld\u00fcr\u00fclmesini, cesetlerini ot y\u0131\u011f\u0131nlar\u0131 aras\u0131na koyarak yakmas\u0131n\u0131 hepimiz g\u00f6rd\u00fck. Sonra Binba\u015f\u0131<span class=\"excerpt-hellip\"> [\u2026]<\/span><\/p>\n","protected":false},"featured_media":0,"template":"","meta":{"_monsterinsights_skip_tracking":false,"_monsterinsights_sitenote_active":false,"_monsterinsights_sitenote_note":"","_monsterinsights_sitenote_category":0},"product_brand":[],"product_cat":[13590,12337],"product_tag":[],"class_list":{"0":"post-722354","1":"product","2":"type-product","3":"status-publish","5":"product_cat-arastirma-inceleme-politika-siyaset","6":"product_cat-politika-siyaset","7":"pa_cilt-ciltsiz","8":"pa_tur-kitap","9":"pa_yayinevi-la-kitap-yayinlari","10":"pa_yazar-cengiz-mumay","12":"first","13":"instock","14":"sale","15":"shipping-taxable","16":"purchasable","17":"product-type-simple"},"_links":{"self":[{"href":"https:\/\/roveyayinevi.com.tr\/index.php\/wp-json\/wp\/v2\/product\/722354","targetHints":{"allow":["GET"]}}],"collection":[{"href":"https:\/\/roveyayinevi.com.tr\/index.php\/wp-json\/wp\/v2\/product"}],"about":[{"href":"https:\/\/roveyayinevi.com.tr\/index.php\/wp-json\/wp\/v2\/types\/product"}],"wp:attachment":[{"href":"https:\/\/roveyayinevi.com.tr\/index.php\/wp-json\/wp\/v2\/media?parent=722354"}],"wp:term":[{"taxonomy":"product_brand","embeddable":true,"href":"https:\/\/roveyayinevi.com.tr\/index.php\/wp-json\/wp\/v2\/product_brand?post=722354"},{"taxonomy":"product_cat","embeddable":true,"href":"https:\/\/roveyayinevi.com.tr\/index.php\/wp-json\/wp\/v2\/product_cat?post=722354"},{"taxonomy":"product_tag","embeddable":true,"href":"https:\/\/roveyayinevi.com.tr\/index.php\/wp-json\/wp\/v2\/product_tag?post=722354"}],"curies":[{"name":"wp","href":"https:\/\/api.w.org\/{rel}","templated":true}]}}