{"id":722352,"date":"2025-08-27T19:03:12","date_gmt":"2025-08-27T16:03:12","guid":{"rendered":"https:\/\/roveyayinevi.com.tr\/index.php\/urun\/ten-divane\/"},"modified":"2026-04-16T02:30:28","modified_gmt":"2026-04-15T23:30:28","slug":"ten-divane","status":"publish","type":"product","link":"https:\/\/roveyayinevi.com.tr\/index.php\/urun\/ten-divane\/","title":{"rendered":"Ten Divane"},"content":{"rendered":"<p>Yelda Karata\u015f, \u015fiir yazan bir nicel kalabal\u0131ktan s\u0131yr\u0131larak \u00f6ne \u00e7\u0131kan yap\u0131tlar\u0131yla \u015fiirinin imgesel \u00f6rg\u00fcs\u00fc g\u00fc\u00e7l\u00fc kad\u0131n \u015fairlerin ba\u015f\u0131nda yer al\u0131yor.\u015eiirimizin \u00f6yk\u00fcnmelerle giderek bir homojenle\u015fmeye teslim edildi\u011fi 90\u2019l\u0131 y\u0131llardan itibaren kendi \u015fiirini ba\u015far\u0131yla in\u015fa eden Yelda Karata\u015f\u2019\u0131 okumak, h\u00fczn\u00fcn bu\u011fusunun kalbimizin camlar\u0131na vurmas\u0131 gibi\u2026\u201cMasallara inand\u0131\u011f\u0131m\u0131z kadar a\u015fka inanan ve a\u015fk\u0131n yurdunu kalbine ve dizelere \u00e7izen\u201d Yelda Karata\u015f\u2019\u0131n \u201cTen Divan\u2019e\u201dsini okurken de kulland\u0131\u011f\u0131 imge yo\u011funluklu, \u00f6zenli ve yal\u0131n dile bir kez daha hayranl\u0131k duydum.\u015eiirin g\u00fcndelik hayattan giderek kovuldu\u011fu, g\u00fcndelik konu\u015fma dilinin \u015fiir nam\u0131na dola\u015f\u0131ma sokuldu\u011fu \u015fu d\u00f6nemde dizelerin haysiyetinden caymayarak s\u0131k\u0131 \u015fiirler yazmay\u0131 s\u00fcrd\u00fcren Yelda Karata\u015f\u2019\u0131 i\u00e7tenlikle kutluyorum\u2026-Y\u0131lmaz Odaba\u015f\u0131<\/p>\n","protected":false},"excerpt":{"rendered":"<p>Yelda Karata\u015f, \u015fiir yazan bir nicel kalabal\u0131ktan s\u0131yr\u0131larak \u00f6ne \u00e7\u0131kan yap\u0131tlar\u0131yla \u015fiirinin imgesel \u00f6rg\u00fcs\u00fc g\u00fc\u00e7l\u00fc kad\u0131n \u015fairlerin ba\u015f\u0131nda yer al\u0131yor.\u015eiirimizin \u00f6yk\u00fcnmelerle giderek bir homojenle\u015fmeye teslim edildi\u011fi<span class=\"excerpt-hellip\"> [\u2026]<\/span><\/p>\n","protected":false},"featured_media":0,"template":"","meta":{"_monsterinsights_skip_tracking":false,"_monsterinsights_sitenote_active":false,"_monsterinsights_sitenote_note":"","_monsterinsights_sitenote_category":0},"product_brand":[],"product_cat":[12291,12509],"product_tag":[],"class_list":{"0":"post-722352","1":"product","2":"type-product","3":"status-publish","5":"product_cat-edebiyat","6":"product_cat-siir","7":"pa_cilt-ciltsiz","8":"pa_tur-kitap","9":"pa_yayinevi-la-kitap-yayinlari","10":"pa_yazar-yelda-karatas","12":"first","13":"instock","14":"sale","15":"shipping-taxable","16":"purchasable","17":"product-type-simple"},"_links":{"self":[{"href":"https:\/\/roveyayinevi.com.tr\/index.php\/wp-json\/wp\/v2\/product\/722352","targetHints":{"allow":["GET"]}}],"collection":[{"href":"https:\/\/roveyayinevi.com.tr\/index.php\/wp-json\/wp\/v2\/product"}],"about":[{"href":"https:\/\/roveyayinevi.com.tr\/index.php\/wp-json\/wp\/v2\/types\/product"}],"wp:attachment":[{"href":"https:\/\/roveyayinevi.com.tr\/index.php\/wp-json\/wp\/v2\/media?parent=722352"}],"wp:term":[{"taxonomy":"product_brand","embeddable":true,"href":"https:\/\/roveyayinevi.com.tr\/index.php\/wp-json\/wp\/v2\/product_brand?post=722352"},{"taxonomy":"product_cat","embeddable":true,"href":"https:\/\/roveyayinevi.com.tr\/index.php\/wp-json\/wp\/v2\/product_cat?post=722352"},{"taxonomy":"product_tag","embeddable":true,"href":"https:\/\/roveyayinevi.com.tr\/index.php\/wp-json\/wp\/v2\/product_tag?post=722352"}],"curies":[{"name":"wp","href":"https:\/\/api.w.org\/{rel}","templated":true}]}}