{"id":722351,"date":"2025-08-27T19:03:11","date_gmt":"2025-08-27T16:03:11","guid":{"rendered":"https:\/\/roveyayinevi.com.tr\/index.php\/urun\/dersim-destani\/"},"modified":"2026-04-16T02:30:28","modified_gmt":"2026-04-15T23:30:28","slug":"dersim-destani","status":"publish","type":"product","link":"https:\/\/roveyayinevi.com.tr\/index.php\/urun\/dersim-destani\/","title":{"rendered":"Dersim Destan\u0131"},"content":{"rendered":"<p>sonra onlar geldiler atlar\u0131 kuyru\u011fu d\u00fc\u011f\u00fcml\u00fc k\u0131l\u0131\u00e7lar\u0131 e\u011fri \u00e7akmakl\u0131yd\u0131 t\u00fcfekleri deprem yerine d\u00f6nd\u00fcr\u00fcp \u00fclkemi k\u0131tl\u0131\u011fa k\u0131r\u0131ma k\u0131y\u0131ma u\u011fratt\u0131lar halk\u0131m\u0131 ve ben yeniden sar\u0131ld\u0131m \u00e7elik \u00e7ekicine kawa&#8217;n\u0131n y\u00fcce da\u011f\u0131n dar vadinin geni\u015f ovan\u0131nyazd\u0131m destan\u0131n\u0131<\/p>\n","protected":false},"excerpt":{"rendered":"<p>sonra onlar geldiler atlar\u0131 kuyru\u011fu d\u00fc\u011f\u00fcml\u00fc k\u0131l\u0131\u00e7lar\u0131 e\u011fri \u00e7akmakl\u0131yd\u0131 t\u00fcfekleri deprem yerine d\u00f6nd\u00fcr\u00fcp \u00fclkemi k\u0131tl\u0131\u011fa k\u0131r\u0131ma k\u0131y\u0131ma u\u011fratt\u0131lar halk\u0131m\u0131 ve ben yeniden sar\u0131ld\u0131m \u00e7elik \u00e7ekicine kawa&#8217;n\u0131n<span class=\"excerpt-hellip\"> [\u2026]<\/span><\/p>\n","protected":false},"featured_media":0,"template":"","meta":{"_monsterinsights_skip_tracking":false,"_monsterinsights_sitenote_active":false,"_monsterinsights_sitenote_note":"","_monsterinsights_sitenote_category":0},"product_brand":[],"product_cat":[12291,12509],"product_tag":[],"class_list":{"0":"post-722351","1":"product","2":"type-product","3":"status-publish","5":"product_cat-edebiyat","6":"product_cat-siir","7":"pa_cilt-ciltsiz","8":"pa_tur-kitap","9":"pa_yayinevi-la-kitap-yayinlari","10":"pa_yazar-ozan-telli","12":"first","13":"instock","14":"sale","15":"shipping-taxable","16":"purchasable","17":"product-type-simple"},"_links":{"self":[{"href":"https:\/\/roveyayinevi.com.tr\/index.php\/wp-json\/wp\/v2\/product\/722351","targetHints":{"allow":["GET"]}}],"collection":[{"href":"https:\/\/roveyayinevi.com.tr\/index.php\/wp-json\/wp\/v2\/product"}],"about":[{"href":"https:\/\/roveyayinevi.com.tr\/index.php\/wp-json\/wp\/v2\/types\/product"}],"wp:attachment":[{"href":"https:\/\/roveyayinevi.com.tr\/index.php\/wp-json\/wp\/v2\/media?parent=722351"}],"wp:term":[{"taxonomy":"product_brand","embeddable":true,"href":"https:\/\/roveyayinevi.com.tr\/index.php\/wp-json\/wp\/v2\/product_brand?post=722351"},{"taxonomy":"product_cat","embeddable":true,"href":"https:\/\/roveyayinevi.com.tr\/index.php\/wp-json\/wp\/v2\/product_cat?post=722351"},{"taxonomy":"product_tag","embeddable":true,"href":"https:\/\/roveyayinevi.com.tr\/index.php\/wp-json\/wp\/v2\/product_tag?post=722351"}],"curies":[{"name":"wp","href":"https:\/\/api.w.org\/{rel}","templated":true}]}}