{"id":722350,"date":"2025-08-27T19:03:10","date_gmt":"2025-08-27T16:03:10","guid":{"rendered":"https:\/\/roveyayinevi.com.tr\/index.php\/urun\/gozlerin-hikayesi\/"},"modified":"2026-04-16T02:30:28","modified_gmt":"2026-04-15T23:30:28","slug":"gozlerin-hikayesi","status":"publish","type":"product","link":"https:\/\/roveyayinevi.com.tr\/index.php\/urun\/gozlerin-hikayesi\/","title":{"rendered":"G\u00f6zlerin Hikayesi"},"content":{"rendered":"<p>Tarih \u015fimdinin i\u00e7inde ya\u015f\u0131yor. Ya\u015fanan hi\u00e7bir \u015fey kaybolmuyor. Hani cama bir su damlas\u0131 d\u00fc\u015fer. Sonra su kurur su kaybolur ama izi kal\u0131r.Hani denizden \u00e7\u0131k\u0131nca insan\u0131n \u00fczerinde \u0131slakl\u0131k kal\u0131r. Sonra \u0131slakl\u0131k kurur, su kalmaz ama denizin tad\u0131, kokusu insan\u0131n \u00fczerinde kal\u0131r, en son sa\u00e7lar\u0131nda kal\u0131r. Hi\u00e7 kaybolmaz.Tarih de kaybolmaz. Ya\u015fanan hi\u00e7bir \u015fey kaybolmaz. Tarih\u00e7iler yalan yazar, antropologlar yan\u0131lt\u0131c\u0131 bilgiler \u00fcretir, psikoloji bilimi alg\u0131larla oynamak i\u00e7in \u00fcretilir, edebiyat\u00e7\u0131lar duygular\u0131 d\u00fc\u015f\u00fcnceyle pop\u00fcler y\u00f6ne y\u00f6nlendirir.Kim ne yaparsa yaps\u0131n, zaman canl\u0131. G\u00fcl\u00fc\u015f\u00fcn i\u00e7inde efkar bak\u0131yor. G\u00f6zya\u015f\u0131n\u0131n i\u00e7inden sevin\u00e7 ak\u0131yor.Anya\u2019n\u0131n \u00e7ekik g\u00f6zlerinden bin y\u0131l\u0131n \u00f6tesinde yok edilmi\u015f bir halk\u0131n k\u00fclt\u00fcr\u00fc bak\u0131yor.G\u00f6zlerin Hikayesi, yeni bir roman, g\u00f6zlerin konu\u015fan derinli\u011finden seda bulan yank\u0131.K\u00f6kleri bin y\u0131llara uzanan bir hikaye\u2026A\u015fk ile&#8230;<\/p>\n","protected":false},"excerpt":{"rendered":"<p>Tarih \u015fimdinin i\u00e7inde ya\u015f\u0131yor. Ya\u015fanan hi\u00e7bir \u015fey kaybolmuyor. Hani cama bir su damlas\u0131 d\u00fc\u015fer. Sonra su kurur su kaybolur ama izi kal\u0131r.Hani denizden \u00e7\u0131k\u0131nca insan\u0131n \u00fczerinde<span class=\"excerpt-hellip\"> [\u2026]<\/span><\/p>\n","protected":false},"featured_media":0,"template":"","meta":{"_monsterinsights_skip_tracking":false,"_monsterinsights_sitenote_active":false,"_monsterinsights_sitenote_note":"","_monsterinsights_sitenote_category":0},"product_brand":[],"product_cat":[12291,12711],"product_tag":[],"class_list":{"0":"post-722350","1":"product","2":"type-product","3":"status-publish","5":"product_cat-edebiyat","6":"product_cat-roman-oyku","7":"pa_cilt-ciltsiz","8":"pa_tur-kitap","9":"pa_yayinevi-la-kitap-yayinlari","10":"pa_yazar-haydar-ersoz","12":"first","13":"instock","14":"sale","15":"shipping-taxable","16":"purchasable","17":"product-type-simple"},"_links":{"self":[{"href":"https:\/\/roveyayinevi.com.tr\/index.php\/wp-json\/wp\/v2\/product\/722350","targetHints":{"allow":["GET"]}}],"collection":[{"href":"https:\/\/roveyayinevi.com.tr\/index.php\/wp-json\/wp\/v2\/product"}],"about":[{"href":"https:\/\/roveyayinevi.com.tr\/index.php\/wp-json\/wp\/v2\/types\/product"}],"wp:attachment":[{"href":"https:\/\/roveyayinevi.com.tr\/index.php\/wp-json\/wp\/v2\/media?parent=722350"}],"wp:term":[{"taxonomy":"product_brand","embeddable":true,"href":"https:\/\/roveyayinevi.com.tr\/index.php\/wp-json\/wp\/v2\/product_brand?post=722350"},{"taxonomy":"product_cat","embeddable":true,"href":"https:\/\/roveyayinevi.com.tr\/index.php\/wp-json\/wp\/v2\/product_cat?post=722350"},{"taxonomy":"product_tag","embeddable":true,"href":"https:\/\/roveyayinevi.com.tr\/index.php\/wp-json\/wp\/v2\/product_tag?post=722350"}],"curies":[{"name":"wp","href":"https:\/\/api.w.org\/{rel}","templated":true}]}}