{"id":722348,"date":"2025-08-27T19:03:08","date_gmt":"2025-08-27T16:03:08","guid":{"rendered":"https:\/\/roveyayinevi.com.tr\/index.php\/urun\/kayip-lotus-cicegi-kehanet-serisi-2\/"},"modified":"2026-04-16T02:30:28","modified_gmt":"2026-04-15T23:30:28","slug":"kayip-lotus-cicegi-kehanet-serisi-2","status":"publish","type":"product","link":"https:\/\/roveyayinevi.com.tr\/index.php\/urun\/kayip-lotus-cicegi-kehanet-serisi-2\/","title":{"rendered":"Kay\u0131p Lotus \u00c7i\u00e7e\u011fi &#8211; Kehanet Serisi 2"},"content":{"rendered":"<p>B\u00fcy\u00fck sava\u015f\u0131n ard\u0131nda b\u0131rakt\u0131\u011f\u0131 kanl\u0131 tabloyu d\u00fczeltmeye yemin etmi\u015fti, ac\u0131l\u0131 kalbin sahibi. Ne yapaca\u011f\u0131n\u0131 bilmezken yeni bir kehanet onu buldu. Ama bu kez farkl\u0131yd\u0131, kehanetin son sayfas\u0131 eksikti. Yap\u0131lacak her se\u00e7im, kehaneti ve gelece\u011fi yeniden \u015fekillendirecekti. Yalanlar do\u011frulara, ger\u00e7ekler hayallere kar\u0131\u015f\u0131rken, ak\u0131l ve kalp aras\u0131ndaki sava\u015ftan kim galip \u00e7\u0131kacakt\u0131?Peki ac\u0131larla ba\u015flayan bir ger\u00e7e\u011fi mutlu sonla biten bir hayale d\u00f6n\u00fc\u015ft\u00fcrmek m\u00fcmk\u00fcn m\u00fcyd\u00fc?<\/p>\n","protected":false},"excerpt":{"rendered":"<p>B\u00fcy\u00fck sava\u015f\u0131n ard\u0131nda b\u0131rakt\u0131\u011f\u0131 kanl\u0131 tabloyu d\u00fczeltmeye yemin etmi\u015fti, ac\u0131l\u0131 kalbin sahibi. Ne yapaca\u011f\u0131n\u0131 bilmezken yeni bir kehanet onu buldu. Ama bu kez farkl\u0131yd\u0131, kehanetin son<span class=\"excerpt-hellip\"> [\u2026]<\/span><\/p>\n","protected":false},"featured_media":0,"template":"","meta":{"_monsterinsights_skip_tracking":false,"_monsterinsights_sitenote_active":false,"_monsterinsights_sitenote_note":"","_monsterinsights_sitenote_category":0},"product_brand":[],"product_cat":[12291,12711],"product_tag":[],"class_list":{"0":"post-722348","1":"product","2":"type-product","3":"status-publish","5":"product_cat-edebiyat","6":"product_cat-roman-oyku","7":"pa_cilt-ciltsiz","8":"pa_tur-kitap","9":"pa_yayinevi-la-kitap-yayinlari","10":"pa_yazar-pinar-uzun","12":"first","13":"instock","14":"sale","15":"shipping-taxable","16":"purchasable","17":"product-type-simple"},"_links":{"self":[{"href":"https:\/\/roveyayinevi.com.tr\/index.php\/wp-json\/wp\/v2\/product\/722348","targetHints":{"allow":["GET"]}}],"collection":[{"href":"https:\/\/roveyayinevi.com.tr\/index.php\/wp-json\/wp\/v2\/product"}],"about":[{"href":"https:\/\/roveyayinevi.com.tr\/index.php\/wp-json\/wp\/v2\/types\/product"}],"wp:attachment":[{"href":"https:\/\/roveyayinevi.com.tr\/index.php\/wp-json\/wp\/v2\/media?parent=722348"}],"wp:term":[{"taxonomy":"product_brand","embeddable":true,"href":"https:\/\/roveyayinevi.com.tr\/index.php\/wp-json\/wp\/v2\/product_brand?post=722348"},{"taxonomy":"product_cat","embeddable":true,"href":"https:\/\/roveyayinevi.com.tr\/index.php\/wp-json\/wp\/v2\/product_cat?post=722348"},{"taxonomy":"product_tag","embeddable":true,"href":"https:\/\/roveyayinevi.com.tr\/index.php\/wp-json\/wp\/v2\/product_tag?post=722348"}],"curies":[{"name":"wp","href":"https:\/\/api.w.org\/{rel}","templated":true}]}}