{"id":722346,"date":"2025-08-27T19:03:07","date_gmt":"2025-08-27T16:03:07","guid":{"rendered":"https:\/\/roveyayinevi.com.tr\/index.php\/urun\/kirkyama\/"},"modified":"2026-04-16T02:30:28","modified_gmt":"2026-04-15T23:30:28","slug":"kirkyama","status":"publish","type":"product","link":"https:\/\/roveyayinevi.com.tr\/index.php\/urun\/kirkyama\/","title":{"rendered":"K\u0131rkyama"},"content":{"rendered":"<p>\u2026Seksen y\u0131l \u00f6nce bu vakitler, yaln\u0131zca d\u00fc\u011f\u00fcnlerde giydi\u011fi saten kuma\u015ftan yele\u011finin i\u00e7inde, k\u0131r sa\u00e7lar\u0131n\u0131n diplerine kadar terlemi\u015f kemen\u00e7eci, kunduras\u0131 ile balkonun ah\u015fap zemininde, hayat\u0131nda tuttu\u011fu son ritmi i\u015fitiyordu.\u0130ki y\u0131l \u00f6nce bu vakitler, yemenisinin oyalar\u0131ndan damlayan ya\u011fmur damlalar\u0131n\u0131n \u0131slatt\u0131\u011f\u0131 ellerinde s\u0131ms\u0131k\u0131 tuttu\u011fu bir ta\u015f vard\u0131 kad\u0131n\u0131n.Bundan \u00fc\u00e7 y\u0131l \u00f6nce Y\u0131rca\u2019da alt\u0131 bin zeytin a\u011fac\u0131 ka\u015flar\u0131 \u00e7at\u0131k bekliyordu.On ay \u00f6nce bu vakitler, yolun kenar\u0131ndaki kavak a\u011fac\u0131, \u00f6n\u00fcnden ko\u015farak ge\u00e7en kad\u0131n\u0131n, erkeklerin karanl\u0131\u011f\u0131ndan ka\u00e7\u0131\u015f\u0131na seviniyordu. Hanife on ay \u00f6nce ya\u015f\u0131yordu.Bundan be\u015f y\u00fcz y\u0131l \u00f6nce bir kad\u0131n, kaynayan kazandan buhar\u0131 t\u00fcten a\u015fureyi umutla kokluyordu\u2026<\/p>\n","protected":false},"excerpt":{"rendered":"<p>\u2026Seksen y\u0131l \u00f6nce bu vakitler, yaln\u0131zca d\u00fc\u011f\u00fcnlerde giydi\u011fi saten kuma\u015ftan yele\u011finin i\u00e7inde, k\u0131r sa\u00e7lar\u0131n\u0131n diplerine kadar terlemi\u015f kemen\u00e7eci, kunduras\u0131 ile balkonun ah\u015fap zemininde, hayat\u0131nda tuttu\u011fu son<span class=\"excerpt-hellip\"> [\u2026]<\/span><\/p>\n","protected":false},"featured_media":0,"template":"","meta":{"_monsterinsights_skip_tracking":false,"_monsterinsights_sitenote_active":false,"_monsterinsights_sitenote_note":"","_monsterinsights_sitenote_category":0},"product_brand":[],"product_cat":[12291,12711],"product_tag":[],"class_list":{"0":"post-722346","1":"product","2":"type-product","3":"status-publish","5":"product_cat-edebiyat","6":"product_cat-roman-oyku","7":"pa_cilt-ciltsiz","8":"pa_tur-kitap","9":"pa_yayinevi-la-kitap-yayinlari","10":"pa_yazar-meryem-gulbudak","12":"first","13":"instock","14":"sale","15":"shipping-taxable","16":"purchasable","17":"product-type-simple"},"_links":{"self":[{"href":"https:\/\/roveyayinevi.com.tr\/index.php\/wp-json\/wp\/v2\/product\/722346","targetHints":{"allow":["GET"]}}],"collection":[{"href":"https:\/\/roveyayinevi.com.tr\/index.php\/wp-json\/wp\/v2\/product"}],"about":[{"href":"https:\/\/roveyayinevi.com.tr\/index.php\/wp-json\/wp\/v2\/types\/product"}],"wp:attachment":[{"href":"https:\/\/roveyayinevi.com.tr\/index.php\/wp-json\/wp\/v2\/media?parent=722346"}],"wp:term":[{"taxonomy":"product_brand","embeddable":true,"href":"https:\/\/roveyayinevi.com.tr\/index.php\/wp-json\/wp\/v2\/product_brand?post=722346"},{"taxonomy":"product_cat","embeddable":true,"href":"https:\/\/roveyayinevi.com.tr\/index.php\/wp-json\/wp\/v2\/product_cat?post=722346"},{"taxonomy":"product_tag","embeddable":true,"href":"https:\/\/roveyayinevi.com.tr\/index.php\/wp-json\/wp\/v2\/product_tag?post=722346"}],"curies":[{"name":"wp","href":"https:\/\/api.w.org\/{rel}","templated":true}]}}