{"id":722345,"date":"2025-08-27T19:03:06","date_gmt":"2025-08-27T16:03:06","guid":{"rendered":"https:\/\/roveyayinevi.com.tr\/index.php\/urun\/pir-sultan-abdal-sozlugu\/"},"modified":"2026-04-16T02:30:28","modified_gmt":"2026-04-15T23:30:28","slug":"pir-sultan-abdal-sozlugu","status":"publish","type":"product","link":"https:\/\/roveyayinevi.com.tr\/index.php\/urun\/pir-sultan-abdal-sozlugu\/","title":{"rendered":"Pir Sultan Abdal S\u00f6zl\u00fc\u011f\u00fc"},"content":{"rendered":"<p>Bug\u00fcne kadar haklar\u0131nda y\u00fczlerce kitap yaz\u0131lan ve inan\u00e7lar\u0131, de\u011ferleri ve kodlar\u0131yla herg\u00fcn bilin\u00e7li bir \u015fekilde oynanmaya \u00e7al\u0131\u015f\u0131lan Alevilerin \u201ckendilerini bilmek\u201d gibi temel bir haklar\u0131 yok say\u0131lmaktad\u0131r. \u00d6nyarg\u0131l\u0131 ve\/veya politik olarak angaje olmu\u015f \u00e7o\u011fu ara\u015ft\u0131rmac\u0131n\u0131n kitaplar\u0131 ve s\u00f6ylemleriyle Alevili\u011fin h\u0131zla eritilmeye, d\u00f6n\u00fc\u015ft\u00fcr\u00fclmeye \u00e7al\u0131\u015f\u0131ld\u0131\u011f\u0131n\u0131n \u00f6rneklerini g\u00f6rmek fazlas\u0131yla m\u00fcmk\u00fcn.Aleviler kendilerini ifade edecek hemen hemen b\u00fct\u00fcn mekanizmalardan yoksun bir \u015fekilde inan\u00e7lar\u0131n\u0131 ya\u015fatma kavgas\u0131 vermektedirler. \u0130badet etme olanaklar\u0131, yaz\u0131l\u0131 tarihleri, toplulu\u011fun haf\u0131zas\u0131na ait eserleri tahrip edilmi\u015f olan Alevilerin ellerinde bug\u00fcn yaln\u0131zca s\u00f6zl\u00fc k\u00fclt\u00fcrleri kalm\u0131\u015ft\u0131r. Bu k\u00fclt\u00fcr ise yine asimilasyonist politikalar\u0131n derin bir sald\u0131r\u0131s\u0131 alt\u0131ndad\u0131r. Halk bilimiyle uzun y\u0131llard\u0131r u\u011fra\u015fan Leyla Akg\u00fcl\u2019\u00fcn bu eseri Alevi toplumunun elinde kalan son de\u011fere \u00f6nemli bir katk\u0131d\u0131r. S\u00f6zl\u00fc k\u00fclt\u00fcr\u00fcn b\u00fcy\u00fck ulu ozan\u0131 Pir Sultan Abdal bug\u00fcn daha fazla ve yeniden anla\u015f\u0131lmak zorundad\u0131r. Alevi toplulu\u011funun hakim hegemonya taraf\u0131ndan i\u00e7erisine \u201cs\u0131z\u0131lamayan\u201d ender de\u011ferlerinden olan bu ozan\u0131n anla\u015f\u0131lmas\u0131na bir katk\u0131 olan bu eser bir ba\u015fvuru kayna\u011f\u0131 olarak haketti\u011fi yeri alacakt\u0131r.<\/p>\n","protected":false},"excerpt":{"rendered":"<p>Bug\u00fcne kadar haklar\u0131nda y\u00fczlerce kitap yaz\u0131lan ve inan\u00e7lar\u0131, de\u011ferleri ve kodlar\u0131yla herg\u00fcn bilin\u00e7li bir \u015fekilde oynanmaya \u00e7al\u0131\u015f\u0131lan Alevilerin \u201ckendilerini bilmek\u201d gibi temel bir haklar\u0131 yok say\u0131lmaktad\u0131r.<span class=\"excerpt-hellip\"> [\u2026]<\/span><\/p>\n","protected":false},"featured_media":0,"template":"","meta":{"_monsterinsights_skip_tracking":false,"_monsterinsights_sitenote_active":false,"_monsterinsights_sitenote_note":"","_monsterinsights_sitenote_category":0},"product_brand":[],"product_cat":[13575,12718,12719],"product_tag":[],"class_list":{"0":"post-722345","1":"product","2":"type-product","3":"status-publish","5":"product_cat-alevilik-bektasilik","6":"product_cat-din","7":"product_cat-islam","8":"pa_cilt-ciltsiz","9":"pa_tur-kitap","10":"pa_yayinevi-la-kitap-yayinlari","11":"pa_yazar-leyla-akgul","13":"first","14":"instock","15":"sale","16":"shipping-taxable","17":"purchasable","18":"product-type-simple"},"_links":{"self":[{"href":"https:\/\/roveyayinevi.com.tr\/index.php\/wp-json\/wp\/v2\/product\/722345","targetHints":{"allow":["GET"]}}],"collection":[{"href":"https:\/\/roveyayinevi.com.tr\/index.php\/wp-json\/wp\/v2\/product"}],"about":[{"href":"https:\/\/roveyayinevi.com.tr\/index.php\/wp-json\/wp\/v2\/types\/product"}],"wp:attachment":[{"href":"https:\/\/roveyayinevi.com.tr\/index.php\/wp-json\/wp\/v2\/media?parent=722345"}],"wp:term":[{"taxonomy":"product_brand","embeddable":true,"href":"https:\/\/roveyayinevi.com.tr\/index.php\/wp-json\/wp\/v2\/product_brand?post=722345"},{"taxonomy":"product_cat","embeddable":true,"href":"https:\/\/roveyayinevi.com.tr\/index.php\/wp-json\/wp\/v2\/product_cat?post=722345"},{"taxonomy":"product_tag","embeddable":true,"href":"https:\/\/roveyayinevi.com.tr\/index.php\/wp-json\/wp\/v2\/product_tag?post=722345"}],"curies":[{"name":"wp","href":"https:\/\/api.w.org\/{rel}","templated":true}]}}