{"id":722344,"date":"2025-08-27T19:03:05","date_gmt":"2025-08-27T16:03:05","guid":{"rendered":"https:\/\/roveyayinevi.com.tr\/index.php\/urun\/aska-dusen-pervaneler\/"},"modified":"2026-04-16T02:30:28","modified_gmt":"2026-04-15T23:30:28","slug":"aska-dusen-pervaneler","status":"publish","type":"product","link":"https:\/\/roveyayinevi.com.tr\/index.php\/urun\/aska-dusen-pervaneler\/","title":{"rendered":"A\u015fka D\u00fc\u015fen Pervaneler"},"content":{"rendered":"<p>\u0130nsan kal\u0131b\u0131nda olan herkes bu yola girebilir elbette. Ama Aleviler bin y\u0131ld\u0131r, hatta binlerce y\u0131ld\u0131r s\u00fcrmekte, akmakta olan, ba\u015flang\u0131\u00e7tan bu yana faaliyette olan kadim Yol\u2019dalar, \u00e7a\u011flay\u0131p co\u015fan, akan bir \u0131rmak, elbette bu Yol Alevilerin kendi Yol\u2019u. Alevi olmayanlar da ayn\u0131 Yol\u2019u kenardan takip edebilirler, Alevili\u011fe girmeleri gerekli de\u011fil.Otobana girmeden de otobana paralel gidilebilir. Ama Alevilikle \u00e7at\u0131\u015farak kimse bu Yol\u2019u gidemez. \u00c7\u00fcnk\u00fc Alevilik t\u00fcm hayvanlarla, hayvanlar\u0131n s\u00fct\u00fcyle, sesiyle, bitkilerin \u00f6z\u00fcyle, topraktaki, sudaki minerallerle, di\u011fer a\u015fk\u0131n yolcular\u0131 kadem k\u00fclt\u00fcrleriyle binlerce y\u0131ld\u0131r bu Yol\u2019u birlikte akm\u0131\u015flar, n\u00f6betini tutmu\u015flar, hizmet etmi\u015fler, \u00e7\u0131tay\u0131 hep en y\u00fcksekte tutmaya \u00e7al\u0131\u015fm\u0131\u015flar ve halen direniyorlar. Var olan Yol\u2019un bek\u00e7ileri Aleviler.<\/p>\n","protected":false},"excerpt":{"rendered":"<p>\u0130nsan kal\u0131b\u0131nda olan herkes bu yola girebilir elbette. Ama Aleviler bin y\u0131ld\u0131r, hatta binlerce y\u0131ld\u0131r s\u00fcrmekte, akmakta olan, ba\u015flang\u0131\u00e7tan bu yana faaliyette olan kadim Yol\u2019dalar, \u00e7a\u011flay\u0131p<span class=\"excerpt-hellip\"> [\u2026]<\/span><\/p>\n","protected":false},"featured_media":0,"template":"","meta":{"_monsterinsights_skip_tracking":false,"_monsterinsights_sitenote_active":false,"_monsterinsights_sitenote_note":"","_monsterinsights_sitenote_category":0},"product_brand":[],"product_cat":[13575,12718,12719],"product_tag":[],"class_list":{"0":"post-722344","1":"product","2":"type-product","3":"status-publish","5":"product_cat-alevilik-bektasilik","6":"product_cat-din","7":"product_cat-islam","8":"pa_cilt-ciltsiz","9":"pa_tur-kitap","10":"pa_yayinevi-la-kitap-yayinlari","11":"pa_yazar-haydar-ersoz","13":"first","14":"instock","15":"sale","16":"shipping-taxable","17":"purchasable","18":"product-type-simple"},"_links":{"self":[{"href":"https:\/\/roveyayinevi.com.tr\/index.php\/wp-json\/wp\/v2\/product\/722344","targetHints":{"allow":["GET"]}}],"collection":[{"href":"https:\/\/roveyayinevi.com.tr\/index.php\/wp-json\/wp\/v2\/product"}],"about":[{"href":"https:\/\/roveyayinevi.com.tr\/index.php\/wp-json\/wp\/v2\/types\/product"}],"wp:attachment":[{"href":"https:\/\/roveyayinevi.com.tr\/index.php\/wp-json\/wp\/v2\/media?parent=722344"}],"wp:term":[{"taxonomy":"product_brand","embeddable":true,"href":"https:\/\/roveyayinevi.com.tr\/index.php\/wp-json\/wp\/v2\/product_brand?post=722344"},{"taxonomy":"product_cat","embeddable":true,"href":"https:\/\/roveyayinevi.com.tr\/index.php\/wp-json\/wp\/v2\/product_cat?post=722344"},{"taxonomy":"product_tag","embeddable":true,"href":"https:\/\/roveyayinevi.com.tr\/index.php\/wp-json\/wp\/v2\/product_tag?post=722344"}],"curies":[{"name":"wp","href":"https:\/\/api.w.org\/{rel}","templated":true}]}}