{"id":722340,"date":"2025-08-27T19:03:02","date_gmt":"2025-08-27T16:03:02","guid":{"rendered":"https:\/\/roveyayinevi.com.tr\/index.php\/urun\/girit-bektasileri\/"},"modified":"2026-04-16T02:30:28","modified_gmt":"2026-04-15T23:30:28","slug":"girit-bektasileri","status":"publish","type":"product","link":"https:\/\/roveyayinevi.com.tr\/index.php\/urun\/girit-bektasileri\/","title":{"rendered":"Girit Bekta\u015fileri"},"content":{"rendered":"<p>13. y\u00fczy\u0131lda Anadolu\u2019da Hac\u0131 Bekta\u015f Veli ile ortaya \u00e7\u0131kan Bekta\u015filik, zamanla Osmanl\u0131 co\u011frafyas\u0131nda h\u0131zla yay\u0131lm\u0131\u015f ve \u00fc\u00e7 k\u0131tada tekkelere sahip olmu\u015ftur. 17. y\u00fczy\u0131l\u0131n ortalar\u0131nda Girit\u2019in fethine i\u015ftirak eden Bekta\u015fi dervi\u015fleri hem adan\u0131n fethine hem de burada \u0130slamiyet\u2019in yay\u0131lmas\u0131na \u00f6nc\u00fcl\u00fck etmi\u015flerdir.Bekta\u015filik merkez olarak kendine Kandiye\u2019yi se\u00e7mi\u015f ve \u015fehrin en yayg\u0131n tarikat\u0131 haline gelmi\u015ftir. Adada ilk Bekta\u015fi tekkesi Horasaniz\u00e2de Dervi\u015f Ali Dede taraf\u0131ndan tesis edilmi\u015ftir. Kandiye\u2019nin d\u0131\u015f\u0131nda Hanya ve Resmo sancaklar\u0131nda Ma\u011faral\u0131k\u00f6y, Hac\u0131 Hasan Baba ve \u0130brahim Baba isimlerinde birbiri ard\u0131na Bekta\u015fi tekkeleri a\u00e7\u0131lm\u0131\u015ft\u0131r. B\u00f6ylece adadaki M\u00fcsl\u00fcman n\u00fcfus i\u00e7erisinde Bekta\u015filer %12\u2019den fazlas\u0131n\u0131 te\u015fkil etmi\u015flerdir. Ancak 19. y\u00fczy\u0131lda adada meydana gelen sava\u015f ve isyan hadiseleri M\u00fcsl\u00fcman n\u00fcfusla birlikte Bekta\u015filerin de Anadolu\u2019ya g\u00f6\u00e7\u00fcne neden olmu\u015ftur. Nitekim 1924 y\u0131l\u0131nda ya\u015fanan m\u00fcbadele hadisesi ile adada Bekta\u015filik sona ermi\u015ftir.Girit Bekta\u015fileri adl\u0131 bu \u00e7al\u0131\u015fmada Osmanl\u0131 tarihi boyunca Girit adas\u0131nda faaliyet g\u00f6steren Bekta\u015fi tekkeleri ile Bekta\u015fi dervi\u015flerinin ya\u015famlar\u0131 ba\u015fta ar\u015fiv belgeleri olmak \u00fczere kaynaklar \u0131\u015f\u0131\u011f\u0131nda ele al\u0131nmaktad\u0131r. Ayr\u0131ca g\u00f6\u00e7 ve m\u00fcbadele gibi felaketler ya\u015fam\u0131\u015f olan Girit M\u00fcsl\u00fcman cemaatinin \u00f6nemli bir b\u00f6l\u00fcm\u00fcn\u00fc olu\u015fturan Girit Bekta\u015fileri\u2019nin geride neler b\u0131rakt\u0131klar\u0131 ve anayurda gelerek ya\u015famlar\u0131n\u0131 nas\u0131l s\u00fcrd\u00fcrd\u00fckleri ortaya konulmaktad\u0131r.<\/p>\n","protected":false},"excerpt":{"rendered":"<p>13. y\u00fczy\u0131lda Anadolu\u2019da Hac\u0131 Bekta\u015f Veli ile ortaya \u00e7\u0131kan Bekta\u015filik, zamanla Osmanl\u0131 co\u011frafyas\u0131nda h\u0131zla yay\u0131lm\u0131\u015f ve \u00fc\u00e7 k\u0131tada tekkelere sahip olmu\u015ftur. 17. y\u00fczy\u0131l\u0131n ortalar\u0131nda Girit\u2019in fethine<span class=\"excerpt-hellip\"> [\u2026]<\/span><\/p>\n","protected":false},"featured_media":0,"template":"","meta":{"_monsterinsights_skip_tracking":false,"_monsterinsights_sitenote_active":false,"_monsterinsights_sitenote_note":"","_monsterinsights_sitenote_category":0},"product_brand":[],"product_cat":[13575,12718,12719],"product_tag":[],"class_list":{"0":"post-722340","1":"product","2":"type-product","3":"status-publish","5":"product_cat-alevilik-bektasilik","6":"product_cat-din","7":"product_cat-islam","8":"pa_cilt-ciltsiz","9":"pa_tur-kitap","10":"pa_yayinevi-la-kitap-yayinlari","11":"pa_yazar-fahri-maden","13":"first","14":"instock","15":"sale","16":"shipping-taxable","17":"purchasable","18":"product-type-simple"},"_links":{"self":[{"href":"https:\/\/roveyayinevi.com.tr\/index.php\/wp-json\/wp\/v2\/product\/722340","targetHints":{"allow":["GET"]}}],"collection":[{"href":"https:\/\/roveyayinevi.com.tr\/index.php\/wp-json\/wp\/v2\/product"}],"about":[{"href":"https:\/\/roveyayinevi.com.tr\/index.php\/wp-json\/wp\/v2\/types\/product"}],"wp:attachment":[{"href":"https:\/\/roveyayinevi.com.tr\/index.php\/wp-json\/wp\/v2\/media?parent=722340"}],"wp:term":[{"taxonomy":"product_brand","embeddable":true,"href":"https:\/\/roveyayinevi.com.tr\/index.php\/wp-json\/wp\/v2\/product_brand?post=722340"},{"taxonomy":"product_cat","embeddable":true,"href":"https:\/\/roveyayinevi.com.tr\/index.php\/wp-json\/wp\/v2\/product_cat?post=722340"},{"taxonomy":"product_tag","embeddable":true,"href":"https:\/\/roveyayinevi.com.tr\/index.php\/wp-json\/wp\/v2\/product_tag?post=722340"}],"curies":[{"name":"wp","href":"https:\/\/api.w.org\/{rel}","templated":true}]}}