{"id":722339,"date":"2025-08-27T19:03:02","date_gmt":"2025-08-27T16:03:02","guid":{"rendered":"https:\/\/roveyayinevi.com.tr\/index.php\/urun\/tanrinin-son-sozleri\/"},"modified":"2026-04-16T02:30:28","modified_gmt":"2026-04-15T23:30:28","slug":"tanrinin-son-sozleri","status":"publish","type":"product","link":"https:\/\/roveyayinevi.com.tr\/index.php\/urun\/tanrinin-son-sozleri\/","title":{"rendered":"Tanr\u0131\u2019n\u0131n Son S\u00f6zleri"},"content":{"rendered":"<p>E\u011fer yery\u00fcz\u00fcnde e\u015fi bulunmaz bir &#8220;en&#8221; oldu\u011funuzu, yani &#8220;en&#8221; g\u00fczel, her \u015feyi &#8220;en&#8221; iyi bilen, &#8220;en&#8221; do\u011fru, &#8220;en&#8221; yard\u0131msever, &#8220;en&#8221; iyi y\u00fcrekli, &#8220;en&#8221; inan\u00e7l\u0131 ya da &#8220;en&#8221; inan\u00e7s\u0131z oldu\u011funuzu d\u00fc\u015f\u00fcn\u00fcyorsan\u0131z Tanr\u0131\u2019n\u0131n Son S\u00f6zleri\u2019ni okumak size yeni bir &#8220;en&#8221; katmayacakt\u0131r. Onu hemen &#8220;en&#8221; yak\u0131n\u0131n\u0131zda duran &#8220;en&#8221; sevmedi\u011finiz birine arma\u011fan edebilirsiniz. \u201cTanr\u0131, insan\u0131 kendi suretimizde, kendimize benzer yaratal\u0131m dedi. Denizdeki bal\u0131klara, g\u00f6kteki ku\u015flara, evcil hayvanlara, s\u00fcr\u00fcngenlere, yery\u00fcz\u00fcn\u00fcn t\u00fcm\u00fcne egemen olsun.\u201d \u201cTanr\u0131 bildiklerini de\u011fil, bilmediklerini yaratt\u0131\u011f\u0131 i\u00e7in d\u00fcnya h\u00e2l\u00e2 kendine gelemedi.<\/p>\n","protected":false},"excerpt":{"rendered":"<p>E\u011fer yery\u00fcz\u00fcnde e\u015fi bulunmaz bir &#8220;en&#8221; oldu\u011funuzu, yani &#8220;en&#8221; g\u00fczel, her \u015feyi &#8220;en&#8221; iyi bilen, &#8220;en&#8221; do\u011fru, &#8220;en&#8221; yard\u0131msever, &#8220;en&#8221; iyi y\u00fcrekli, &#8220;en&#8221; inan\u00e7l\u0131 ya da<span class=\"excerpt-hellip\"> [\u2026]<\/span><\/p>\n","protected":false},"featured_media":0,"template":"","meta":{"_monsterinsights_skip_tracking":false,"_monsterinsights_sitenote_active":false,"_monsterinsights_sitenote_note":"","_monsterinsights_sitenote_category":0},"product_brand":[],"product_cat":[12718,12719,12720],"product_tag":[],"class_list":{"0":"post-722339","1":"product","2":"type-product","3":"status-publish","5":"product_cat-din","6":"product_cat-islam","7":"product_cat-tasavvuf-mezhepler-tarikatlar","8":"pa_cilt-ciltsiz","9":"pa_tur-kitap","10":"pa_yayinevi-la-kitap-yayinlari","11":"pa_yazar-a-kadir-konuksever","13":"first","14":"instock","15":"sale","16":"shipping-taxable","17":"purchasable","18":"product-type-simple"},"_links":{"self":[{"href":"https:\/\/roveyayinevi.com.tr\/index.php\/wp-json\/wp\/v2\/product\/722339","targetHints":{"allow":["GET"]}}],"collection":[{"href":"https:\/\/roveyayinevi.com.tr\/index.php\/wp-json\/wp\/v2\/product"}],"about":[{"href":"https:\/\/roveyayinevi.com.tr\/index.php\/wp-json\/wp\/v2\/types\/product"}],"wp:attachment":[{"href":"https:\/\/roveyayinevi.com.tr\/index.php\/wp-json\/wp\/v2\/media?parent=722339"}],"wp:term":[{"taxonomy":"product_brand","embeddable":true,"href":"https:\/\/roveyayinevi.com.tr\/index.php\/wp-json\/wp\/v2\/product_brand?post=722339"},{"taxonomy":"product_cat","embeddable":true,"href":"https:\/\/roveyayinevi.com.tr\/index.php\/wp-json\/wp\/v2\/product_cat?post=722339"},{"taxonomy":"product_tag","embeddable":true,"href":"https:\/\/roveyayinevi.com.tr\/index.php\/wp-json\/wp\/v2\/product_tag?post=722339"}],"curies":[{"name":"wp","href":"https:\/\/api.w.org\/{rel}","templated":true}]}}