{"id":722338,"date":"2025-08-27T19:03:01","date_gmt":"2025-08-27T16:03:01","guid":{"rendered":"https:\/\/roveyayinevi.com.tr\/index.php\/urun\/donemec-2\/"},"modified":"2026-04-11T13:48:43","modified_gmt":"2026-04-11T10:48:43","slug":"donemec-2","status":"publish","type":"product","link":"https:\/\/roveyayinevi.com.tr\/index.php\/urun\/donemec-2\/","title":{"rendered":"D\u00f6neme\u00e7"},"content":{"rendered":"<p>Ba\u011fr\u0131ndan koptu\u011fu topra\u011fa ya\u015fam verir Ye\u015fil\u0131rmak; zaman yolculu\u011funda \u00f6l\u00fcm\u00fc tadacak olsalar da d\u00f6ng\u00fcsel ya\u015fam filizlerinin iksirini ta\u015f\u0131r yemye\u015fil sular\u0131nda, ye\u015fil akar ye\u015file bakar. Co\u015fkuludur kiraz \u00e7i\u00e7e\u011fi, umuda a\u00e7ar, umudu ta\u015f\u0131r ta\u00e7 yapraklar\u0131 aras\u0131nda&#8230; Ve zamana yenik d\u00fc\u015f\u00fcp ihti\u015famla d\u00f6k\u00fcl\u00fcr kendi topra\u011f\u0131na. Yaln\u0131z a\u015fklar \u00f6l\u00fcms\u00fczd\u00fcr bu co\u011frafyada. Nazmiye ile Hasan, \u015eirin ile Ferhat gibi&#8230;Hazin bir a\u015fk hikayesinin ge\u00e7ti\u011fi Ye\u015fil\u0131rmak vadisinde, tamam\u0131 kad\u0131n olan \u201cTohum \u00dcretme \u00c7iftli\u011fi\u201d i\u015f\u00e7ilerinin ba\u015flatt\u0131\u011f\u0131 grevle, 80 darbesi \u00f6ncesinde ya\u015fananlar\u0131n anlat\u0131ld\u0131\u011f\u0131 bu kitap bir Amasya roman\u0131d\u0131r.<\/p>\n","protected":false},"excerpt":{"rendered":"<p>Ba\u011fr\u0131ndan koptu\u011fu topra\u011fa ya\u015fam verir Ye\u015fil\u0131rmak; zaman yolculu\u011funda \u00f6l\u00fcm\u00fc tadacak olsalar da d\u00f6ng\u00fcsel ya\u015fam filizlerinin iksirini ta\u015f\u0131r yemye\u015fil sular\u0131nda, ye\u015fil akar ye\u015file bakar. Co\u015fkuludur kiraz \u00e7i\u00e7e\u011fi,<span class=\"excerpt-hellip\"> [\u2026]<\/span><\/p>\n","protected":false},"featured_media":0,"template":"","meta":{"_monsterinsights_skip_tracking":false,"_monsterinsights_sitenote_active":false,"_monsterinsights_sitenote_note":"","_monsterinsights_sitenote_category":0},"product_brand":[],"product_cat":[12291,12711],"product_tag":[],"class_list":{"0":"post-722338","1":"product","2":"type-product","3":"status-publish","5":"product_cat-edebiyat","6":"product_cat-roman-oyku","7":"pa_cilt-ciltsiz","8":"pa_tur-kitap","9":"pa_yayinevi-la-kitap-yayinlari","10":"pa_yazar-ahmet-tahsin","12":"first","13":"instock","14":"sale","15":"shipping-taxable","16":"purchasable","17":"product-type-simple"},"_links":{"self":[{"href":"https:\/\/roveyayinevi.com.tr\/index.php\/wp-json\/wp\/v2\/product\/722338","targetHints":{"allow":["GET"]}}],"collection":[{"href":"https:\/\/roveyayinevi.com.tr\/index.php\/wp-json\/wp\/v2\/product"}],"about":[{"href":"https:\/\/roveyayinevi.com.tr\/index.php\/wp-json\/wp\/v2\/types\/product"}],"wp:attachment":[{"href":"https:\/\/roveyayinevi.com.tr\/index.php\/wp-json\/wp\/v2\/media?parent=722338"}],"wp:term":[{"taxonomy":"product_brand","embeddable":true,"href":"https:\/\/roveyayinevi.com.tr\/index.php\/wp-json\/wp\/v2\/product_brand?post=722338"},{"taxonomy":"product_cat","embeddable":true,"href":"https:\/\/roveyayinevi.com.tr\/index.php\/wp-json\/wp\/v2\/product_cat?post=722338"},{"taxonomy":"product_tag","embeddable":true,"href":"https:\/\/roveyayinevi.com.tr\/index.php\/wp-json\/wp\/v2\/product_tag?post=722338"}],"curies":[{"name":"wp","href":"https:\/\/api.w.org\/{rel}","templated":true}]}}