{"id":722337,"date":"2025-08-27T19:03:00","date_gmt":"2025-08-27T16:03:00","guid":{"rendered":"https:\/\/roveyayinevi.com.tr\/index.php\/urun\/konargocer-toplumlar-ve-osmanlinin-kurulusu\/"},"modified":"2026-04-16T02:30:28","modified_gmt":"2026-04-15T23:30:28","slug":"konargocer-toplumlar-ve-osmanlinin-kurulusu","status":"publish","type":"product","link":"https:\/\/roveyayinevi.com.tr\/index.php\/urun\/konargocer-toplumlar-ve-osmanlinin-kurulusu\/","title":{"rendered":"Konarg\u00f6\u00e7er Toplumlar ve Osmanl\u0131n\u0131n Kurulu\u015fu"},"content":{"rendered":"<p>Her canl\u0131 varl\u0131k kendi do\u011fas\u0131nda ya\u015far. Konarg\u00f6\u00e7er toplumlarda bu olgu \u201cot k\u00f6k\u00fcn \u00fcst\u00fcnde biter\u201d bi\u00e7iminde tan\u0131mlan\u0131r. Toplumsal varl\u0131klarda kendi do\u011fas\u0131nda, kendi ko\u015fullar\u0131nda vard\u0131r. Konarg\u00f6\u00e7er ve yerle\u015fik topluluklarda elbet kendini \u00e7evreleyen, var eden ko\u015fullar i\u00e7inde ya\u015fam\u0131n\u0131 s\u00fcrd\u00fcr\u00fcr. Varl\u0131k ko\u015fullar\u0131, \u00e7evreleyen unsurlar de\u011fi\u015fti\u011fi an ba\u015fkala\u015f\u0131m ya da d\u00f6n\u00fc\u015f\u00fcm ka\u00e7\u0131n\u0131lmazd\u0131r. Bir sorunsal olarak kar\u015f\u0131m\u0131za \u00e7\u0131kan konarg\u00f6\u00e7er olgusu bu kadar \u00f6nemli midir? Konarg\u00f6\u00e7er \u2013 yerle\u015fik ili\u015fkisi ve \u00e7eli\u015fkisinin boyutlar\u0131 nedir? Nerde, ne zaman ve nas\u0131l ba\u015flar? \u00c7eli\u015fkide bask\u0131n unsur nas\u0131l ve ne \u015fekilde \u00f6ne \u00e7\u0131kar? Osmanl\u0131n\u0131n kurulu\u015f s\u00fcrecinde konarg\u00f6\u00e7er topluluklar\u0131n ne t\u00fcrden bir etkisi olmu\u015ftur? Anadolu co\u011frafyas\u0131nda d\u00f6n\u00fc\u015f\u00fcme etki eden unsurlar nedir? D\u00f6n\u00fc\u015f\u00fcm nas\u0131l bir s\u00fcrece yay\u0131lm\u0131\u015ft\u0131r? Tarihte ve g\u00fcn\u00fcm\u00fczde bu \u00e7eli\u015fkinin yaratt\u0131\u011f\u0131 gerilim ne t\u00fcr bir toplumsal sonu\u00e7 ortaya \u00e7\u0131karm\u0131\u015ft\u0131r? En \u00f6nemlisi de\u011fi\u015fim ve d\u00f6n\u00fc\u015f\u00fcm\u00fcn bug\u00fcne yans\u0131yan boyutlar\u0131 nelerdir? Bu ve benzeri sorular\u0131 \u00e7o\u011faltmak olanakl\u0131. Dikkatlice bak\u0131ld\u0131\u011f\u0131nda yan\u0131t\u0131 yeterince verilmemi\u015f bir\u00e7ok sorunun kar\u015f\u0131m\u0131za \u00e7\u0131kt\u0131\u011f\u0131 g\u00f6r\u00fcl\u00fcr. \u0130nsanl\u0131\u011f\u0131n evrimi ve geli\u015fiminde konarg\u00f6\u00e7erlik olay\u0131 temel bir ger\u00e7ekliktir ve bu ger\u00e7eklik, ne \u00f6v\u00fcnmeye ne de yerinmeye konu edilecek bir olgu de\u011fildir. Bu, her toplumda do\u011fal bir evredir. Bu \u00e7al\u0131\u015fma bu ger\u00e7ekli\u011fin \u00f6yk\u00fcs\u00fcd\u00fcr. Gidenin ve gelenin \u00f6yk\u00fcs\u00fc&#8230; Derinden ya\u015fanan h\u00fcz\u00fcnl\u00fc bir yolculuktur bu asl\u0131nda. Belki de hen\u00fcz bitmemi\u015f bir yolculuk ve konarg\u00f6\u00e7erler a\u00e7\u0131s\u0131ndan yeterince yaz\u0131lmam\u0131\u015f bir tarih&#8230; Bu noktada \u015fu ger\u00e7e\u011fi bilmek \u00f6nem ta\u015f\u0131yor: Aslanlar\u0131n kendi tarih\u00e7ileri ortaya \u00e7\u0131k\u0131ncaya ve kendi tarihlerini yaz\u0131ncaya kadar tarihler hep avc\u0131lar\u0131 yazacak, avc\u0131lara \u00f6vg\u00fcler dizecektir. Tarih bu yaz\u0131lanlara g\u00f6re bi\u00e7imlenecektir. Neden derseniz, ku\u015f kanad\u0131yla u\u00e7ar, insan bildi\u011fince y\u00fcr\u00fcr, ald\u0131\u011f\u0131nca s\u00f6yler, g\u00f6rd\u00fc\u011f\u00fcnce yol al\u0131r.<\/p>\n","protected":false},"excerpt":{"rendered":"<p>Her canl\u0131 varl\u0131k kendi do\u011fas\u0131nda ya\u015far. Konarg\u00f6\u00e7er toplumlarda bu olgu \u201cot k\u00f6k\u00fcn \u00fcst\u00fcnde biter\u201d bi\u00e7iminde tan\u0131mlan\u0131r. Toplumsal varl\u0131klarda kendi do\u011fas\u0131nda, kendi ko\u015fullar\u0131nda vard\u0131r. Konarg\u00f6\u00e7er ve yerle\u015fik<span class=\"excerpt-hellip\"> [\u2026]<\/span><\/p>\n","protected":false},"featured_media":0,"template":"","meta":{"_monsterinsights_skip_tracking":false,"_monsterinsights_sitenote_active":false,"_monsterinsights_sitenote_note":"","_monsterinsights_sitenote_category":0},"product_brand":[],"product_cat":[12370,12304],"product_tag":[],"class_list":{"0":"post-722337","1":"product","2":"type-product","3":"status-publish","5":"product_cat-arastirma-inceleme","6":"product_cat-tarih","7":"pa_cilt-ciltsiz","8":"pa_tur-kitap","9":"pa_yayinevi-la-kitap-yayinlari","10":"pa_yazar-ali-haydar-avci","12":"first","13":"instock","14":"sale","15":"shipping-taxable","16":"purchasable","17":"product-type-simple"},"_links":{"self":[{"href":"https:\/\/roveyayinevi.com.tr\/index.php\/wp-json\/wp\/v2\/product\/722337","targetHints":{"allow":["GET"]}}],"collection":[{"href":"https:\/\/roveyayinevi.com.tr\/index.php\/wp-json\/wp\/v2\/product"}],"about":[{"href":"https:\/\/roveyayinevi.com.tr\/index.php\/wp-json\/wp\/v2\/types\/product"}],"wp:attachment":[{"href":"https:\/\/roveyayinevi.com.tr\/index.php\/wp-json\/wp\/v2\/media?parent=722337"}],"wp:term":[{"taxonomy":"product_brand","embeddable":true,"href":"https:\/\/roveyayinevi.com.tr\/index.php\/wp-json\/wp\/v2\/product_brand?post=722337"},{"taxonomy":"product_cat","embeddable":true,"href":"https:\/\/roveyayinevi.com.tr\/index.php\/wp-json\/wp\/v2\/product_cat?post=722337"},{"taxonomy":"product_tag","embeddable":true,"href":"https:\/\/roveyayinevi.com.tr\/index.php\/wp-json\/wp\/v2\/product_tag?post=722337"}],"curies":[{"name":"wp","href":"https:\/\/api.w.org\/{rel}","templated":true}]}}