{"id":722334,"date":"2025-08-27T19:02:58","date_gmt":"2025-08-27T16:02:58","guid":{"rendered":"https:\/\/roveyayinevi.com.tr\/index.php\/urun\/gunesin-katli\/"},"modified":"2026-04-16T02:30:28","modified_gmt":"2026-04-15T23:30:28","slug":"gunesin-katli","status":"publish","type":"product","link":"https:\/\/roveyayinevi.com.tr\/index.php\/urun\/gunesin-katli\/","title":{"rendered":"G\u00fcne\u015f\u2019in Katli"},"content":{"rendered":"<p>Kente yeni gelmi\u015ftim. Yerini ald\u0131\u011f\u0131m meslekta\u015f\u0131m \u00f6ld\u00fcr\u00fclm\u00fc\u015ft\u00fc. Gazetelerden okudu\u011fum kadar biliyordum: \u201cBir \u00f6\u011fretmen s\u0131n\u0131fta kalan \u00f6\u011frencisi taraf\u0131ndan not y\u00fcz\u00fcnden \u00f6ld\u00fcr\u00fcld\u00fc.\u201d\u00c7ok ki\u015fiden dinledim \u00f6yk\u00fcs\u00fcn\u00fc. Herkes bir ba\u015fka t\u00fcrl\u00fc anlatt\u0131. \u00d6zellikle \u00e7opur y\u00fczl\u00fc felsefe \u00f6\u011fretmeninin: \u201cOnu G\u00fcne\u015f oldu\u011fu i\u00e7in \u00f6ld\u00fcrd\u00fcler.\u201d S\u00f6z\u00fc ile ilk g\u00fcn huzuruna \u00e7\u0131kt\u0131\u011f\u0131m valinin: \u201cSenden \u00f6nceki meslekta\u015f\u0131n her yere burnunu soktu\u011fu, \u00fczerine vazife olmayan i\u015flerle u\u011fra\u015ft\u0131\u011f\u0131 i\u00e7in bel\u00e2s\u0131n\u0131 buldu. Sana da ders kitaplar\u0131n\u0131n d\u0131\u015f\u0131na \u00e7\u0131kmaman\u0131 tavsiye ederim.\u201d deyi\u015fi akl\u0131ma \u00e7ak\u0131ld\u0131 kald\u0131.\u0130lle de bir do\u011fa betimi isteniyorsa \u201cBu ser\u00fcveni yazmaya ba\u015flad\u0131\u011f\u0131m g\u00fcn kara bulutlar da\u011flar\u0131n doruklar\u0131n\u0131 s\u00fcp\u00fcrerek g\u00fcne\u015fin \u00f6n\u00fcn\u00fc kesmi\u015f, kentte yap\u0131\u015fkan ve sinsi bir ya\u011fmur ya\u011f\u0131yordu.\u201d<\/p>\n","protected":false},"excerpt":{"rendered":"<p>Kente yeni gelmi\u015ftim. Yerini ald\u0131\u011f\u0131m meslekta\u015f\u0131m \u00f6ld\u00fcr\u00fclm\u00fc\u015ft\u00fc. Gazetelerden okudu\u011fum kadar biliyordum: \u201cBir \u00f6\u011fretmen s\u0131n\u0131fta kalan \u00f6\u011frencisi taraf\u0131ndan not y\u00fcz\u00fcnden \u00f6ld\u00fcr\u00fcld\u00fc.\u201d\u00c7ok ki\u015fiden dinledim \u00f6yk\u00fcs\u00fcn\u00fc. Herkes bir ba\u015fka<span class=\"excerpt-hellip\"> [\u2026]<\/span><\/p>\n","protected":false},"featured_media":0,"template":"","meta":{"_monsterinsights_skip_tracking":false,"_monsterinsights_sitenote_active":false,"_monsterinsights_sitenote_note":"","_monsterinsights_sitenote_category":0},"product_brand":[],"product_cat":[12291,12711],"product_tag":[],"class_list":{"0":"post-722334","1":"product","2":"type-product","3":"status-publish","5":"product_cat-edebiyat","6":"product_cat-roman-oyku","7":"pa_cilt-ciltsiz","8":"pa_tur-kitap","9":"pa_yayinevi-la-kitap-yayinlari","10":"pa_yazar-memet-turkkan","12":"first","13":"instock","14":"sale","15":"shipping-taxable","16":"purchasable","17":"product-type-simple"},"_links":{"self":[{"href":"https:\/\/roveyayinevi.com.tr\/index.php\/wp-json\/wp\/v2\/product\/722334","targetHints":{"allow":["GET"]}}],"collection":[{"href":"https:\/\/roveyayinevi.com.tr\/index.php\/wp-json\/wp\/v2\/product"}],"about":[{"href":"https:\/\/roveyayinevi.com.tr\/index.php\/wp-json\/wp\/v2\/types\/product"}],"wp:attachment":[{"href":"https:\/\/roveyayinevi.com.tr\/index.php\/wp-json\/wp\/v2\/media?parent=722334"}],"wp:term":[{"taxonomy":"product_brand","embeddable":true,"href":"https:\/\/roveyayinevi.com.tr\/index.php\/wp-json\/wp\/v2\/product_brand?post=722334"},{"taxonomy":"product_cat","embeddable":true,"href":"https:\/\/roveyayinevi.com.tr\/index.php\/wp-json\/wp\/v2\/product_cat?post=722334"},{"taxonomy":"product_tag","embeddable":true,"href":"https:\/\/roveyayinevi.com.tr\/index.php\/wp-json\/wp\/v2\/product_tag?post=722334"}],"curies":[{"name":"wp","href":"https:\/\/api.w.org\/{rel}","templated":true}]}}