{"id":722333,"date":"2025-08-27T19:02:57","date_gmt":"2025-08-27T16:02:57","guid":{"rendered":"https:\/\/roveyayinevi.com.tr\/index.php\/urun\/osmanli-gizli-tarihinde-pir-sultan-abdal-ve-butun-deyisleri\/"},"modified":"2026-04-16T02:30:28","modified_gmt":"2026-04-15T23:30:28","slug":"osmanli-gizli-tarihinde-pir-sultan-abdal-ve-butun-deyisleri","status":"publish","type":"product","link":"https:\/\/roveyayinevi.com.tr\/index.php\/urun\/osmanli-gizli-tarihinde-pir-sultan-abdal-ve-butun-deyisleri\/","title":{"rendered":"Osmanl\u0131 Gizli Tarihinde Pir Sultan Abdal ve B\u00fct\u00fcn Deyi\u015fleri"},"content":{"rendered":"<p>\u201cDe\u011ferli halkbilimi ara\u015ft\u0131rmac\u0131s\u0131 A. Haydar Avc\u0131&#8217;y\u0131 ilkin \u201cK\u00f6ro\u011flu Ayaklanmas\u0131\u201d adl\u0131 \u00e7al\u0131\u015fmas\u0131 ile tan\u0131d\u0131k. Onun ard\u0131ndan daha olgun bir eserle \u00e7\u0131kt\u0131 kar\u015f\u0131m\u0131za: \u201cZeybeklik ve Zeybekler\u201d. \u00d6zellikle bu ikinci kitap, hem ara\u015ft\u0131rma y\u00f6ntemi hem de derledi\u011fi malzeme bak\u0131m\u0131ndan de\u011ferli bir halkbilimci ile kar\u015f\u0131 kar\u015f\u0131ya oldu\u011fumuzu g\u00f6sterdi. \u015eimdi onun Pir Sultan Abdal \u00fczerinde yeni bir \u00e7al\u0131\u015fmas\u0131 ile kar\u015f\u0131 kar\u015f\u0131yay\u0131z. Uzun y\u0131llar \u00f6nce Pir Sultan \u00fczerine \u00e7al\u0131\u015ft\u0131\u011f\u0131m i\u00e7in onun buldu\u011fu yeni belgeleri ilgiyle izledim.Avc\u0131 bu kitab\u0131na b\u00fcy\u00fck emek vererek ilkin say\u0131s\u0131 500\u2019\u00fc a\u015fan Pir Sultan \u015fiirlerinin hepsini dikkatle taram\u0131\u015f. Sonra bunlar\u0131 devrin siyasi ve sosyal ortam\u0131na yerle\u015ftirmi\u015f. Bu b\u00fcy\u00fck emek bize Pir Sultan\u2019\u0131n hayat\u0131, b\u00fcy\u00fck kavgas\u0131 ve as\u0131lmas\u0131 \u00fczerinde yeni ve sa\u011flam bilgiler sunuyor. Avc\u0131 \u00f6zellikle bizim bilmedi\u011fimiz 1560\u2019da Sivas beylerbeyili\u011fine atanan bir H\u0131z\u0131r Pa\u015fa\u2019n\u0131n varl\u0131\u011f\u0131n\u0131 ortaya koyarak Pir Sultan\u2019\u0131n \u00f6l\u00fcm\u00fcn\u00fc benim tahmin etti\u011fimden 30 y\u0131l geriye al\u0131yor. Bunda hakl\u0131. Kitab\u0131n ba\u015fka bir de\u011ferli yan\u0131 Pir Sultan\u2019\u0131 devrin K\u0131z\u0131lba\u015f ayaklanmalar\u0131 i\u00e7ine ba\u015far\u0131 ile yerle\u015ftirmesidir.\u201dProf. Dr. \u0130lhan Ba\u015fg\u00f6z\u201cYazar\u0131n ad\u0131, ad\u0131 g\u00fczel Ali Haydar Avc\u0131. En son eseri neredeyse bin sayfa \u2018Osmanl\u0131 Gizli Tarihinde Pir Sultan Abdal ve B\u00fct\u00fcn Deyi\u015fleri.\u2019 Ali Haydar Avc\u0131 cana sordum, ne kadar zaman\u0131n\u0131 alm\u0131\u015f bu m\u00fcthi\u015f ara\u015ft\u0131rma, bu m\u00fcthi\u015f kitap? Yirmi y\u0131l\u0131 ge\u00e7mi\u015f \u00e7al\u0131\u015fmas\u0131. Ali Haydar Avc\u0131 can\u0131n bu m\u00fcthi\u015f \u00e7al\u0131\u015fmas\u0131n\u0131 biz okurlara ula\u015ft\u0131ranlara ferade ferade selam ederim. Elleri y\u00fcrekleri dert g\u00f6rmesin derim. S\u00f6zl\u00fck, belgeler, resimler, minyat\u00fcrler kitab\u0131 daha da zenginle\u015ftirmi\u015f. Tan\u0131\u015f olman\u0131n mutlulu\u011funu duydu\u011fum sayg\u0131n halkbilimi ara\u015ft\u0131rmac\u0131s\u0131 Ali Haydar Avc\u0131 can\u0131n \u201cK\u00f6ro\u011flu Ayaklanmas\u0131\u201d, \u201cZeybeklik ve Zeybekler\u201d yap\u0131tlar\u0131n\u0131 da \u00f6perek okumaya ba\u015flam\u0131\u015ft\u0131m. Her okuyan\u0131n elinde ve evinde olmas\u0131 gereken bir yap\u0131t daha ondan, Osmanl\u0131 Gizli Tarihinde Pir Sultan Abdal\u2026\u201dFikret OtyamPir Sultan Abdal, halkbilimi \u00e7al\u0131\u015fmalar\u0131nda oldu\u011fu kadar siyasal bilincimizin de \u00f6nemli fig\u00fcrlerinden birini olu\u015fturuyor. Elinizdeki bu \u00e7al\u0131\u015fma, Pir Sultan&#8217;a dair bug\u00fcne kadar yap\u0131lm\u0131\u015f ara\u015ft\u0131rmalar\u0131n en kapsaml\u0131s\u0131. Ama bu \u00e7al\u0131\u015fmay\u0131 \u00f6ncekilerden daha \u00f6nemli k\u0131lan as\u0131l \u00f6zellik, bizi, konuya ili\u015fkin bug\u00fcne kadar yap\u0131lm\u0131\u015f t\u00fcm \u00e7al\u0131\u015fmalar\u0131n d\u00fczeltilmesi gereksinimi ile kar\u015f\u0131 kar\u015f\u0131ya b\u0131rakmas\u0131d\u0131r. \u00c7al\u0131\u015fman\u0131n bir di\u011fer \u00f6nemi ise; halk\u0131n bu b\u00fcy\u00fck ozan\u0131n\u0131n g\u00f6z\u00fcndeki niteli\u011fiyle, Osmanl\u0131n\u0131n bizi tan\u0131\u015ft\u0131r\u0131lmas\u0131d\u0131r.Erdo\u011fan Ayd\u0131n<\/p>\n","protected":false},"excerpt":{"rendered":"<p>\u201cDe\u011ferli halkbilimi ara\u015ft\u0131rmac\u0131s\u0131 A. Haydar Avc\u0131&#8217;y\u0131 ilkin \u201cK\u00f6ro\u011flu Ayaklanmas\u0131\u201d adl\u0131 \u00e7al\u0131\u015fmas\u0131 ile tan\u0131d\u0131k. Onun ard\u0131ndan daha olgun bir eserle \u00e7\u0131kt\u0131 kar\u015f\u0131m\u0131za: \u201cZeybeklik ve Zeybekler\u201d. \u00d6zellikle bu<span class=\"excerpt-hellip\"> [\u2026]<\/span><\/p>\n","protected":false},"featured_media":0,"template":"","meta":{"_monsterinsights_skip_tracking":false,"_monsterinsights_sitenote_active":false,"_monsterinsights_sitenote_note":"","_monsterinsights_sitenote_category":0},"product_brand":[],"product_cat":[13517,12304],"product_tag":[],"class_list":{"0":"post-722333","1":"product","2":"type-product","3":"status-publish","5":"product_cat-osmanli-tarihi","6":"product_cat-tarih","7":"pa_cilt-ciltsiz","8":"pa_tur-kitap","9":"pa_yayinevi-la-kitap-yayinlari","10":"pa_yazar-ali-haydar-avci","12":"first","13":"instock","14":"sale","15":"shipping-taxable","16":"purchasable","17":"product-type-simple"},"_links":{"self":[{"href":"https:\/\/roveyayinevi.com.tr\/index.php\/wp-json\/wp\/v2\/product\/722333","targetHints":{"allow":["GET"]}}],"collection":[{"href":"https:\/\/roveyayinevi.com.tr\/index.php\/wp-json\/wp\/v2\/product"}],"about":[{"href":"https:\/\/roveyayinevi.com.tr\/index.php\/wp-json\/wp\/v2\/types\/product"}],"wp:attachment":[{"href":"https:\/\/roveyayinevi.com.tr\/index.php\/wp-json\/wp\/v2\/media?parent=722333"}],"wp:term":[{"taxonomy":"product_brand","embeddable":true,"href":"https:\/\/roveyayinevi.com.tr\/index.php\/wp-json\/wp\/v2\/product_brand?post=722333"},{"taxonomy":"product_cat","embeddable":true,"href":"https:\/\/roveyayinevi.com.tr\/index.php\/wp-json\/wp\/v2\/product_cat?post=722333"},{"taxonomy":"product_tag","embeddable":true,"href":"https:\/\/roveyayinevi.com.tr\/index.php\/wp-json\/wp\/v2\/product_tag?post=722333"}],"curies":[{"name":"wp","href":"https:\/\/api.w.org\/{rel}","templated":true}]}}