{"id":722331,"date":"2025-08-27T19:02:56","date_gmt":"2025-08-27T16:02:56","guid":{"rendered":"https:\/\/roveyayinevi.com.tr\/index.php\/urun\/19-yuzyilda-alman-sarkiyatcilarin-bektasilik-seruveni\/"},"modified":"2026-04-16T02:30:28","modified_gmt":"2026-04-15T23:30:28","slug":"19-yuzyilda-alman-sarkiyatcilarin-bektasilik-seruveni","status":"publish","type":"product","link":"https:\/\/roveyayinevi.com.tr\/index.php\/urun\/19-yuzyilda-alman-sarkiyatcilarin-bektasilik-seruveni\/","title":{"rendered":"19. Y\u00fczy\u0131lda Alman \u015earkiyat\u00e7\u0131lar\u0131n Bekta\u015filik Ser\u00fcveni"},"content":{"rendered":"<p>Kitap, Hac\u0131 Bekta\u015f Veli ve Bekta\u015fili\u011fin, 19. Y\u00fczy\u0131lda Almanya ar\u015fivlerinde bulunan kaynaklardaki yans\u0131malar\u0131n\u0131 ve Alman \u015farkiyat\u00e7\u0131, ara\u015ft\u0131rmac\u0131 ve yazarlar\u0131n Bekta\u015filer, Tahtac\u0131 ve K\u0131z\u0131lba\u015flar hakk\u0131ndaki g\u00f6r\u00fc\u015flerini irdelemektedir. Dr. Georg Jakob&#8217;un 1908 y\u0131l\u0131nda yay\u0131mlad\u0131\u011f\u0131 &#8220;Bekta\u015f\u00eelik \u00d6\u011fretisi \u00dczerine Denemeler&#8221; adl\u0131 \u00e7al\u0131\u015fmas\u0131 Almanya&#8217;da \u00f6nemli yap\u0131tlar aras\u0131nda say\u0131lmaktad\u0131r. 120 y\u0131l \u00f6nce Dr. Edmund Naumann&#8217;\u0131n Hac\u0131 Bekta\u015f&#8217;a yapm\u0131\u015f oldu\u011fu ziyaret ve bu ziyaret sebebiyle yazd\u0131\u011f\u0131 makalesi Hac\u0131 Bekta\u015f t\u00fcrbesindeki g\u00f6zlemlerini kapsamaktadir. Yine Dr. Felix von Luschan&#8217;\u0131n 1890 y\u0131l\u0131nda yay\u0131mlanan &#8220;Tahtac\u0131lar&#8221; adl\u0131 makalesini i\u00e7eren b\u00f6l\u00fcmde ise 1890&#8217;l\u0131 y\u0131llarda Likya B\u00f6lgesi&#8217;nde ya\u015fayan Tahtac\u0131lar, Bekta\u015f\u00eeler, Yunanl\u0131lar, Ermeniler ve di\u011fer halklarla ilgili bilgiler verilmektedir. Ayr\u0131ca Alman kaynaklar\u0131 tarama metodolojisi ile Alman literat\u00fcr\u00fcnde Bekta\u015f\u00ee temas\u0131 ile ilgili ara\u015ft\u0131rmalarda kitaba konu edilmi\u015ftir. Bat\u0131l\u0131 kaynaklardan al\u0131nm\u0131\u015f grav\u00fcr ve foto\u011fraflar ilgili b\u00f6l\u00fcmlere eklenerek okurun hayal g\u00fcc\u00fc desteklenmek istenmi\u015ftir. Kimi incelemeye, kimiyse do\u011frudan g\u00f6zleme dayanan bu \u00e7al\u0131\u015fman\u0131n bir\u00e7ok \u00f6\u011fretici ve ayd\u0131nlat\u0131c\u0131 belge sunmas\u0131 ac\u0131s\u0131ndan \u00f6nemli bir bo\u015flu\u011fu dolduracak nitelikte oldu\u011funa inan\u0131yoruz.<\/p>\n","protected":false},"excerpt":{"rendered":"<p>Kitap, Hac\u0131 Bekta\u015f Veli ve Bekta\u015fili\u011fin, 19. Y\u00fczy\u0131lda Almanya ar\u015fivlerinde bulunan kaynaklardaki yans\u0131malar\u0131n\u0131 ve Alman \u015farkiyat\u00e7\u0131, ara\u015ft\u0131rmac\u0131 ve yazarlar\u0131n Bekta\u015filer, Tahtac\u0131 ve K\u0131z\u0131lba\u015flar hakk\u0131ndaki g\u00f6r\u00fc\u015flerini irdelemektedir.<span class=\"excerpt-hellip\"> [\u2026]<\/span><\/p>\n","protected":false},"featured_media":0,"template":"","meta":{"_monsterinsights_skip_tracking":false,"_monsterinsights_sitenote_active":false,"_monsterinsights_sitenote_note":"","_monsterinsights_sitenote_category":0},"product_brand":[],"product_cat":[13575,12718,12719],"product_tag":[],"class_list":{"0":"post-722331","1":"product","2":"type-product","3":"status-publish","5":"product_cat-alevilik-bektasilik","6":"product_cat-din","7":"product_cat-islam","8":"pa_cilt-ciltsiz","9":"pa_tur-kitap","10":"pa_yayinevi-la-kitap-yayinlari","11":"pa_yazar-kolektif","13":"first","14":"instock","15":"sale","16":"shipping-taxable","17":"purchasable","18":"product-type-simple"},"_links":{"self":[{"href":"https:\/\/roveyayinevi.com.tr\/index.php\/wp-json\/wp\/v2\/product\/722331","targetHints":{"allow":["GET"]}}],"collection":[{"href":"https:\/\/roveyayinevi.com.tr\/index.php\/wp-json\/wp\/v2\/product"}],"about":[{"href":"https:\/\/roveyayinevi.com.tr\/index.php\/wp-json\/wp\/v2\/types\/product"}],"wp:attachment":[{"href":"https:\/\/roveyayinevi.com.tr\/index.php\/wp-json\/wp\/v2\/media?parent=722331"}],"wp:term":[{"taxonomy":"product_brand","embeddable":true,"href":"https:\/\/roveyayinevi.com.tr\/index.php\/wp-json\/wp\/v2\/product_brand?post=722331"},{"taxonomy":"product_cat","embeddable":true,"href":"https:\/\/roveyayinevi.com.tr\/index.php\/wp-json\/wp\/v2\/product_cat?post=722331"},{"taxonomy":"product_tag","embeddable":true,"href":"https:\/\/roveyayinevi.com.tr\/index.php\/wp-json\/wp\/v2\/product_tag?post=722331"}],"curies":[{"name":"wp","href":"https:\/\/api.w.org\/{rel}","templated":true}]}}