{"id":722329,"date":"2025-08-27T19:02:54","date_gmt":"2025-08-27T16:02:54","guid":{"rendered":"https:\/\/roveyayinevi.com.tr\/index.php\/urun\/emek-tarihi-yazilari\/"},"modified":"2026-04-16T02:30:28","modified_gmt":"2026-04-15T23:30:28","slug":"emek-tarihi-yazilari","status":"publish","type":"product","link":"https:\/\/roveyayinevi.com.tr\/index.php\/urun\/emek-tarihi-yazilari\/","title":{"rendered":"Emek Tarihi Yaz\u0131lar\u0131"},"content":{"rendered":"<p>T\u00fcrkiye&#8217;de sosyalizmin ve sol m\u00fccadelenin tarihi ayn\u0131 zamanda d\u00fc\u015f\u00fcnsel ve \u00f6rg\u00fctsel yasaklar\u0131n da tarihidir. M\u00fccadele ve \u00f6rg\u00fctlenmelerin yolu; kimi zaman \u00f6l\u00fcmler, yasaklar, s\u00fcrg\u00fcnler kimi zaman da on y\u0131llar boyunca s\u00fcren gizlili\u011fe mahk\u00fbmiyetle kesilmi\u015ftir. Bu sistematik ve yo\u011fun bask\u0131 kom\u00fcnist ve devrimci hareketin ileriye d\u00f6n\u00fck aktar\u0131m zincirini defalarca koparm\u0131\u015ft\u0131r.Modern anlamda Osmanl\u0131&#8217;n\u0131n son d\u00f6nemlerine dek uzanan sol ve emek tarihinin \u00f6nemli kilometre ta\u015flar\u0131n\u0131, d\u00f6neme\u00e7lerini, olaylar\u0131n\u0131 ve insanlar\u0131n\u0131 belgeler \u0131\u015f\u0131\u011f\u0131nda ele alan Emek Tarihi Yaz\u0131lar\u0131, sosyalist ve kom\u00fcnist hareketin ya\u015fad\u0131\u011f\u0131 deneyimleri yaln\u0131zca bir nostalji ve anma etkinli\u011finin \u00f6tesinde; teori ve eylem alanlar\u0131ndaki kazan\u0131m, hata ve eksikleriyle anlamaya \u00e7al\u0131\u015farak bundan sonraki m\u00fccadele pratiklerinde bu zengin tarihten yararlan\u0131lmas\u0131n\u0131 sa\u011flamak amac\u0131yla derlendi.Toplumsal haf\u0131zaya katk\u0131da bulunmak ve s\u0131n\u0131f m\u00fccadelesinin tarihsel dinamiklerini hat\u0131rlatmak amac\u0131yla a\u00e7\u0131lm\u0131\u015f bir pencere&#8230;<\/p>\n","protected":false},"excerpt":{"rendered":"<p>T\u00fcrkiye&#8217;de sosyalizmin ve sol m\u00fccadelenin tarihi ayn\u0131 zamanda d\u00fc\u015f\u00fcnsel ve \u00f6rg\u00fctsel yasaklar\u0131n da tarihidir. M\u00fccadele ve \u00f6rg\u00fctlenmelerin yolu; kimi zaman \u00f6l\u00fcmler, yasaklar, s\u00fcrg\u00fcnler kimi zaman da<span class=\"excerpt-hellip\"> [\u2026]<\/span><\/p>\n","protected":false},"featured_media":0,"template":"","meta":{"_monsterinsights_skip_tracking":false,"_monsterinsights_sitenote_active":false,"_monsterinsights_sitenote_note":"","_monsterinsights_sitenote_category":0},"product_brand":[],"product_cat":[12370,12304],"product_tag":[],"class_list":{"0":"post-722329","1":"product","2":"type-product","3":"status-publish","5":"product_cat-arastirma-inceleme","6":"product_cat-tarih","7":"pa_cilt-ciltsiz","8":"pa_tur-kitap","9":"pa_yayinevi-sel-yayincilik","10":"pa_yazar-hamit-erdem","12":"first","13":"instock","14":"sale","15":"shipping-taxable","16":"purchasable","17":"product-type-simple"},"_links":{"self":[{"href":"https:\/\/roveyayinevi.com.tr\/index.php\/wp-json\/wp\/v2\/product\/722329","targetHints":{"allow":["GET"]}}],"collection":[{"href":"https:\/\/roveyayinevi.com.tr\/index.php\/wp-json\/wp\/v2\/product"}],"about":[{"href":"https:\/\/roveyayinevi.com.tr\/index.php\/wp-json\/wp\/v2\/types\/product"}],"wp:attachment":[{"href":"https:\/\/roveyayinevi.com.tr\/index.php\/wp-json\/wp\/v2\/media?parent=722329"}],"wp:term":[{"taxonomy":"product_brand","embeddable":true,"href":"https:\/\/roveyayinevi.com.tr\/index.php\/wp-json\/wp\/v2\/product_brand?post=722329"},{"taxonomy":"product_cat","embeddable":true,"href":"https:\/\/roveyayinevi.com.tr\/index.php\/wp-json\/wp\/v2\/product_cat?post=722329"},{"taxonomy":"product_tag","embeddable":true,"href":"https:\/\/roveyayinevi.com.tr\/index.php\/wp-json\/wp\/v2\/product_tag?post=722329"}],"curies":[{"name":"wp","href":"https:\/\/api.w.org\/{rel}","templated":true}]}}