{"id":722328,"date":"2025-08-27T19:02:54","date_gmt":"2025-08-27T16:02:54","guid":{"rendered":"https:\/\/roveyayinevi.com.tr\/index.php\/urun\/kis-bir-mevsimin-tarihi\/"},"modified":"2026-04-16T02:30:28","modified_gmt":"2026-04-15T23:30:28","slug":"kis-bir-mevsimin-tarihi","status":"publish","type":"product","link":"https:\/\/roveyayinevi.com.tr\/index.php\/urun\/kis-bir-mevsimin-tarihi\/","title":{"rendered":"K\u0131\u015f : Bir Mevsimin Tarihi"},"content":{"rendered":"<p>K\u0131\u015f\u0131n, kendisine dair b\u00fct\u00fcn olumsuz \u00e7a\u011fr\u0131\u015f\u0131mlar\u0131m\u0131zdan ve zihnimizi dolduran kli\u015felerden \u00e7ok daha fazla zenginlik ve \u00e7e\u015fitlilik bar\u0131nd\u0131rd\u0131\u011f\u0131n\u0131 \u00f6ne s\u00fcr\u00fcyor. K\u0131\u015f mevsimi antik \u00e7a\u011fdan bu yana farkl\u0131 co\u011frafyalar ve k\u00fclt\u00fcrlerde ayn\u0131 &#8220;so\u011fukluk&#8221;ta ama de\u011fi\u015fik anlamlarla ya\u015fanm\u0131\u015f; mitolojiden edebiyata, resimden dini rit\u00fcellere, k\u0131\u015f sporlar\u0131ndan do\u011fal afetlere dek uzanan bamba\u015fka alanlar ve pratiklerle insanl\u0131\u011f\u0131n ortak belle\u011finde k\u00fclt\u00fcrel bir yer edinmi\u015ftir. Elinizdeki eser b\u00fct\u00fcn bu anlamlar\u0131 ele alarak, basit bir do\u011fa olay\u0131 olarak g\u00f6rd\u00fc\u011f\u00fcm\u00fcz bir de\u011fi\u015fimin insan ve toplum \u00fczerindeki etkisini inceliyor. Bunun yan\u0131 s\u0131ra bu mevsime dair b\u00fct\u00fcn olumsuz \u00e7a\u011fr\u0131\u015f\u0131mlar\u0131m\u0131zdan ve zihnimizi dolduran kli\u015felerden \u00e7ok daha fazla zenginlik ve \u00e7e\u015fitlilik bar\u0131nd\u0131rd\u0131\u011f\u0131n\u0131 \u00f6ne s\u00fcr\u00fcyor.K\u0131\u015f: Bir Mevsimin K\u00fclt\u00fcrel Tarihi, XVI. y\u00fczy\u0131ldan bug\u00fcne, kapsaml\u0131 bir \u00e7evresel, sanatsal, k\u00fclt\u00fcrel tarih \u00e7al\u0131\u015fmas\u0131.<\/p>\n","protected":false},"excerpt":{"rendered":"<p>K\u0131\u015f\u0131n, kendisine dair b\u00fct\u00fcn olumsuz \u00e7a\u011fr\u0131\u015f\u0131mlar\u0131m\u0131zdan ve zihnimizi dolduran kli\u015felerden \u00e7ok daha fazla zenginlik ve \u00e7e\u015fitlilik bar\u0131nd\u0131rd\u0131\u011f\u0131n\u0131 \u00f6ne s\u00fcr\u00fcyor. K\u0131\u015f mevsimi antik \u00e7a\u011fdan bu yana farkl\u0131<span class=\"excerpt-hellip\"> [\u2026]<\/span><\/p>\n","protected":false},"featured_media":0,"template":"","meta":{"_monsterinsights_skip_tracking":false,"_monsterinsights_sitenote_active":false,"_monsterinsights_sitenote_note":"","_monsterinsights_sitenote_category":0},"product_brand":[],"product_cat":[12325,12324],"product_tag":[],"class_list":{"0":"post-722328","1":"product","2":"type-product","3":"status-publish","5":"product_cat-diger-sosyoloji","6":"product_cat-sosyoloji","7":"pa_cilt-ciltsiz","8":"pa_tur-kitap","9":"pa_yayinevi-sel-yayincilik","10":"pa_yazar-francois-walter","12":"first","13":"instock","14":"sale","15":"shipping-taxable","16":"purchasable","17":"product-type-simple"},"_links":{"self":[{"href":"https:\/\/roveyayinevi.com.tr\/index.php\/wp-json\/wp\/v2\/product\/722328","targetHints":{"allow":["GET"]}}],"collection":[{"href":"https:\/\/roveyayinevi.com.tr\/index.php\/wp-json\/wp\/v2\/product"}],"about":[{"href":"https:\/\/roveyayinevi.com.tr\/index.php\/wp-json\/wp\/v2\/types\/product"}],"wp:attachment":[{"href":"https:\/\/roveyayinevi.com.tr\/index.php\/wp-json\/wp\/v2\/media?parent=722328"}],"wp:term":[{"taxonomy":"product_brand","embeddable":true,"href":"https:\/\/roveyayinevi.com.tr\/index.php\/wp-json\/wp\/v2\/product_brand?post=722328"},{"taxonomy":"product_cat","embeddable":true,"href":"https:\/\/roveyayinevi.com.tr\/index.php\/wp-json\/wp\/v2\/product_cat?post=722328"},{"taxonomy":"product_tag","embeddable":true,"href":"https:\/\/roveyayinevi.com.tr\/index.php\/wp-json\/wp\/v2\/product_tag?post=722328"}],"curies":[{"name":"wp","href":"https:\/\/api.w.org\/{rel}","templated":true}]}}