{"id":722325,"date":"2025-08-27T19:02:51","date_gmt":"2025-08-27T16:02:51","guid":{"rendered":"https:\/\/roveyayinevi.com.tr\/index.php\/urun\/80-gunde-devri-alem-4\/"},"modified":"2026-04-16T02:30:28","modified_gmt":"2026-04-15T23:30:28","slug":"80-gunde-devri-alem-4","status":"publish","type":"product","link":"https:\/\/roveyayinevi.com.tr\/index.php\/urun\/80-gunde-devri-alem-4\/","title":{"rendered":"80 G\u00fcnde Devri Alem"},"content":{"rendered":"<p>\u201cE\u011fer yeni \u015feyler g\u00f6rmek istiyorsan\u0131z, seyahat etmenin gereksiz olmad\u0131\u011f\u0131 d\u00fc\u015f\u00fcncesindeyim.&#8221;Phileas Fogg, kimsenin hakk\u0131nda bir \u015fey bilmedi\u011fi, zengin ve kibar bir \u0130ngiliz beyefendisidir. Son derece d\u00fczenli bir hayat s\u00fcrmesiyle, titiz ve dakik olmas\u0131yla \u00fcnl\u00fcd\u00fcr. Bir g\u00fcn, \u00fcyesi oldu\u011fu Reform Kul\u00fcb\u00fc\u2019nde, ger\u00e7ekle\u015ftirilmesi imk\u00e2ns\u0131z gibi g\u00f6r\u00fcnen bir konuda iddiaya girer: D\u00fcnyan\u0131n \u00e7evresini 80 g\u00fcnde dola\u015facakt\u0131r. Fogg tek bir aksilikle her \u015feyini kaybedebilece\u011fi bu seyahate u\u015fa\u011f\u0131yla birlikte \u00e7\u0131kar. Onlarca farkl\u0131 \u00fclkede ba\u015f\u0131na geleceklerdense habersizdir.<\/p>\n","protected":false},"excerpt":{"rendered":"<p>\u201cE\u011fer yeni \u015feyler g\u00f6rmek istiyorsan\u0131z, seyahat etmenin gereksiz olmad\u0131\u011f\u0131 d\u00fc\u015f\u00fcncesindeyim.&#8221;Phileas Fogg, kimsenin hakk\u0131nda bir \u015fey bilmedi\u011fi, zengin ve kibar bir \u0130ngiliz beyefendisidir. Son derece d\u00fczenli bir<span class=\"excerpt-hellip\"> [\u2026]<\/span><\/p>\n","protected":false},"featured_media":0,"template":"","meta":{"_monsterinsights_skip_tracking":false,"_monsterinsights_sitenote_active":false,"_monsterinsights_sitenote_note":"","_monsterinsights_sitenote_category":0},"product_brand":[],"product_cat":[12274,12467],"product_tag":[],"class_list":{"0":"post-722325","1":"product","2":"type-product","3":"status-publish","5":"product_cat-cocuk-ve-genclik-kitaplari","6":"product_cat-dunya-klasikleri","7":"pa_cilt-ciltsiz","8":"pa_tur-kitap","9":"pa_yayinevi-ithaki-yayinlari","10":"pa_yazar-jules-verne","12":"first","13":"instock","14":"sale","15":"shipping-taxable","16":"purchasable","17":"product-type-simple"},"_links":{"self":[{"href":"https:\/\/roveyayinevi.com.tr\/index.php\/wp-json\/wp\/v2\/product\/722325","targetHints":{"allow":["GET"]}}],"collection":[{"href":"https:\/\/roveyayinevi.com.tr\/index.php\/wp-json\/wp\/v2\/product"}],"about":[{"href":"https:\/\/roveyayinevi.com.tr\/index.php\/wp-json\/wp\/v2\/types\/product"}],"wp:attachment":[{"href":"https:\/\/roveyayinevi.com.tr\/index.php\/wp-json\/wp\/v2\/media?parent=722325"}],"wp:term":[{"taxonomy":"product_brand","embeddable":true,"href":"https:\/\/roveyayinevi.com.tr\/index.php\/wp-json\/wp\/v2\/product_brand?post=722325"},{"taxonomy":"product_cat","embeddable":true,"href":"https:\/\/roveyayinevi.com.tr\/index.php\/wp-json\/wp\/v2\/product_cat?post=722325"},{"taxonomy":"product_tag","embeddable":true,"href":"https:\/\/roveyayinevi.com.tr\/index.php\/wp-json\/wp\/v2\/product_tag?post=722325"}],"curies":[{"name":"wp","href":"https:\/\/api.w.org\/{rel}","templated":true}]}}