{"id":722324,"date":"2025-08-27T19:02:50","date_gmt":"2025-08-27T16:02:50","guid":{"rendered":"https:\/\/roveyayinevi.com.tr\/index.php\/urun\/post-mortem\/"},"modified":"2026-04-16T02:30:28","modified_gmt":"2026-04-15T23:30:28","slug":"post-mortem","status":"publish","type":"product","link":"https:\/\/roveyayinevi.com.tr\/index.php\/urun\/post-mortem\/","title":{"rendered":"Post-Mortem"},"content":{"rendered":"<p>Sevilen ve nefret edilen annenin insan varl\u0131\u011f\u0131na n\u00fcfuz eden tensel ve tinsel k\u00f6klerini, \u00f6l\u00fcm\u00fcn ard\u0131nda b\u0131rakt\u0131\u011f\u0131 mu\u011flak duygular\u0131, mesafeli ve ihtiyatl\u0131 ama \u015fiirsellikten nasibini alm\u0131\u015f bir \u00fcslupla resmeden bir a\u011f\u0131t.Caraco&#8217;nun felsefesini, g\u00fc\u00e7l\u00fc \u00fcslubunu, berrak ama karanl\u0131k, nihilist ve k\u00f6t\u00fcmser tarz\u0131n\u0131 somutlayan aforizmalar toplam\u0131 Post-Mortem y\u0131k\u0131c\u0131 bir zek\u00e2n\u0131n, do\u011furan ve had\u0131m eden bu Ezeli Anne fig\u00fcr\u00fcne y\u00f6nelik son derece yal\u0131n ve ayn\u0131 \u00f6l\u00e7\u00fcde incelikli, &#8220;alengirli&#8221;, daima muhte\u015fem, daima katlan\u0131lmaz paradokslardan ibaret otobiyografik metni.&#8221;Hayal k\u0131r\u0131kl\u0131\u011f\u0131na u\u011fram\u0131\u015f h\u00fcmanist&#8221;in, &#8220;insanl\u0131k soyk\u0131r\u0131m\u0131n\u0131n tellal\u0131&#8221;n\u0131n g\u00f6z\u00fcnden Muhterem Valide&#8217;ye yaz\u0131lm\u0131\u015f bu karalama, Caraco&#8217;nun so\u011fuk nesnelli\u011fiyle gizlemeye \u00e7al\u0131\u015fsa da b\u00fct\u00fcn ketlenmelerinin ve yarat\u0131s\u0131n\u0131n belki de temellerinde bulunan ve k\u00f6kleri \u0130stanbul&#8217;a uzanan bir k\u0131r\u0131lganl\u0131\u011f\u0131n, ac\u0131n\u0131n en lirik ifadelerindendir.Caraco bizi bo\u015fluklar\u0131, k\u00e2\u011f\u0131d\u0131n, ya\u015fam\u0131n bo\u015fluklar\u0131n\u0131 doldurmaya ya da bu bo\u015fluklara bakabilme cesareti g\u00f6stermeye davet ediyor&#8230;<\/p>\n","protected":false},"excerpt":{"rendered":"<p>Sevilen ve nefret edilen annenin insan varl\u0131\u011f\u0131na n\u00fcfuz eden tensel ve tinsel k\u00f6klerini, \u00f6l\u00fcm\u00fcn ard\u0131nda b\u0131rakt\u0131\u011f\u0131 mu\u011flak duygular\u0131, mesafeli ve ihtiyatl\u0131 ama \u015fiirsellikten nasibini alm\u0131\u015f bir<span class=\"excerpt-hellip\"> [\u2026]<\/span><\/p>\n","protected":false},"featured_media":0,"template":"","meta":{"_monsterinsights_skip_tracking":false,"_monsterinsights_sitenote_active":false,"_monsterinsights_sitenote_note":"","_monsterinsights_sitenote_category":0},"product_brand":[],"product_cat":[12777,12291],"product_tag":[],"class_list":{"0":"post-722324","1":"product","2":"type-product","3":"status-publish","5":"product_cat-deneme","6":"product_cat-edebiyat","7":"pa_cilt-ciltsiz","8":"pa_tur-kitap","9":"pa_yayinevi-sel-yayincilik","10":"pa_yazar-albert-caraco","12":"first","13":"instock","14":"sale","15":"shipping-taxable","16":"purchasable","17":"product-type-simple"},"_links":{"self":[{"href":"https:\/\/roveyayinevi.com.tr\/index.php\/wp-json\/wp\/v2\/product\/722324","targetHints":{"allow":["GET"]}}],"collection":[{"href":"https:\/\/roveyayinevi.com.tr\/index.php\/wp-json\/wp\/v2\/product"}],"about":[{"href":"https:\/\/roveyayinevi.com.tr\/index.php\/wp-json\/wp\/v2\/types\/product"}],"wp:attachment":[{"href":"https:\/\/roveyayinevi.com.tr\/index.php\/wp-json\/wp\/v2\/media?parent=722324"}],"wp:term":[{"taxonomy":"product_brand","embeddable":true,"href":"https:\/\/roveyayinevi.com.tr\/index.php\/wp-json\/wp\/v2\/product_brand?post=722324"},{"taxonomy":"product_cat","embeddable":true,"href":"https:\/\/roveyayinevi.com.tr\/index.php\/wp-json\/wp\/v2\/product_cat?post=722324"},{"taxonomy":"product_tag","embeddable":true,"href":"https:\/\/roveyayinevi.com.tr\/index.php\/wp-json\/wp\/v2\/product_tag?post=722324"}],"curies":[{"name":"wp","href":"https:\/\/api.w.org\/{rel}","templated":true}]}}