{"id":722321,"date":"2025-08-27T19:02:48","date_gmt":"2025-08-27T16:02:48","guid":{"rendered":"https:\/\/roveyayinevi.com.tr\/index.php\/urun\/kadinlarin-sefkati\/"},"modified":"2026-04-16T02:30:28","modified_gmt":"2026-04-15T23:30:28","slug":"kadinlarin-sefkati","status":"publish","type":"product","link":"https:\/\/roveyayinevi.com.tr\/index.php\/urun\/kadinlarin-sefkati\/","title":{"rendered":"Kad\u0131nlar\u0131n \u015eefkati"},"content":{"rendered":"<p>J. G. Ballard, Kad\u0131nlar\u0131n \u015eefkati&#8217;nde, k\u00fcltle\u015fen kurgular\u0131n\u0131n \u015fahsi travmalar\u0131yla nas\u0131l kol kola ilerledi\u011fini ve \u00f6l\u00fcm\u00fc Amerikanla\u015ft\u0131rma, \u015fimdideki gelece\u011fe ula\u015fma tak\u0131nt\u0131s\u0131n\u0131n girdab\u0131na nas\u0131l s\u00fcr\u00fcklendi\u011fini anlat\u0131yor.Ya\u015fam\u0131ndan kesitleri soyutla\u015ft\u0131r\u0131p ustaca yeniden kurgulayan Ballard, yazar kimli\u011fi ile \u015fahsi ge\u00e7mi\u015fini sosyo-k\u00fclt\u00fcrel perspektif s\u00fczgecinden ge\u00e7irerek okura tekrar sunuyor. Ge\u00e7irdi\u011fi travmalar\u0131n kanatt\u0131\u011f\u0131 yaralar\u0131 yolunun kesi\u015fti\u011fi kad\u0131nlar\u0131n iyile\u015ftirici g\u00fcc\u00fcyle sararken her bir an\u0131, belle\u011findeki \u00e7atlaklar\u0131 \u00c7arp\u0131\u015fma, G\u00f6kdelen, Beton Ada, Vah\u015fet Sergisi gibi sars\u0131c\u0131 eserleri arac\u0131l\u0131\u011f\u0131yla sa\u011faltt\u0131\u011f\u0131 s\u00fcre\u00e7lere a\u00e7\u0131l\u0131yor.Sava\u015f\u0131n insan psikolojisinde yaratt\u0131\u011f\u0131 tahribat\u0131n bir dehan\u0131n elinde nas\u0131l bir cevher damar\u0131na d\u00f6n\u00fc\u015ft\u00fc\u011f\u00fcn\u00fc, i\u00e7inde bar\u0131nan \u015fiddeti kalemiyle bileyen Ballard&#8217;dan okumak isteyenlere.<\/p>\n","protected":false},"excerpt":{"rendered":"<p>J. G. Ballard, Kad\u0131nlar\u0131n \u015eefkati&#8217;nde, k\u00fcltle\u015fen kurgular\u0131n\u0131n \u015fahsi travmalar\u0131yla nas\u0131l kol kola ilerledi\u011fini ve \u00f6l\u00fcm\u00fc Amerikanla\u015ft\u0131rma, \u015fimdideki gelece\u011fe ula\u015fma tak\u0131nt\u0131s\u0131n\u0131n girdab\u0131na nas\u0131l s\u00fcr\u00fcklendi\u011fini anlat\u0131yor.Ya\u015fam\u0131ndan kesitleri soyutla\u015ft\u0131r\u0131p<span class=\"excerpt-hellip\"> [\u2026]<\/span><\/p>\n","protected":false},"featured_media":0,"template":"","meta":{"_monsterinsights_skip_tracking":false,"_monsterinsights_sitenote_active":false,"_monsterinsights_sitenote_note":"","_monsterinsights_sitenote_category":0},"product_brand":[],"product_cat":[12291,12711],"product_tag":[],"class_list":{"0":"post-722321","1":"product","2":"type-product","3":"status-publish","5":"product_cat-edebiyat","6":"product_cat-roman-oyku","7":"pa_cilt-ciltsiz","8":"pa_tur-kitap","9":"pa_yayinevi-sel-yayincilik","10":"pa_yazar-j-g-ballard","12":"first","13":"instock","14":"sale","15":"shipping-taxable","16":"purchasable","17":"product-type-simple"},"_links":{"self":[{"href":"https:\/\/roveyayinevi.com.tr\/index.php\/wp-json\/wp\/v2\/product\/722321","targetHints":{"allow":["GET"]}}],"collection":[{"href":"https:\/\/roveyayinevi.com.tr\/index.php\/wp-json\/wp\/v2\/product"}],"about":[{"href":"https:\/\/roveyayinevi.com.tr\/index.php\/wp-json\/wp\/v2\/types\/product"}],"wp:attachment":[{"href":"https:\/\/roveyayinevi.com.tr\/index.php\/wp-json\/wp\/v2\/media?parent=722321"}],"wp:term":[{"taxonomy":"product_brand","embeddable":true,"href":"https:\/\/roveyayinevi.com.tr\/index.php\/wp-json\/wp\/v2\/product_brand?post=722321"},{"taxonomy":"product_cat","embeddable":true,"href":"https:\/\/roveyayinevi.com.tr\/index.php\/wp-json\/wp\/v2\/product_cat?post=722321"},{"taxonomy":"product_tag","embeddable":true,"href":"https:\/\/roveyayinevi.com.tr\/index.php\/wp-json\/wp\/v2\/product_tag?post=722321"}],"curies":[{"name":"wp","href":"https:\/\/api.w.org\/{rel}","templated":true}]}}