{"id":722320,"date":"2025-08-27T19:02:47","date_gmt":"2025-08-27T16:02:47","guid":{"rendered":"https:\/\/roveyayinevi.com.tr\/index.php\/urun\/turkiye-cumhuriyeti-tarihi\/"},"modified":"2026-04-16T02:30:28","modified_gmt":"2026-04-15T23:30:28","slug":"turkiye-cumhuriyeti-tarihi","status":"publish","type":"product","link":"https:\/\/roveyayinevi.com.tr\/index.php\/urun\/turkiye-cumhuriyeti-tarihi\/","title":{"rendered":"T\u00fcrkiye Cumhuriyeti Tarihi"},"content":{"rendered":"<p>Tarih; ge\u00e7mi\u015fle gelecek aras\u0131nda bir k\u00f6pr\u00fc g\u00f6revi g\u00f6rerek, insanlar\u0131n, kurumlar\u0131n, devletlerin ve toplumlar\u0131n haf\u0131zas\u0131n\u0131 in\u015fa etmek gibi \u00e7ok m\u00fchim bir i\u015fleve sahiptir. Bu m\u00fchim paradigmay\u0131 fark edenler, toplumlar\u0131 diledikleri gibi y\u00f6nlendirebilmek amac\u0131yla tarihi tahrif edebilirler ki bu tehlikeye Ulu \u00d6nder Atat\u00fcrk &#8220;Tarih yazmak, tarih yapmak kadar m\u00fchimdir. Yazan yapana sad\u0131k kalmazsa de\u011fi\u015fmeyen hakikat insanl\u0131\u011f\u0131 \u015fa\u015f\u0131rtacak bir mahiyet al\u0131r&#8221; s\u00f6zleriyle i\u015faret etmi\u015ftir. \u00d6zellikle resmi tarih ya da resmi olmayan tarih s\u00f6ylemlerinin en fazla kullan\u0131ld\u0131\u011f\u0131 alan T\u00fcrkiye Cumhuriyeti Tarihi&#8217;dir denilebilir.   Birinci D\u00fcnya Sava\u015f\u0131n\u0131n sonunda bir devir kapanm\u0131\u015f, Osmanl\u0131 Devleti de tarihteki yerini alm\u0131\u015ft\u0131r. Fakat \u00fczerinden y\u00fcz y\u0131l ge\u00e7mi\u015f olmas\u0131na ra\u011fmen da\u011f\u0131t\u0131lan Osmanl\u0131 topraklar\u0131n\u0131n da \u00f6nemli bir k\u0131sm\u0131n\u0131 olu\u015fturan co\u011frafyalarda; Balkanlarda, Kafkaslarda ve Ortado\u011fu&#8217;da emperyalist g\u00fc\u00e7lerin \u00f6rt\u00fcl\u00fc ya da a\u00e7\u0131k i\u015fgalleri bitmemi\u015ftir.   T\u00fcrkiye Cumhuriyeti, y\u0131k\u0131lan Osmanl\u0131 Devleti \u00fczerinde k\u00fcllerinden do\u011fmay\u0131 ba\u015farabilmi\u015f, Mustafa Kemal Atat\u00fcrk liderli\u011finde modernle\u015fme s\u00fcrecini ba\u015far\u0131yla ger\u00e7ekle\u015ftirmi\u015ftir. Bu kitapta, Osmanl\u0131 Devleti&#8217;nin son d\u00f6nemlerinden Mustafa Kemal Atat\u00fcrk&#8217;\u00fcn vefat\u0131na kadar olan T\u00fcrkiye Cumhuriyeti Tarihi, T\u00fcrkiye&#8217;nin \u00e7e\u015fitli \u00fcniversitelerinde g\u00f6rev yapmakta olan se\u00e7kin tarih\u00e7iler taraf\u0131ndan yeni kaynaklar \u0131\u015f\u0131\u011f\u0131nda ve objektif bak\u0131\u015f a\u00e7\u0131s\u0131yla de\u011ferlendirilmi\u015ftir. Resmi tarih s\u00f6ylemlerinden uzak, erken Cumhuriyet d\u00f6nemine ilgi duyan herkese ba\u015fvuru eseri olarak \u00f6nerilmektedir. <\/p>\n","protected":false},"excerpt":{"rendered":"<p>Tarih; ge\u00e7mi\u015fle gelecek aras\u0131nda bir k\u00f6pr\u00fc g\u00f6revi g\u00f6rerek, insanlar\u0131n, kurumlar\u0131n, devletlerin ve toplumlar\u0131n haf\u0131zas\u0131n\u0131 in\u015fa etmek gibi \u00e7ok m\u00fchim bir i\u015fleve sahiptir. Bu m\u00fchim paradigmay\u0131 fark<span class=\"excerpt-hellip\"> [\u2026]<\/span><\/p>\n","protected":false},"featured_media":0,"template":"","meta":{"_monsterinsights_skip_tracking":false,"_monsterinsights_sitenote_active":false,"_monsterinsights_sitenote_note":"","_monsterinsights_sitenote_category":0},"product_brand":[],"product_cat":[12304,13650],"product_tag":[],"class_list":{"0":"post-722320","1":"product","2":"type-product","3":"status-publish","5":"product_cat-tarih","6":"product_cat-turk-tarihi-arastirmalari","7":"pa_cilt-ciltsiz","8":"pa_tur-kitap","9":"pa_yayinevi-ideal-kultur-akademik","10":"pa_yazar-nurgun-koc","12":"first","13":"instock","14":"sale","15":"shipping-taxable","16":"purchasable","17":"product-type-simple"},"_links":{"self":[{"href":"https:\/\/roveyayinevi.com.tr\/index.php\/wp-json\/wp\/v2\/product\/722320","targetHints":{"allow":["GET"]}}],"collection":[{"href":"https:\/\/roveyayinevi.com.tr\/index.php\/wp-json\/wp\/v2\/product"}],"about":[{"href":"https:\/\/roveyayinevi.com.tr\/index.php\/wp-json\/wp\/v2\/types\/product"}],"wp:attachment":[{"href":"https:\/\/roveyayinevi.com.tr\/index.php\/wp-json\/wp\/v2\/media?parent=722320"}],"wp:term":[{"taxonomy":"product_brand","embeddable":true,"href":"https:\/\/roveyayinevi.com.tr\/index.php\/wp-json\/wp\/v2\/product_brand?post=722320"},{"taxonomy":"product_cat","embeddable":true,"href":"https:\/\/roveyayinevi.com.tr\/index.php\/wp-json\/wp\/v2\/product_cat?post=722320"},{"taxonomy":"product_tag","embeddable":true,"href":"https:\/\/roveyayinevi.com.tr\/index.php\/wp-json\/wp\/v2\/product_tag?post=722320"}],"curies":[{"name":"wp","href":"https:\/\/api.w.org\/{rel}","templated":true}]}}