{"id":722319,"date":"2025-08-27T19:02:46","date_gmt":"2025-08-27T16:02:46","guid":{"rendered":"https:\/\/roveyayinevi.com.tr\/index.php\/urun\/dingin-denemeler\/"},"modified":"2026-04-16T02:30:28","modified_gmt":"2026-04-15T23:30:28","slug":"dingin-denemeler","status":"publish","type":"product","link":"https:\/\/roveyayinevi.com.tr\/index.php\/urun\/dingin-denemeler\/","title":{"rendered":"Dingin Denemeler"},"content":{"rendered":"<p>Serkan Do\u011fan\u2019\u0131n bir \u015fair olmas\u0131 ve poeticite\u2019nin ona sa\u011flad\u0131\u011f\u0131 \u00e7a\u011fr\u0131\u015f\u0131msal \u00f6zg\u00fcrl\u00fck, denemelerindeki anlat\u0131m\u0131 s\u0131\u011f ve kuru olmaktan kurtarm\u0131\u015f. Do\u011fan santimantal de\u011fil akli bir \u015fair oldu\u011funu y\u0131llard\u0131r yazd\u0131\u011f\u0131 \u015fiirleriyle g\u00f6stermi\u015fti. Bu denemeleri okuyunca okurlar\u0131n, duygusall\u0131\u011f\u0131n tuza\u011f\u0131na d\u00fc\u015fmemi\u015f ve kelimeyi bir yap\u0131ta\u015f\u0131 olarak ustal\u0131kla kullanan bir yazarla kar\u015f\u0131la\u015facaklar\u0131n\u0131 s\u00f6yleyebiliriz. Okur, bu denemeler kar\u015f\u0131s\u0131nda, en az \u015fiir okuma tecr\u00fcbesi s\u0131ras\u0131nda oldu\u011fu kadar \u201cyarat\u0131c\u0131\u201d davranmak durumundad\u0131rlar. Metnin alt dehlizleri, koridorlar\u0131 oldu\u011funu bilen her kitap merakl\u0131s\u0131 i\u00e7in okumak heyecan verici bir ser\u00fcvendir. Serkan Do\u011fan\u2019\u0131n bu denemeleri, dili \u015fiirsel tatlara al\u0131\u015f\u0131k her okura keyif verecektir&#8230;- Kabil Demirk\u0131ran<\/p>\n","protected":false},"excerpt":{"rendered":"<p>Serkan Do\u011fan\u2019\u0131n bir \u015fair olmas\u0131 ve poeticite\u2019nin ona sa\u011flad\u0131\u011f\u0131 \u00e7a\u011fr\u0131\u015f\u0131msal \u00f6zg\u00fcrl\u00fck, denemelerindeki anlat\u0131m\u0131 s\u0131\u011f ve kuru olmaktan kurtarm\u0131\u015f. Do\u011fan santimantal de\u011fil akli bir \u015fair oldu\u011funu y\u0131llard\u0131r<span class=\"excerpt-hellip\"> [\u2026]<\/span><\/p>\n","protected":false},"featured_media":0,"template":"","meta":{"_monsterinsights_skip_tracking":false,"_monsterinsights_sitenote_active":false,"_monsterinsights_sitenote_note":"","_monsterinsights_sitenote_category":0},"product_brand":[],"product_cat":[12777,12291],"product_tag":[],"class_list":{"0":"post-722319","1":"product","2":"type-product","3":"status-publish","5":"product_cat-deneme","6":"product_cat-edebiyat","7":"pa_cilt-ciltsiz","8":"pa_tur-kitap","9":"pa_yayinevi-imla-yayinevi","10":"pa_yazar-serkan-doganay","12":"first","13":"instock","14":"sale","15":"shipping-taxable","16":"purchasable","17":"product-type-simple"},"_links":{"self":[{"href":"https:\/\/roveyayinevi.com.tr\/index.php\/wp-json\/wp\/v2\/product\/722319","targetHints":{"allow":["GET"]}}],"collection":[{"href":"https:\/\/roveyayinevi.com.tr\/index.php\/wp-json\/wp\/v2\/product"}],"about":[{"href":"https:\/\/roveyayinevi.com.tr\/index.php\/wp-json\/wp\/v2\/types\/product"}],"wp:attachment":[{"href":"https:\/\/roveyayinevi.com.tr\/index.php\/wp-json\/wp\/v2\/media?parent=722319"}],"wp:term":[{"taxonomy":"product_brand","embeddable":true,"href":"https:\/\/roveyayinevi.com.tr\/index.php\/wp-json\/wp\/v2\/product_brand?post=722319"},{"taxonomy":"product_cat","embeddable":true,"href":"https:\/\/roveyayinevi.com.tr\/index.php\/wp-json\/wp\/v2\/product_cat?post=722319"},{"taxonomy":"product_tag","embeddable":true,"href":"https:\/\/roveyayinevi.com.tr\/index.php\/wp-json\/wp\/v2\/product_tag?post=722319"}],"curies":[{"name":"wp","href":"https:\/\/api.w.org\/{rel}","templated":true}]}}