{"id":722316,"date":"2025-08-27T19:02:44","date_gmt":"2025-08-27T16:02:44","guid":{"rendered":"https:\/\/roveyayinevi.com.tr\/index.php\/urun\/kirmiziya-dusmeden\/"},"modified":"2026-04-16T02:30:28","modified_gmt":"2026-04-15T23:30:28","slug":"kirmiziya-dusmeden","status":"publish","type":"product","link":"https:\/\/roveyayinevi.com.tr\/index.php\/urun\/kirmiziya-dusmeden\/","title":{"rendered":"K\u0131rm\u0131z\u0131ya D\u00fc\u015fmeden"},"content":{"rendered":"<p>Haluk Erbil&#8217;e \u015fiir dosyas\u0131n\u0131 bir an \u00f6nce yay\u0131nlamas\u0131 i\u00e7in uzun zaman bask\u0131 yapt\u0131m. Ama o inatla bekledi. O beklerken ben \u015fiirlerini tekrar tekrar okudum. Kli\u015felere yaslanmayan, hemen hi\u00e7 beylik imgelerden medet ummayan, derin, katmanl\u0131 ve su gibi akan \u015fiirlerdi bunlar. \u00d6ncelikle Haluk Erbil&#8217;in imge d\u00fcnyas\u0131n\u0131n benzersiz oldu\u011funu d\u00fc\u015f\u00fcn\u00fcyorum. \u0130mgelerini \u00f6yle yerlerde kullan\u0131yor ki, \u015fiiri usulca kanatlan\u0131yor ve bir r\u00fcya diline d\u00f6n\u00fc\u015f\u00fcyor. Haluk Erbil&#8217;in &#8216;K\u0131rm\u0131z\u0131ya D\u00fc\u015fmeden&#8217; adl\u0131 ilk kitab\u0131 ge\u00e7 geldi. Demek ki \u015fiirlerinin olgunla\u015fmas\u0131n\u0131 beklemi\u015f. \u0130yi de etmi\u015f. B\u00fct\u00fcn g\u00fczel \u015feyler ge\u00e7 gelmez mi zaten?- Cezmi Ers\u00f6z<\/p>\n","protected":false},"excerpt":{"rendered":"<p>Haluk Erbil&#8217;e \u015fiir dosyas\u0131n\u0131 bir an \u00f6nce yay\u0131nlamas\u0131 i\u00e7in uzun zaman bask\u0131 yapt\u0131m. Ama o inatla bekledi. O beklerken ben \u015fiirlerini tekrar tekrar okudum. Kli\u015felere yaslanmayan,<span class=\"excerpt-hellip\"> [\u2026]<\/span><\/p>\n","protected":false},"featured_media":0,"template":"","meta":{"_monsterinsights_skip_tracking":false,"_monsterinsights_sitenote_active":false,"_monsterinsights_sitenote_note":"","_monsterinsights_sitenote_category":0},"product_brand":[],"product_cat":[12291,12509],"product_tag":[],"class_list":{"0":"post-722316","1":"product","2":"type-product","3":"status-publish","5":"product_cat-edebiyat","6":"product_cat-siir","7":"pa_cilt-ciltsiz","8":"pa_tur-kitap","9":"pa_yayinevi-imla-yayinevi","10":"pa_yazar-haluk-erbil","12":"first","13":"instock","14":"sale","15":"shipping-taxable","16":"purchasable","17":"product-type-simple"},"_links":{"self":[{"href":"https:\/\/roveyayinevi.com.tr\/index.php\/wp-json\/wp\/v2\/product\/722316","targetHints":{"allow":["GET"]}}],"collection":[{"href":"https:\/\/roveyayinevi.com.tr\/index.php\/wp-json\/wp\/v2\/product"}],"about":[{"href":"https:\/\/roveyayinevi.com.tr\/index.php\/wp-json\/wp\/v2\/types\/product"}],"wp:attachment":[{"href":"https:\/\/roveyayinevi.com.tr\/index.php\/wp-json\/wp\/v2\/media?parent=722316"}],"wp:term":[{"taxonomy":"product_brand","embeddable":true,"href":"https:\/\/roveyayinevi.com.tr\/index.php\/wp-json\/wp\/v2\/product_brand?post=722316"},{"taxonomy":"product_cat","embeddable":true,"href":"https:\/\/roveyayinevi.com.tr\/index.php\/wp-json\/wp\/v2\/product_cat?post=722316"},{"taxonomy":"product_tag","embeddable":true,"href":"https:\/\/roveyayinevi.com.tr\/index.php\/wp-json\/wp\/v2\/product_tag?post=722316"}],"curies":[{"name":"wp","href":"https:\/\/api.w.org\/{rel}","templated":true}]}}