{"id":722315,"date":"2025-08-27T19:02:43","date_gmt":"2025-08-27T16:02:43","guid":{"rendered":"https:\/\/roveyayinevi.com.tr\/index.php\/urun\/izler-2\/"},"modified":"2026-04-16T02:30:28","modified_gmt":"2026-04-15T23:30:28","slug":"izler-2","status":"publish","type":"product","link":"https:\/\/roveyayinevi.com.tr\/index.php\/urun\/izler-2\/","title":{"rendered":"\u0130zler"},"content":{"rendered":"<p>\u00c7\u0131lg\u0131nl\u0131k bu Her sokak sessiz \u0130z yok Ne a\u011flama Ne \u015fad Kim ki sahibi bu sokaklar\u0131n Neymi\u015f Yar\u0131s\u0131 kuru Yar\u0131s\u0131 ye\u015fil Sokak ortas\u0131nda Kuruya e\u011filmi\u015f \u00c7\u0131plak a\u011fac\u0131n derdi A\u011fl\u0131yorum Damlalar Kuru DuygusuzG\u00fcvercin avc\u0131s\u0131 kadar rezil<\/p>\n","protected":false},"excerpt":{"rendered":"<p>\u00c7\u0131lg\u0131nl\u0131k bu Her sokak sessiz \u0130z yok Ne a\u011flama Ne \u015fad Kim ki sahibi bu sokaklar\u0131n Neymi\u015f Yar\u0131s\u0131 kuru Yar\u0131s\u0131 ye\u015fil Sokak ortas\u0131nda Kuruya e\u011filmi\u015f \u00c7\u0131plak<span class=\"excerpt-hellip\"> [\u2026]<\/span><\/p>\n","protected":false},"featured_media":0,"template":"","meta":{"_monsterinsights_skip_tracking":false,"_monsterinsights_sitenote_active":false,"_monsterinsights_sitenote_note":"","_monsterinsights_sitenote_category":0},"product_brand":[],"product_cat":[12291,12509],"product_tag":[],"class_list":{"0":"post-722315","1":"product","2":"type-product","3":"status-publish","5":"product_cat-edebiyat","6":"product_cat-siir","7":"pa_cilt-ciltsiz","8":"pa_tur-kitap","9":"pa_yayinevi-imla-yayinevi","10":"pa_yazar-cengiz-gumus","12":"first","13":"instock","14":"sale","15":"shipping-taxable","16":"purchasable","17":"product-type-simple"},"_links":{"self":[{"href":"https:\/\/roveyayinevi.com.tr\/index.php\/wp-json\/wp\/v2\/product\/722315","targetHints":{"allow":["GET"]}}],"collection":[{"href":"https:\/\/roveyayinevi.com.tr\/index.php\/wp-json\/wp\/v2\/product"}],"about":[{"href":"https:\/\/roveyayinevi.com.tr\/index.php\/wp-json\/wp\/v2\/types\/product"}],"wp:attachment":[{"href":"https:\/\/roveyayinevi.com.tr\/index.php\/wp-json\/wp\/v2\/media?parent=722315"}],"wp:term":[{"taxonomy":"product_brand","embeddable":true,"href":"https:\/\/roveyayinevi.com.tr\/index.php\/wp-json\/wp\/v2\/product_brand?post=722315"},{"taxonomy":"product_cat","embeddable":true,"href":"https:\/\/roveyayinevi.com.tr\/index.php\/wp-json\/wp\/v2\/product_cat?post=722315"},{"taxonomy":"product_tag","embeddable":true,"href":"https:\/\/roveyayinevi.com.tr\/index.php\/wp-json\/wp\/v2\/product_tag?post=722315"}],"curies":[{"name":"wp","href":"https:\/\/api.w.org\/{rel}","templated":true}]}}