{"id":722314,"date":"2025-08-27T19:02:42","date_gmt":"2025-08-27T16:02:42","guid":{"rendered":"https:\/\/roveyayinevi.com.tr\/index.php\/urun\/osmanli-modernlesmesi-surecinde-selanik-vilayetinde-egitim\/"},"modified":"2026-04-16T02:30:28","modified_gmt":"2026-04-15T23:30:28","slug":"osmanli-modernlesmesi-surecinde-selanik-vilayetinde-egitim","status":"publish","type":"product","link":"https:\/\/roveyayinevi.com.tr\/index.php\/urun\/osmanli-modernlesmesi-surecinde-selanik-vilayetinde-egitim\/","title":{"rendered":"Osmanl\u0131 Modernle\u015fmesi S\u00fcrecinde Selanik Vilayetinde  E\u011fitim"},"content":{"rendered":"<p>Selanik, XIX. y\u00fczy\u0131l Osmanl\u0131 e\u011fitim reformlar\u0131n\u0131n \u00e7arp\u0131c\u0131 bir bi\u00e7imde uyguland\u0131\u011f\u0131 vilayetlerden birisi olmu\u015ftur. Temelde Osmanl\u0131 Ar\u015fivine dayal\u0131 olarak haz\u0131rlanan bu \u00e7al\u0131\u015fmada Selanik ma\u00e2rif te\u015fkilat\u0131na, ilk\u00f6\u011fretim ve y\u00fcksek\u00f6\u011fretim kurumlar\u0131na, \u00f6zel okullara, meslek okullar\u0131na, Gayrim\u00fcslimlerin e\u011fitim faaliyetlerine yer verilmi\u015ftir. Eser, gerek Selanik vilayetinde e\u011fitim anlay\u0131\u015f\u0131n\u0131n ve kurumlar\u0131n\u0131n d\u00f6n\u00fc\u015f\u00fcm\u00fc ve gerekse Osmanl\u0131 e\u011fitim reformlar\u0131n\u0131n \u0130stanbul d\u0131\u015f\u0131nda uygulan\u0131\u015f\u0131 hakk\u0131nda \u00f6nemli bilgiler sunmaktad\u0131r. Di\u011fer taraftan e\u011fitim alan\u0131ndaki d\u00f6n\u00fc\u015f\u00fcm\u00fcn vilayete yans\u0131malar\u0131 de\u011ferlendirilmektedir.   Vilayetteki Gayrim\u00fcslim unsurlar\u0131n, e\u011fitim alan\u0131nda birbirleriyle giri\u015fmi\u015f olduklar\u0131 \u00e7at\u0131\u015fma ve m\u00fccadele, buna kar\u015f\u0131 Osmanl\u0131 idaresinin durumu kontrol alt\u0131na alma \u00e7abas\u0131 ve resmi e\u011fitim kurumlar\u0131n\u0131n yayg\u0131nla\u015ft\u0131r\u0131lmas\u0131yla kar\u015f\u0131 m\u00fccadelesi, Selanik vilayetinin ziraat ve sanayi alanlar\u0131ndaki modernle\u015fmesinin mesleki e\u011fitim kurumlan arac\u0131l\u0131\u011f\u0131 ile desteklenmesi, Osmanl\u0131 Modernle\u015fmesi S\u00fcrecinde Selanik Vilayetinde E\u011fitim isimli eserde okuyucunun ve ara\u015ft\u0131rmac\u0131lar\u0131n ilgisine sunulan veriler aras\u0131ndad\u0131r. <\/p>\n","protected":false},"excerpt":{"rendered":"<p>Selanik, XIX. y\u00fczy\u0131l Osmanl\u0131 e\u011fitim reformlar\u0131n\u0131n \u00e7arp\u0131c\u0131 bir bi\u00e7imde uyguland\u0131\u011f\u0131 vilayetlerden birisi olmu\u015ftur. Temelde Osmanl\u0131 Ar\u015fivine dayal\u0131 olarak haz\u0131rlanan bu \u00e7al\u0131\u015fmada Selanik ma\u00e2rif te\u015fkilat\u0131na, ilk\u00f6\u011fretim ve<span class=\"excerpt-hellip\"> [\u2026]<\/span><\/p>\n","protected":false},"featured_media":0,"template":"","meta":{"_monsterinsights_skip_tracking":false,"_monsterinsights_sitenote_active":false,"_monsterinsights_sitenote_note":"","_monsterinsights_sitenote_category":0},"product_brand":[],"product_cat":[13517,12304],"product_tag":[],"class_list":{"0":"post-722314","1":"product","2":"type-product","3":"status-publish","5":"product_cat-osmanli-tarihi","6":"product_cat-tarih","7":"pa_cilt-ciltsiz","8":"pa_tur-kitap","9":"pa_yayinevi-ideal-kultur-akademik","10":"pa_yazar-fatih-demirel","12":"first","13":"instock","14":"sale","15":"shipping-taxable","16":"purchasable","17":"product-type-simple"},"_links":{"self":[{"href":"https:\/\/roveyayinevi.com.tr\/index.php\/wp-json\/wp\/v2\/product\/722314","targetHints":{"allow":["GET"]}}],"collection":[{"href":"https:\/\/roveyayinevi.com.tr\/index.php\/wp-json\/wp\/v2\/product"}],"about":[{"href":"https:\/\/roveyayinevi.com.tr\/index.php\/wp-json\/wp\/v2\/types\/product"}],"wp:attachment":[{"href":"https:\/\/roveyayinevi.com.tr\/index.php\/wp-json\/wp\/v2\/media?parent=722314"}],"wp:term":[{"taxonomy":"product_brand","embeddable":true,"href":"https:\/\/roveyayinevi.com.tr\/index.php\/wp-json\/wp\/v2\/product_brand?post=722314"},{"taxonomy":"product_cat","embeddable":true,"href":"https:\/\/roveyayinevi.com.tr\/index.php\/wp-json\/wp\/v2\/product_cat?post=722314"},{"taxonomy":"product_tag","embeddable":true,"href":"https:\/\/roveyayinevi.com.tr\/index.php\/wp-json\/wp\/v2\/product_tag?post=722314"}],"curies":[{"name":"wp","href":"https:\/\/api.w.org\/{rel}","templated":true}]}}