{"id":722312,"date":"2025-08-27T19:02:41","date_gmt":"2025-08-27T16:02:41","guid":{"rendered":"https:\/\/roveyayinevi.com.tr\/index.php\/urun\/bay-agac-degisiyor\/"},"modified":"2026-04-16T02:30:28","modified_gmt":"2026-04-15T23:30:28","slug":"bay-agac-degisiyor","status":"publish","type":"product","link":"https:\/\/roveyayinevi.com.tr\/index.php\/urun\/bay-agac-degisiyor\/","title":{"rendered":"Bay A\u011fa\u00e7 De\u011fi\u015fiyor"},"content":{"rendered":"<p>Merhaba, benim ad\u0131m M\u0131rm\u0131r.Sevgi dolu, merakl\u0131, biraz da k\u0131p\u0131r k\u0131p\u0131r bir kediyim ben. \u00c7ok yak\u0131n bir arkada\u015f\u0131m var: Bay A\u011fa\u00e7. Her g\u00fcn pencerenin \u00f6n\u00fcnde onu seyretmeye bay\u0131l\u0131yorum. Ama Bay A\u011fa\u00e7 de\u011fi\u015fmeye ba\u015flad\u0131. Bunun nedeni, mevsimlermi\u015f&#8230;  Neler olaca\u011f\u0131n\u0131 g\u00f6rmek i\u00e7in sab\u0131rs\u0131zlan\u0131yorum.Sen de benimle birlikte Bay A\u011fa\u00e7\u2019\u0131 ve mevsimleri tan\u0131mak ister misin?<\/p>\n","protected":false},"excerpt":{"rendered":"<p>Merhaba, benim ad\u0131m M\u0131rm\u0131r.Sevgi dolu, merakl\u0131, biraz da k\u0131p\u0131r k\u0131p\u0131r bir kediyim ben. \u00c7ok yak\u0131n bir arkada\u015f\u0131m var: Bay A\u011fa\u00e7. Her g\u00fcn pencerenin \u00f6n\u00fcnde onu seyretmeye<span class=\"excerpt-hellip\"> [\u2026]<\/span><\/p>\n","protected":false},"featured_media":0,"template":"","meta":{"_monsterinsights_skip_tracking":false,"_monsterinsights_sitenote_active":false,"_monsterinsights_sitenote_note":"","_monsterinsights_sitenote_category":0},"product_brand":[],"product_cat":[12274,12284],"product_tag":[],"class_list":{"0":"post-722312","1":"product","2":"type-product","3":"status-publish","5":"product_cat-cocuk-ve-genclik-kitaplari","6":"product_cat-hikayeler","7":"pa_cilt-ciltsiz","8":"pa_tur-kitap","9":"pa_yayinevi-ucanfil-ozel-urun","10":"pa_yazar-hulya-biyan","12":"first","13":"instock","14":"sale","15":"shipping-taxable","16":"purchasable","17":"product-type-simple"},"_links":{"self":[{"href":"https:\/\/roveyayinevi.com.tr\/index.php\/wp-json\/wp\/v2\/product\/722312","targetHints":{"allow":["GET"]}}],"collection":[{"href":"https:\/\/roveyayinevi.com.tr\/index.php\/wp-json\/wp\/v2\/product"}],"about":[{"href":"https:\/\/roveyayinevi.com.tr\/index.php\/wp-json\/wp\/v2\/types\/product"}],"wp:attachment":[{"href":"https:\/\/roveyayinevi.com.tr\/index.php\/wp-json\/wp\/v2\/media?parent=722312"}],"wp:term":[{"taxonomy":"product_brand","embeddable":true,"href":"https:\/\/roveyayinevi.com.tr\/index.php\/wp-json\/wp\/v2\/product_brand?post=722312"},{"taxonomy":"product_cat","embeddable":true,"href":"https:\/\/roveyayinevi.com.tr\/index.php\/wp-json\/wp\/v2\/product_cat?post=722312"},{"taxonomy":"product_tag","embeddable":true,"href":"https:\/\/roveyayinevi.com.tr\/index.php\/wp-json\/wp\/v2\/product_tag?post=722312"}],"curies":[{"name":"wp","href":"https:\/\/api.w.org\/{rel}","templated":true}]}}