{"id":722309,"date":"2025-08-27T19:02:39","date_gmt":"2025-08-27T16:02:39","guid":{"rendered":"https:\/\/roveyayinevi.com.tr\/index.php\/urun\/babamin-masali\/"},"modified":"2026-04-16T02:30:28","modified_gmt":"2026-04-15T23:30:28","slug":"babamin-masali","status":"publish","type":"product","link":"https:\/\/roveyayinevi.com.tr\/index.php\/urun\/babamin-masali\/","title":{"rendered":"Babam\u0131n Masal\u0131"},"content":{"rendered":"<p>Asl\u0131nda bu d\u00fcnya bir f\u0131r\u0131nd\u0131r t\u00fcm insanlara ve herkesin bir pi\u015fme s\u00fcresi vard\u0131r \u201cinsan olmaktan\u201d yana. Baz\u0131lar\u0131 dostlu\u011fuyla, baz\u0131lar\u0131 sevdas\u0131yla, baz\u0131lar\u0131 yaln\u0131zl\u0131\u011f\u0131yla, baz\u0131lar\u0131 davas\u0131yla, fikriyat\u0131yla, baz\u0131lar\u0131 kendi ya da bir yak\u0131n\u0131n\u0131n hastal\u0131\u011f\u0131yla pi\u015fer. Sabretmeyi bilenlere, \u015f\u00fck\u00fcrle devam edebilenlere vard\u0131r mutlaka bir \u201cm\u00fcjde\u201d hem de en ilahisinden. Ve dahi, ne olursa olsun, ya\u015fam da daha g\u00fczeldir pi\u015ftik\u00e7e insan.<\/p>\n","protected":false},"excerpt":{"rendered":"<p>Asl\u0131nda bu d\u00fcnya bir f\u0131r\u0131nd\u0131r t\u00fcm insanlara ve herkesin bir pi\u015fme s\u00fcresi vard\u0131r \u201cinsan olmaktan\u201d yana. Baz\u0131lar\u0131 dostlu\u011fuyla, baz\u0131lar\u0131 sevdas\u0131yla, baz\u0131lar\u0131 yaln\u0131zl\u0131\u011f\u0131yla, baz\u0131lar\u0131 davas\u0131yla, fikriyat\u0131yla, baz\u0131lar\u0131<span class=\"excerpt-hellip\"> [\u2026]<\/span><\/p>\n","protected":false},"featured_media":0,"template":"","meta":{"_monsterinsights_skip_tracking":false,"_monsterinsights_sitenote_active":false,"_monsterinsights_sitenote_note":"","_monsterinsights_sitenote_category":0},"product_brand":[],"product_cat":[12291,12711],"product_tag":[],"class_list":{"0":"post-722309","1":"product","2":"type-product","3":"status-publish","5":"product_cat-edebiyat","6":"product_cat-roman-oyku","7":"pa_cilt-ciltsiz","8":"pa_tur-kitap","9":"pa_yayinevi-perseus","10":"pa_yazar-abdurrahman-ozer","12":"first","13":"instock","14":"sale","15":"shipping-taxable","16":"purchasable","17":"product-type-simple"},"_links":{"self":[{"href":"https:\/\/roveyayinevi.com.tr\/index.php\/wp-json\/wp\/v2\/product\/722309","targetHints":{"allow":["GET"]}}],"collection":[{"href":"https:\/\/roveyayinevi.com.tr\/index.php\/wp-json\/wp\/v2\/product"}],"about":[{"href":"https:\/\/roveyayinevi.com.tr\/index.php\/wp-json\/wp\/v2\/types\/product"}],"wp:attachment":[{"href":"https:\/\/roveyayinevi.com.tr\/index.php\/wp-json\/wp\/v2\/media?parent=722309"}],"wp:term":[{"taxonomy":"product_brand","embeddable":true,"href":"https:\/\/roveyayinevi.com.tr\/index.php\/wp-json\/wp\/v2\/product_brand?post=722309"},{"taxonomy":"product_cat","embeddable":true,"href":"https:\/\/roveyayinevi.com.tr\/index.php\/wp-json\/wp\/v2\/product_cat?post=722309"},{"taxonomy":"product_tag","embeddable":true,"href":"https:\/\/roveyayinevi.com.tr\/index.php\/wp-json\/wp\/v2\/product_tag?post=722309"}],"curies":[{"name":"wp","href":"https:\/\/api.w.org\/{rel}","templated":true}]}}