{"id":722308,"date":"2025-08-27T19:02:38","date_gmt":"2025-08-27T16:02:38","guid":{"rendered":"https:\/\/roveyayinevi.com.tr\/index.php\/urun\/mutluluk-sanati\/"},"modified":"2026-04-13T02:36:43","modified_gmt":"2026-04-12T23:36:43","slug":"mutluluk-sanati","status":"publish","type":"product","link":"https:\/\/roveyayinevi.com.tr\/index.php\/urun\/mutluluk-sanati\/","title":{"rendered":"Mutluluk Sanat\u0131"},"content":{"rendered":"<p>Freud ve Josef Breuer ile ba\u015flayan Bat\u0131\u2019n\u0131n psikoterapi s\u00fcreci sanki bizim k\u00fclt\u00fcr\u00fcm\u00fczde hi\u00e7 b\u00f6yle bir yap\u0131 yokmu\u015f\u00e7as\u0131na f\u00fctursuzca kabul edildi. Her iki \u00e2lemin s\u0131rr\u0131n\u0131 ya\u015fayan,maddenin ana-\u00f6z levhas\u0131n\u0131 bilen, s\u00f6z\u00fc ve bak\u0131\u015f\u0131 b\u0131\u00e7ak kadar keskin, tasavvufun b\u00fcy\u00fck sufileri y\u00fczy\u0131llar \u00f6nce insan ruhunun derinliklerine inerek mevcut olan\u0131 daha derinlerde mevcut olanla tedavi etmi\u015ftir. Y\u00fczy\u0131llar boyunca bu el verilerek yap\u0131lan terapiler kapal\u0131 kap\u0131lar ard\u0131nda tozlu kitap sayfalar\u0131n\u0131n m\u0131sralar\u0131na gizlenmi\u015ftir. Ruhun kap\u0131lar\u0131n\u0131 a\u00e7an \u015feriattan, tarikattan, marifet ve hakikatten ge\u00e7ip farkl\u0131 bilin\u00e7 d\u00fczeylerinde tedavi olacaklar\u0131n kitab\u0131d\u0131r bu kitap.<\/p>\n","protected":false},"excerpt":{"rendered":"<p>Freud ve Josef Breuer ile ba\u015flayan Bat\u0131\u2019n\u0131n psikoterapi s\u00fcreci sanki bizim k\u00fclt\u00fcr\u00fcm\u00fczde hi\u00e7 b\u00f6yle bir yap\u0131 yokmu\u015f\u00e7as\u0131na f\u00fctursuzca kabul edildi. Her iki \u00e2lemin s\u0131rr\u0131n\u0131 ya\u015fayan,maddenin ana-\u00f6z<span class=\"excerpt-hellip\"> [\u2026]<\/span><\/p>\n","protected":false},"featured_media":0,"template":"","meta":{"_monsterinsights_skip_tracking":false,"_monsterinsights_sitenote_active":false,"_monsterinsights_sitenote_note":"","_monsterinsights_sitenote_category":0},"product_brand":[],"product_cat":[12364,12376],"product_tag":[],"class_list":{"0":"post-722308","1":"product","2":"type-product","3":"status-publish","5":"product_cat-genel-konular","6":"product_cat-kisisel-gelisim","7":"pa_cilt-ciltsiz","8":"pa_tur-kitap","9":"pa_yayinevi-elpis-yayinlari","10":"pa_yazar-fatih-guven","12":"first","13":"instock","14":"sale","15":"shipping-taxable","16":"purchasable","17":"product-type-simple"},"_links":{"self":[{"href":"https:\/\/roveyayinevi.com.tr\/index.php\/wp-json\/wp\/v2\/product\/722308","targetHints":{"allow":["GET"]}}],"collection":[{"href":"https:\/\/roveyayinevi.com.tr\/index.php\/wp-json\/wp\/v2\/product"}],"about":[{"href":"https:\/\/roveyayinevi.com.tr\/index.php\/wp-json\/wp\/v2\/types\/product"}],"wp:attachment":[{"href":"https:\/\/roveyayinevi.com.tr\/index.php\/wp-json\/wp\/v2\/media?parent=722308"}],"wp:term":[{"taxonomy":"product_brand","embeddable":true,"href":"https:\/\/roveyayinevi.com.tr\/index.php\/wp-json\/wp\/v2\/product_brand?post=722308"},{"taxonomy":"product_cat","embeddable":true,"href":"https:\/\/roveyayinevi.com.tr\/index.php\/wp-json\/wp\/v2\/product_cat?post=722308"},{"taxonomy":"product_tag","embeddable":true,"href":"https:\/\/roveyayinevi.com.tr\/index.php\/wp-json\/wp\/v2\/product_tag?post=722308"}],"curies":[{"name":"wp","href":"https:\/\/api.w.org\/{rel}","templated":true}]}}