{"id":722307,"date":"2025-08-27T19:02:37","date_gmt":"2025-08-27T16:02:37","guid":{"rendered":"https:\/\/roveyayinevi.com.tr\/index.php\/urun\/iki-sur\/"},"modified":"2026-04-16T02:30:28","modified_gmt":"2026-04-15T23:30:28","slug":"iki-sur","status":"publish","type":"product","link":"https:\/\/roveyayinevi.com.tr\/index.php\/urun\/iki-sur\/","title":{"rendered":"\u0130ki Sur"},"content":{"rendered":"<p>\u0130nsanl\u0131k \u015fimdiye kadar, en ufak yap\u0131 dan ba\u015flayarak, kendi \u0131rk\u0131n\u0131, inanc\u0131n\u0131, ideolojisini ve neslini devam ettirmek ad\u0131na, evlat sahibi olmu\u015f ve bu evlatlar\u0131 da bu do\u011frultuda hareket edecek \u015fekilde yeti\u015ftirmi\u015ftir ve yeti\u015ftirmeye de devam etmektedir. Bu olu\u015fum i\u00e7ersin de \u00e7o\u011funluk piyonlara aittir. Daha zeki olanlar fil, at, kale, vezir ve \u015fah olmu\u015f ve ger\u00e7e\u011fi g\u00f6rm\u00fc\u015flerdir. Fakat sahip olduklar\u0131 makamlardan ve r\u00fctbelerden vaz ge\u00e7emedikleri i\u00e7in oyunu s\u00fcrd\u00fcrmeye devam etmi\u015flerdir. Tabi piyonlar\u0131n i\u00e7inden de belli bir u\u011fra\u015f sonras\u0131 mevki ve makama ula\u015fanlar, kendilerini ink\u00e2r edip yeni oyunlar kurmu\u015ftur. Bu d\u00fcnya bir satran\u00e7 tahtas\u0131 de\u011fildir. Sizin oyunlar\u0131n\u0131z do\u011frultusunda \u00f6len her evlat bir annenin umududur. Bu oyunu kuranlara ve bu oyunu g\u00f6rd\u00fckleri halde devam ettirenlere bir tavsiyem var. Bir an \u00f6nce birle\u015fip \u00f6l\u00fcme \u00e7are bulun. \u00c7\u00fcnk\u00fc sizin yeriniz \u00e7ok kapsaml\u0131 bir titizlikle haz\u0131rland\u0131. \u015eAH. Umar\u0131m Mat oldu\u011funuzu \u00f6lmeden idrak edersiniz.<\/p>\n","protected":false},"excerpt":{"rendered":"<p>\u0130nsanl\u0131k \u015fimdiye kadar, en ufak yap\u0131 dan ba\u015flayarak, kendi \u0131rk\u0131n\u0131, inanc\u0131n\u0131, ideolojisini ve neslini devam ettirmek ad\u0131na, evlat sahibi olmu\u015f ve bu evlatlar\u0131 da bu do\u011frultuda<span class=\"excerpt-hellip\"> [\u2026]<\/span><\/p>\n","protected":false},"featured_media":0,"template":"","meta":{"_monsterinsights_skip_tracking":false,"_monsterinsights_sitenote_active":false,"_monsterinsights_sitenote_note":"","_monsterinsights_sitenote_category":0},"product_brand":[],"product_cat":[12777,12291],"product_tag":[],"class_list":{"0":"post-722307","1":"product","2":"type-product","3":"status-publish","5":"product_cat-deneme","6":"product_cat-edebiyat","7":"pa_cilt-ciltsiz","8":"pa_tur-kitap","9":"pa_yayinevi-elpis-yayinlari","10":"pa_yazar-sabahattin-sert","12":"first","13":"instock","14":"sale","15":"shipping-taxable","16":"purchasable","17":"product-type-simple"},"_links":{"self":[{"href":"https:\/\/roveyayinevi.com.tr\/index.php\/wp-json\/wp\/v2\/product\/722307","targetHints":{"allow":["GET"]}}],"collection":[{"href":"https:\/\/roveyayinevi.com.tr\/index.php\/wp-json\/wp\/v2\/product"}],"about":[{"href":"https:\/\/roveyayinevi.com.tr\/index.php\/wp-json\/wp\/v2\/types\/product"}],"wp:attachment":[{"href":"https:\/\/roveyayinevi.com.tr\/index.php\/wp-json\/wp\/v2\/media?parent=722307"}],"wp:term":[{"taxonomy":"product_brand","embeddable":true,"href":"https:\/\/roveyayinevi.com.tr\/index.php\/wp-json\/wp\/v2\/product_brand?post=722307"},{"taxonomy":"product_cat","embeddable":true,"href":"https:\/\/roveyayinevi.com.tr\/index.php\/wp-json\/wp\/v2\/product_cat?post=722307"},{"taxonomy":"product_tag","embeddable":true,"href":"https:\/\/roveyayinevi.com.tr\/index.php\/wp-json\/wp\/v2\/product_tag?post=722307"}],"curies":[{"name":"wp","href":"https:\/\/api.w.org\/{rel}","templated":true}]}}