{"id":722305,"date":"2025-08-27T19:02:36","date_gmt":"2025-08-27T16:02:36","guid":{"rendered":"https:\/\/roveyayinevi.com.tr\/index.php\/urun\/gunaydin-bendi\/"},"modified":"2026-04-16T02:30:27","modified_gmt":"2026-04-15T23:30:27","slug":"gunaydin-bendi","status":"publish","type":"product","link":"https:\/\/roveyayinevi.com.tr\/index.php\/urun\/gunaydin-bendi\/","title":{"rendered":"G\u00fcnayd\u0131n Bendi"},"content":{"rendered":"<p>Ne\u015fe, arkada\u015flar\u0131yla birlikte orman\u0131n en ilgin\u00e7 hik\u00e2yesini bulursa, &#8220;Orman\u0131n Miras\u0131&#8221; adl\u0131 televizyon program\u0131na kat\u0131lacakt\u0131r. Ancak, ormandan g\u00fczel bir hik\u00e2ye \u00e7\u0131karmak art\u0131k olanaks\u0131zd\u0131r. Bir zamanlar su bendi ve a\u011fa\u00e7lar\u0131yla muhte\u015fem olan bu yer, b\u00fcy\u00fck bir \u00e7\u00f6pl\u00fc\u011fe d\u00f6n\u00fc\u015fm\u00fc\u015f, Mays Canavar\u0131&#8217;n\u0131n krall\u0131\u011f\u0131 olmu\u015ftur. Ama bir g\u00fcn Ne\u015fe&#8217;nin annesi, ormana, otizmli arkada\u015flar\u0131na ve &#8220;G\u00fcnayd\u0131n Bendi&#8221;ne ili\u015fkin \u00f6yle bir an\u0131 payla\u015f\u0131r ki, \u00e7ocuklar yeniden umutlan\u0131r&#8230;<\/p>\n","protected":false},"excerpt":{"rendered":"<p>Ne\u015fe, arkada\u015flar\u0131yla birlikte orman\u0131n en ilgin\u00e7 hik\u00e2yesini bulursa, &#8220;Orman\u0131n Miras\u0131&#8221; adl\u0131 televizyon program\u0131na kat\u0131lacakt\u0131r. Ancak, ormandan g\u00fczel bir hik\u00e2ye \u00e7\u0131karmak art\u0131k olanaks\u0131zd\u0131r. Bir zamanlar su bendi<span class=\"excerpt-hellip\"> [\u2026]<\/span><\/p>\n","protected":false},"featured_media":0,"template":"","meta":{"_monsterinsights_skip_tracking":false,"_monsterinsights_sitenote_active":false,"_monsterinsights_sitenote_note":"","_monsterinsights_sitenote_category":0},"product_brand":[],"product_cat":[12274,12284],"product_tag":[],"class_list":{"0":"post-722305","1":"product","2":"type-product","3":"status-publish","5":"product_cat-cocuk-ve-genclik-kitaplari","6":"product_cat-hikayeler","7":"pa_cilt-ciltsiz","8":"pa_tur-kitap","9":"pa_yayinevi-gunisigi-kitapligi","10":"pa_yazar-muge-iplikci","12":"first","13":"instock","14":"sale","15":"shipping-taxable","16":"purchasable","17":"product-type-simple"},"_links":{"self":[{"href":"https:\/\/roveyayinevi.com.tr\/index.php\/wp-json\/wp\/v2\/product\/722305","targetHints":{"allow":["GET"]}}],"collection":[{"href":"https:\/\/roveyayinevi.com.tr\/index.php\/wp-json\/wp\/v2\/product"}],"about":[{"href":"https:\/\/roveyayinevi.com.tr\/index.php\/wp-json\/wp\/v2\/types\/product"}],"wp:attachment":[{"href":"https:\/\/roveyayinevi.com.tr\/index.php\/wp-json\/wp\/v2\/media?parent=722305"}],"wp:term":[{"taxonomy":"product_brand","embeddable":true,"href":"https:\/\/roveyayinevi.com.tr\/index.php\/wp-json\/wp\/v2\/product_brand?post=722305"},{"taxonomy":"product_cat","embeddable":true,"href":"https:\/\/roveyayinevi.com.tr\/index.php\/wp-json\/wp\/v2\/product_cat?post=722305"},{"taxonomy":"product_tag","embeddable":true,"href":"https:\/\/roveyayinevi.com.tr\/index.php\/wp-json\/wp\/v2\/product_tag?post=722305"}],"curies":[{"name":"wp","href":"https:\/\/api.w.org\/{rel}","templated":true}]}}