{"id":722304,"date":"2025-08-27T19:02:35","date_gmt":"2025-08-27T16:02:35","guid":{"rendered":"https:\/\/roveyayinevi.com.tr\/index.php\/urun\/siyasette-kurt-kapani\/"},"modified":"2026-04-16T02:30:27","modified_gmt":"2026-04-15T23:30:27","slug":"siyasette-kurt-kapani","status":"publish","type":"product","link":"https:\/\/roveyayinevi.com.tr\/index.php\/urun\/siyasette-kurt-kapani\/","title":{"rendered":"Siyasette Kurt Kapan\u0131"},"content":{"rendered":"<p>Erbakan kurtlar sofras\u0131nda neler yapt\u0131?\u00d6zal&#8217;\u0131n derin devletle sava\u015f\u0131\u2026Menderes\u2019in vesayeti k\u0131rma \u00e7abas\u0131\u2026Darbeli demokrasiye giydirilen deli g\u00f6mle\u011fi 27 May\u0131s\u2026CHP\u2019yi iktidarda tutma \u00e7abas\u0131 ve darbecilerin CHP a\u015fk\u0131\u2026Sa\u011f partileri b\u00f6l\u00fcp par\u00e7alay\u0131p CHP\u2019ye alan a\u00e7ma operasyonlar\u0131\u2026Darbenin post modern cinnet hali 28 \u015eubat\u2026Bin y\u0131l s\u00fcrece\u011fi s\u00f6ylenen darbe 10 y\u0131lda nas\u0131l bitti?Erdo\u011fan&#8217;\u0131n uzun ince bir yolda y\u00fcr\u00fctt\u00fc\u011f\u00fc amans\u0131z m\u00fccadele&#8230;7 \u015eubat M\u0130T darbesi ve 17-25 Aral\u0131k haysiyet darbesi\u2026Mit t\u0131rlar\u0131 ve Kobani tuza\u011f\u0131\u2026Vesayetin son aparat\u0131 FE*T\u00d6\u2026Devlet, i\u015fgalden nas\u0131l kurtuldu?B\u00fcy\u00fck Ortado\u011fu Projesi\u2019ne ne oldu?\u00c7\u00f6z\u00fcm s\u00fcreci bize neler kazand\u0131rd\u0131, neler kaybettirdi?May\u0131nlarla dolu bir yol ve f\u0131rt\u0131nal\u0131 bir yolculu\u011fun hik\u00e2yesi\u2026Bu zorlu yolculu\u011fun her an\u0131n\u0131 ve buna ili\u015fkin \u00f6nemli tespitleri bulaca\u011f\u0131n\u0131z bu kitap, ayn\u0131 zamanda mevcut siyasi geli\u015fmelerin sa\u011fl\u0131kl\u0131 de\u011ferlendirilebilmesi s\u00fcrecinde okuyucular\u0131na \u0131\u015f\u0131k tutacak.<\/p>\n","protected":false},"excerpt":{"rendered":"<p>Erbakan kurtlar sofras\u0131nda neler yapt\u0131?\u00d6zal&#8217;\u0131n derin devletle sava\u015f\u0131\u2026Menderes\u2019in vesayeti k\u0131rma \u00e7abas\u0131\u2026Darbeli demokrasiye giydirilen deli g\u00f6mle\u011fi 27 May\u0131s\u2026CHP\u2019yi iktidarda tutma \u00e7abas\u0131 ve darbecilerin CHP a\u015fk\u0131\u2026Sa\u011f partileri b\u00f6l\u00fcp<span class=\"excerpt-hellip\"> [\u2026]<\/span><\/p>\n","protected":false},"featured_media":0,"template":"","meta":{"_monsterinsights_skip_tracking":false,"_monsterinsights_sitenote_active":false,"_monsterinsights_sitenote_note":"","_monsterinsights_sitenote_category":0},"product_brand":[],"product_cat":[12337,14543],"product_tag":[],"class_list":{"0":"post-722304","1":"product","2":"type-product","3":"status-publish","5":"product_cat-politika-siyaset","6":"product_cat-turkiye-siyaseti-ve-politikasi","7":"pa_cilt-ciltsiz","8":"pa_tur-kitap","9":"pa_yayinevi-cinaralti-yayinlari","10":"pa_yazar-sevki-karabekiroglu","12":"first","13":"instock","14":"sale","15":"shipping-taxable","16":"purchasable","17":"product-type-simple"},"_links":{"self":[{"href":"https:\/\/roveyayinevi.com.tr\/index.php\/wp-json\/wp\/v2\/product\/722304","targetHints":{"allow":["GET"]}}],"collection":[{"href":"https:\/\/roveyayinevi.com.tr\/index.php\/wp-json\/wp\/v2\/product"}],"about":[{"href":"https:\/\/roveyayinevi.com.tr\/index.php\/wp-json\/wp\/v2\/types\/product"}],"wp:attachment":[{"href":"https:\/\/roveyayinevi.com.tr\/index.php\/wp-json\/wp\/v2\/media?parent=722304"}],"wp:term":[{"taxonomy":"product_brand","embeddable":true,"href":"https:\/\/roveyayinevi.com.tr\/index.php\/wp-json\/wp\/v2\/product_brand?post=722304"},{"taxonomy":"product_cat","embeddable":true,"href":"https:\/\/roveyayinevi.com.tr\/index.php\/wp-json\/wp\/v2\/product_cat?post=722304"},{"taxonomy":"product_tag","embeddable":true,"href":"https:\/\/roveyayinevi.com.tr\/index.php\/wp-json\/wp\/v2\/product_tag?post=722304"}],"curies":[{"name":"wp","href":"https:\/\/api.w.org\/{rel}","templated":true}]}}