{"id":722301,"date":"2025-08-27T19:02:33","date_gmt":"2025-08-27T16:02:33","guid":{"rendered":"https:\/\/roveyayinevi.com.tr\/index.php\/urun\/mistik-konagin-koruyuculari\/"},"modified":"2026-04-16T02:30:27","modified_gmt":"2026-04-15T23:30:27","slug":"mistik-konagin-koruyuculari","status":"publish","type":"product","link":"https:\/\/roveyayinevi.com.tr\/index.php\/urun\/mistik-konagin-koruyuculari\/","title":{"rendered":"Mistik Kona\u011f\u0131n Koruyucular\u0131"},"content":{"rendered":"<p>\u201cKona\u011fa yukar\u0131dan bakarken bile heybeti belli oluyordu. Konak ve bah\u00e7esi neredeyse Enke\u2019nin eski kasabas\u0131 b\u00fcy\u00fckl\u00fc\u011f\u00fcnde bir alana yay\u0131lm\u0131\u015ft\u0131. \u00dc\u00e7 katl\u0131yd\u0131. Son kat \u00e7at\u0131 kat\u0131na benziyordu. \u00c7\u00fcnk\u00fc ilk iki kata g\u00f6re daralarak y\u00fckseliyordu duvarlar. Baz\u0131 yerlerde kuleleri and\u0131ran yap\u0131lar g\u00f6ze \u00e7arp\u0131yordu. Koni \u015feklindeki \u00e7at\u0131n\u0131n alt\u0131nda, yuvarlak duvarlar g\u00f6zetleme kulesini olmal\u0131yd\u0131. Son kat\u0131n \u00f6n\u00fcnde b\u00fcy\u00fck bir teras vard\u0131. Binan\u0131n ba\u015f\u0131nda ve sonunda ise konak oval bir g\u00f6r\u00fcnt\u00fc sergiliyordu. Konak, bak\u0131ml\u0131 bah\u00e7enin tam ortas\u0131nda bulunuyordu. Bah\u00e7e d\u00fczenlemesi labirenti and\u0131r\u0131yordu. Kona\u011fa ula\u015fmak isteyenler, labirent bah\u00e7eyi ge\u00e7meliydi. Tabi y\u00fcksek demir duvarlar\u0131 ge\u00e7ip s\u0131n\u0131rlar\u0131 a\u015fabilirlerse&#8230;\u201d   \u201cEnke ve Tulpar aras\u0131ndaki ili\u015fki bana en sevdi\u011fim kitaplardan olan Jonathan Livingston\u2019un Mart\u0131 kitab\u0131n\u0131 hat\u0131rlatt\u0131.\u201d Psk. Dan. Gizem KOL\u00c7AK<\/p>\n","protected":false},"excerpt":{"rendered":"<p>\u201cKona\u011fa yukar\u0131dan bakarken bile heybeti belli oluyordu. Konak ve bah\u00e7esi neredeyse Enke\u2019nin eski kasabas\u0131 b\u00fcy\u00fckl\u00fc\u011f\u00fcnde bir alana yay\u0131lm\u0131\u015ft\u0131. \u00dc\u00e7 katl\u0131yd\u0131. Son kat \u00e7at\u0131 kat\u0131na benziyordu. \u00c7\u00fcnk\u00fc<span class=\"excerpt-hellip\"> [\u2026]<\/span><\/p>\n","protected":false},"featured_media":0,"template":"","meta":{"_monsterinsights_skip_tracking":false,"_monsterinsights_sitenote_active":false,"_monsterinsights_sitenote_note":"","_monsterinsights_sitenote_category":0},"product_brand":[],"product_cat":[12291,14777],"product_tag":[],"class_list":{"0":"post-722301","1":"product","2":"type-product","3":"status-publish","5":"product_cat-edebiyat","6":"product_cat-fantastik","7":"pa_cilt-ciltsiz","8":"pa_tur-kitap","9":"pa_yayinevi-perseus","10":"pa_yazar-onur-omer-duzgun","12":"first","13":"instock","14":"sale","15":"shipping-taxable","16":"purchasable","17":"product-type-simple"},"_links":{"self":[{"href":"https:\/\/roveyayinevi.com.tr\/index.php\/wp-json\/wp\/v2\/product\/722301","targetHints":{"allow":["GET"]}}],"collection":[{"href":"https:\/\/roveyayinevi.com.tr\/index.php\/wp-json\/wp\/v2\/product"}],"about":[{"href":"https:\/\/roveyayinevi.com.tr\/index.php\/wp-json\/wp\/v2\/types\/product"}],"wp:attachment":[{"href":"https:\/\/roveyayinevi.com.tr\/index.php\/wp-json\/wp\/v2\/media?parent=722301"}],"wp:term":[{"taxonomy":"product_brand","embeddable":true,"href":"https:\/\/roveyayinevi.com.tr\/index.php\/wp-json\/wp\/v2\/product_brand?post=722301"},{"taxonomy":"product_cat","embeddable":true,"href":"https:\/\/roveyayinevi.com.tr\/index.php\/wp-json\/wp\/v2\/product_cat?post=722301"},{"taxonomy":"product_tag","embeddable":true,"href":"https:\/\/roveyayinevi.com.tr\/index.php\/wp-json\/wp\/v2\/product_tag?post=722301"}],"curies":[{"name":"wp","href":"https:\/\/api.w.org\/{rel}","templated":true}]}}