{"id":722300,"date":"2025-08-27T19:02:32","date_gmt":"2025-08-27T16:02:32","guid":{"rendered":"https:\/\/roveyayinevi.com.tr\/index.php\/urun\/ruya-sanatcisi\/"},"modified":"2026-04-16T02:30:27","modified_gmt":"2026-04-15T23:30:27","slug":"ruya-sanatcisi","status":"publish","type":"product","link":"https:\/\/roveyayinevi.com.tr\/index.php\/urun\/ruya-sanatcisi\/","title":{"rendered":"R\u00fcya Sanat\u00e7\u0131s\u0131"},"content":{"rendered":"<p>R\u00fcyalar, 21. y\u00fczy\u0131l\u0131n ortalar\u0131nda bir ba\u015fl\u0131k arac\u0131l\u0131\u011f\u0131yla g\u00f6r\u00fcnt\u00fclenmeye ba\u015flanm\u0131\u015ft\u0131r. K\u0131sa s\u00fcren bir erotik r\u00fcya yay\u0131n\u0131 furyas\u0131ndan sonra, r\u00fcyalar \u00e7e\u015fitlenir ve r\u00fcya sanat\u0131 ger\u00e7ek anlamda do\u011fmu\u015f olur. R\u00fcya sanat\u00e7\u0131s\u0131 Selim \u00d6zben bu s\u00fcre\u00e7te k\u00fcresel \u00e7apta bir \u00fcne kavu\u015fur. \u00d6zben\u2019in \u015f\u00f6hretinin doru\u011fundayken ortal\u0131ktan kaybolmas\u0131 uluslararas\u0131 bir sorun haline gelir. \u0130\u00e7 G\u00fcvenlik Bakanl\u0131\u011f\u0131 ara\u015ft\u0131rmac\u0131 Ruhi ve \u00e7al\u0131\u015fma arkada\u015f\u0131 Peri\u2019yi olay\u0131 \u00e7\u00f6zmek \u00fczere g\u00f6revlendirir.   &#8220;Selim \u00d6zben r\u00fcyalar\u0131n\u0131, alg\u0131lar\u0131n\u0131z sonuna kadar a\u00e7\u0131lm\u0131\u015f, r\u00fcyan\u0131n zarafetiyle sarmalanm\u0131\u015f, zevk ve merakla mest olmu\u015f bir halde seyrederken kendi kendinize ke\u015fke hi\u00e7 bitmese dersiniz. O r\u00fcyalar\u0131 izlerken g\u00fcndelik hesaplar\u0131n sizi hapsetti\u011fi zihinsel k\u0131s\u0131rl\u0131ktan kurtulup bir harikalar diyar\u0131na girmi\u015f gibi olursunuz; sonunda ben de \u00f6nemli bir olay\u0131n, ilgin\u00e7 bir maceran\u0131n, g\u00fc\u00e7l\u00fc bir duygunun, zenginle\u015ftiren bir izlenimin par\u00e7as\u0131 oluyorum diye d\u00fc\u015f\u00fcn\u00fcr ve mutlu olursunuz.\u201d<\/p>\n","protected":false},"excerpt":{"rendered":"<p>R\u00fcyalar, 21. y\u00fczy\u0131l\u0131n ortalar\u0131nda bir ba\u015fl\u0131k arac\u0131l\u0131\u011f\u0131yla g\u00f6r\u00fcnt\u00fclenmeye ba\u015flanm\u0131\u015ft\u0131r. K\u0131sa s\u00fcren bir erotik r\u00fcya yay\u0131n\u0131 furyas\u0131ndan sonra, r\u00fcyalar \u00e7e\u015fitlenir ve r\u00fcya sanat\u0131 ger\u00e7ek anlamda do\u011fmu\u015f olur.<span class=\"excerpt-hellip\"> [\u2026]<\/span><\/p>\n","protected":false},"featured_media":0,"template":"","meta":{"_monsterinsights_skip_tracking":false,"_monsterinsights_sitenote_active":false,"_monsterinsights_sitenote_note":"","_monsterinsights_sitenote_category":0},"product_brand":[],"product_cat":[12540,12291],"product_tag":[],"class_list":{"0":"post-722300","1":"product","2":"type-product","3":"status-publish","5":"product_cat-bilim-kurgu","6":"product_cat-edebiyat","7":"pa_cilt-ciltsiz","8":"pa_tur-kitap","9":"pa_yayinevi-perseus","10":"pa_yazar-murat-k-besiroglu","12":"first","13":"instock","14":"sale","15":"shipping-taxable","16":"purchasable","17":"product-type-simple"},"_links":{"self":[{"href":"https:\/\/roveyayinevi.com.tr\/index.php\/wp-json\/wp\/v2\/product\/722300","targetHints":{"allow":["GET"]}}],"collection":[{"href":"https:\/\/roveyayinevi.com.tr\/index.php\/wp-json\/wp\/v2\/product"}],"about":[{"href":"https:\/\/roveyayinevi.com.tr\/index.php\/wp-json\/wp\/v2\/types\/product"}],"wp:attachment":[{"href":"https:\/\/roveyayinevi.com.tr\/index.php\/wp-json\/wp\/v2\/media?parent=722300"}],"wp:term":[{"taxonomy":"product_brand","embeddable":true,"href":"https:\/\/roveyayinevi.com.tr\/index.php\/wp-json\/wp\/v2\/product_brand?post=722300"},{"taxonomy":"product_cat","embeddable":true,"href":"https:\/\/roveyayinevi.com.tr\/index.php\/wp-json\/wp\/v2\/product_cat?post=722300"},{"taxonomy":"product_tag","embeddable":true,"href":"https:\/\/roveyayinevi.com.tr\/index.php\/wp-json\/wp\/v2\/product_tag?post=722300"}],"curies":[{"name":"wp","href":"https:\/\/api.w.org\/{rel}","templated":true}]}}