{"id":722299,"date":"2025-08-27T19:02:31","date_gmt":"2025-08-27T16:02:31","guid":{"rendered":"https:\/\/roveyayinevi.com.tr\/index.php\/urun\/schrodingerin-papagani\/"},"modified":"2026-04-16T02:30:27","modified_gmt":"2026-04-15T23:30:27","slug":"schrodingerin-papagani","status":"publish","type":"product","link":"https:\/\/roveyayinevi.com.tr\/index.php\/urun\/schrodingerin-papagani\/","title":{"rendered":"Schr\u00f6dinger\u2019in Papa\u011fan\u0131"},"content":{"rendered":"<p>Ogox, A\u015fk Algoritmas\u0131 ve D\u00f6rd\u00fcnc\u00fc D\u00fcnya kitaplar\u0131yla tan\u0131nan Murat K. Be\u015firo\u011flu\u2019nun son kitab\u0131 Schr\u00f6dinger\u2019in Papa\u011fan\u0131 alt\u0131 bilimkurgu \u00f6yk\u00fcs\u00fcnden olu\u015fuyor.\u0130nsan zek\u00e2s\u0131na sahip entelekt\u00fcel kediyle ev arkada\u015fl\u0131\u011f\u0131\u2026Zamanda yap\u0131lan ka\u00e7ak yolculuklar\u2026D\u00f6rt cinsiyetli uzayl\u0131lar\u0131n yolda\u015fl\u0131\u011f\u0131\u2026K\u0131yamet g\u00fcn\u00fcn\u00fcn provas\u0131\u2026Tek solukta okuyaca\u011f\u0131n\u0131z bilimkurgu maceralar\u0131na e\u015flik etmeye haz\u0131r m\u0131s\u0131n\u0131z?Hadi o zaman.<\/p>\n","protected":false},"excerpt":{"rendered":"<p>Ogox, A\u015fk Algoritmas\u0131 ve D\u00f6rd\u00fcnc\u00fc D\u00fcnya kitaplar\u0131yla tan\u0131nan Murat K. Be\u015firo\u011flu\u2019nun son kitab\u0131 Schr\u00f6dinger\u2019in Papa\u011fan\u0131 alt\u0131 bilimkurgu \u00f6yk\u00fcs\u00fcnden olu\u015fuyor.\u0130nsan zek\u00e2s\u0131na sahip entelekt\u00fcel kediyle ev arkada\u015fl\u0131\u011f\u0131\u2026Zamanda yap\u0131lan<span class=\"excerpt-hellip\"> [\u2026]<\/span><\/p>\n","protected":false},"featured_media":0,"template":"","meta":{"_monsterinsights_skip_tracking":false,"_monsterinsights_sitenote_active":false,"_monsterinsights_sitenote_note":"","_monsterinsights_sitenote_category":0},"product_brand":[],"product_cat":[12540,12291],"product_tag":[],"class_list":{"0":"post-722299","1":"product","2":"type-product","3":"status-publish","5":"product_cat-bilim-kurgu","6":"product_cat-edebiyat","7":"pa_cilt-ciltsiz","8":"pa_tur-kitap","9":"pa_yayinevi-perseus","10":"pa_yazar-murat-k-besiroglu","12":"first","13":"instock","14":"sale","15":"shipping-taxable","16":"purchasable","17":"product-type-simple"},"_links":{"self":[{"href":"https:\/\/roveyayinevi.com.tr\/index.php\/wp-json\/wp\/v2\/product\/722299","targetHints":{"allow":["GET"]}}],"collection":[{"href":"https:\/\/roveyayinevi.com.tr\/index.php\/wp-json\/wp\/v2\/product"}],"about":[{"href":"https:\/\/roveyayinevi.com.tr\/index.php\/wp-json\/wp\/v2\/types\/product"}],"wp:attachment":[{"href":"https:\/\/roveyayinevi.com.tr\/index.php\/wp-json\/wp\/v2\/media?parent=722299"}],"wp:term":[{"taxonomy":"product_brand","embeddable":true,"href":"https:\/\/roveyayinevi.com.tr\/index.php\/wp-json\/wp\/v2\/product_brand?post=722299"},{"taxonomy":"product_cat","embeddable":true,"href":"https:\/\/roveyayinevi.com.tr\/index.php\/wp-json\/wp\/v2\/product_cat?post=722299"},{"taxonomy":"product_tag","embeddable":true,"href":"https:\/\/roveyayinevi.com.tr\/index.php\/wp-json\/wp\/v2\/product_tag?post=722299"}],"curies":[{"name":"wp","href":"https:\/\/api.w.org\/{rel}","templated":true}]}}