{"id":722297,"date":"2025-08-27T19:02:30","date_gmt":"2025-08-27T16:02:30","guid":{"rendered":"https:\/\/roveyayinevi.com.tr\/index.php\/urun\/arzunun-sinirlari\/"},"modified":"2026-04-16T02:30:27","modified_gmt":"2026-04-15T23:30:27","slug":"arzunun-sinirlari","status":"publish","type":"product","link":"https:\/\/roveyayinevi.com.tr\/index.php\/urun\/arzunun-sinirlari\/","title":{"rendered":"Arzunun S\u0131n\u0131rlar\u0131"},"content":{"rendered":"<p>Sekse dair team\u00fcllerimiz nas\u0131l de\u011fi\u015fti ve seks hukukunu nas\u0131l etkiledi?Neyin yasal, neyin yasak oldu\u011funu belirleyen insan kendi hayat\u0131n\u0131 bu yolla nas\u0131l d\u00fczenledi?Gazeteci, yazar, hukuk\u00e7u Eric Berkowitz seks hukuku ve seksin politik \u00e7\u0131karlar do\u011frultusunda y\u00f6netilmesi bahsine bir \u00f6nceki kitab\u0131 Seks ve Ceza\u2019da b\u0131rakt\u0131\u011f\u0131 yerden, yirminci y\u00fczy\u0131ldan devam ediyor.Arzunun S\u0131n\u0131rlar\u0131\u2019nda seksin aile, iktidar, \u0131rk\u00e7\u0131l\u0131k, s\u00f6m\u00fcrgele\u015ftirme, cinsiyet ve kimlik mefhumlar\u0131yla ikircikli ili\u015fkisini yirminci y\u00fczy\u0131ldan \u00e7arp\u0131c\u0131 \u00f6rnekler e\u015fli\u011finde n\u00fcktedan bir dille aktaran Berkowitz, \u201ccinsel devrim\u201d, ma\u011fduru korumaktan uzak tecav\u00fcz yasalar\u0131, e\u015fcinsel haklar\u0131 m\u00fccadelesi, modern psikiyatrinin hukuk \u00fczerindeki etkisi, insan ticareti ve sanal seks haberleri \u00fczerinden bu ili\u015fkinin izini g\u00fcn\u00fcm\u00fcze kadar s\u00fcr\u00fcyor.&#8221;Bu kitab\u0131n her b\u00f6l\u00fcm\u00fc farkl\u0131 bir dizi yasay\u0131 ele al\u0131yor ancak her biri, toplum taraf\u0131ndan kabul edilebilir cinsel davran\u0131\u015flar b\u00fct\u00fcn\u00fcne dayanarak g\u00fc\u00e7l\u00fcn\u00fcn g\u00fc\u00e7s\u00fcz\u00fcn bedeni \u00fczerinde kurdu\u011fu iktidara sesleniyor. Cahil dindar gruplar taraf\u0131ndan &#8216;kurtar\u0131ld\u0131ktan&#8217; sonra \u00fczerine kilit vurulup istismar edilen fahi\u015feleri, Nazi d\u00f6neminde Alman sevgilisi oldu\u011fu i\u00e7in &#8216;\u00fcst\u00fcn \u0131rk\u0131 kirletti\u011fi&#8217; gerek\u00e7esiyle \u00f6ld\u00fcr\u00fclen Yahudileri, beyazlarla cinsel ili\u015fkiye girdi\u011fi i\u00e7in lin\u00e7 edilen Afrikal\u0131 Amerikal\u0131lar\u0131, ak\u0131l hastanelerinde lobotomi &#8216;tedavisi&#8217; g\u00f6ren e\u015fcinselleri, &#8216;u\u00e7kuru gev\u015fek&#8217; oldu\u011fu i\u00e7in zorla k\u0131s\u0131rla\u015ft\u0131r\u0131lan siyah gen\u00e7 kad\u0131nlar\u0131, oyun arkada\u015flar\u0131yla deneysel ke\u015fifte bulundu\u011fu i\u00e7in tehlikeli seks su\u00e7lusu yaftas\u0131 yap\u0131\u015ft\u0131r\u0131lan k\u00fc\u00e7\u00fcc\u00fck \u00e7ocuklar\u0131, cinsel i\u00e7erikli k\u0131sa mesaj payla\u015fmaktan \u00e7ocuk pornocusu diye hapse at\u0131lan ergenleri kaps\u0131yor. Seks su\u00e7lusu olmak \u00e7o\u011fu zaman yanl\u0131\u015f yerde veya yanl\u0131\u015f zamanda yakalanmak, yanl\u0131\u015f s\u0131n\u0131f ya da \u0131rk\u0131n mensubu olmak, hayatlar\u0131m\u0131zdan ge\u00e7mekte olan bir ahlak vesvesesine ters d\u00fc\u015fmek talihsizli\u011finden ibaret.&#8221;<\/p>\n","protected":false},"excerpt":{"rendered":"<p>Sekse dair team\u00fcllerimiz nas\u0131l de\u011fi\u015fti ve seks hukukunu nas\u0131l etkiledi?Neyin yasal, neyin yasak oldu\u011funu belirleyen insan kendi hayat\u0131n\u0131 bu yolla nas\u0131l d\u00fczenledi?Gazeteci, yazar, hukuk\u00e7u Eric Berkowitz<span class=\"excerpt-hellip\"> [\u2026]<\/span><\/p>\n","protected":false},"featured_media":0,"template":"","meta":{"_monsterinsights_skip_tracking":false,"_monsterinsights_sitenote_active":false,"_monsterinsights_sitenote_note":"","_monsterinsights_sitenote_category":0},"product_brand":[],"product_cat":[12305,12304],"product_tag":[],"class_list":{"0":"post-722297","1":"product","2":"type-product","3":"status-publish","5":"product_cat-dunya-tarihi","6":"product_cat-tarih","7":"pa_cilt-ciltsiz","8":"pa_tur-kitap","9":"pa_yayinevi-kolektif-kitap","10":"pa_yazar-eric-berkowitz","12":"first","13":"instock","14":"sale","15":"shipping-taxable","16":"purchasable","17":"product-type-simple"},"_links":{"self":[{"href":"https:\/\/roveyayinevi.com.tr\/index.php\/wp-json\/wp\/v2\/product\/722297","targetHints":{"allow":["GET"]}}],"collection":[{"href":"https:\/\/roveyayinevi.com.tr\/index.php\/wp-json\/wp\/v2\/product"}],"about":[{"href":"https:\/\/roveyayinevi.com.tr\/index.php\/wp-json\/wp\/v2\/types\/product"}],"wp:attachment":[{"href":"https:\/\/roveyayinevi.com.tr\/index.php\/wp-json\/wp\/v2\/media?parent=722297"}],"wp:term":[{"taxonomy":"product_brand","embeddable":true,"href":"https:\/\/roveyayinevi.com.tr\/index.php\/wp-json\/wp\/v2\/product_brand?post=722297"},{"taxonomy":"product_cat","embeddable":true,"href":"https:\/\/roveyayinevi.com.tr\/index.php\/wp-json\/wp\/v2\/product_cat?post=722297"},{"taxonomy":"product_tag","embeddable":true,"href":"https:\/\/roveyayinevi.com.tr\/index.php\/wp-json\/wp\/v2\/product_tag?post=722297"}],"curies":[{"name":"wp","href":"https:\/\/api.w.org\/{rel}","templated":true}]}}