{"id":722295,"date":"2025-08-27T19:02:28","date_gmt":"2025-08-27T16:02:28","guid":{"rendered":"https:\/\/roveyayinevi.com.tr\/index.php\/urun\/ben-bir-kitap-savarim-ciltli\/"},"modified":"2026-04-16T02:30:27","modified_gmt":"2026-04-15T23:30:27","slug":"ben-bir-kitap-savarim-ciltli","status":"publish","type":"product","link":"https:\/\/roveyayinevi.com.tr\/index.php\/urun\/ben-bir-kitap-savarim-ciltli\/","title":{"rendered":"Ben Bir Kitap Savar\u0131m (Ciltli)"},"content":{"rendered":"<p>\u00c7\u00fcnk\u00fc kitab\u0131n tad\u0131na bir kez bak\u0131nca, bir daha b\u0131rakamazs\u0131n!Frans\u0131z yazar Ingrid Chabbert ile \u0130spanyol ressam Guridi\u2019nin ortak imzas\u0131n\u0131 ta\u015f\u0131yan Ben Bir Kitapsavar\u0131m, okumaya hi\u00e7 \u015fans vermeyen ve kitaplara \u00f6nyarg\u0131l\u0131 yakla\u015fan \u00e7ocuklar\u0131 s\u00f6zc\u00fcklerin renkli d\u00fcnyas\u0131yla bulu\u015fturan mucizevi bir kitap.Mizahi anlat\u0131m\u0131 ve farkl\u0131 tekniklerden beslenen karikat\u00fcr tad\u0131ndaki resimleriyle herkesi kitap okumaya heveslendiren bu sevimli \u00f6yk\u00fc, kitapsavar bir \u00e7ocu\u011fun bir kitapsevere d\u00f6n\u00fc\u015fme ser\u00fcvenini, etkileyici ve esprili bir dille aktar\u0131yor.Kitaplar\u0131 \u00e7ok seven ve \u00e7ocuklar\u0131na okuma k\u00fclt\u00fcr\u00fc a\u015f\u0131lamak isteyen ebeveynlerin mutlaka edinmek isteyecekleri Ben Bir Kitapsavar\u0131m, okuman\u0131n insan ya\u015fam\u0131ndaki yerine vurgu yapan, empati yetene\u011fini geli\u015ftiren eserlerden.Albert\u2019in annesi tam bir kitapkurdudur. Banyoda, otob\u00fcste, hayal kurarken ve hatta yemek yerken bile okuyabilir. Babas\u0131, ayda 23 kitap okur. \u00dcstelik i\u00e7lerinde hi\u00e7 resim yoktur! Ablas\u0131na gelince, g\u00fcn boyunca telefonu ile son \u00e7\u0131kan bir roman aras\u0131nda mekik dokur. Oysa Albert ger\u00e7ek bir kitapsavard\u0131r! \u00d6yle ki, ne kitaplar\u0131n resimlerine bakabilir, ne kokular\u0131na dayanabilir, ne de onlara katlanabilir. Ta ki, onu \u00f6nyarg\u0131lar\u0131ndan uzakla\u015ft\u0131racak ve i\u015ftahl\u0131 bir kitapsevere d\u00f6n\u00fc\u015ft\u00fcrecek yaramaz bir tav\u015fanla tan\u0131\u015fana dek\u2026Hayatlar\u0131nda tek bir kitab\u0131n bile kapa\u011f\u0131n\u0131 a\u00e7(a)mayanlar\u0131n merak duygular\u0131n\u0131 harekete ge\u00e7irip onlar\u0131 kitaplara yakla\u015ft\u0131rmay\u0131 ba\u015faran bu inan\u0131lmaz \u00f6yk\u00fc, hen\u00fcz kendilerini bir kitapsevere d\u00f6n\u00fc\u015ft\u00fcrecek o &#8220;gizemli&#8221; tav\u015fanla kar\u015f\u0131la\u015fmayan t\u00fcm kitapsavarlara arma\u011fan!<\/p>\n","protected":false},"excerpt":{"rendered":"<p>\u00c7\u00fcnk\u00fc kitab\u0131n tad\u0131na bir kez bak\u0131nca, bir daha b\u0131rakamazs\u0131n!Frans\u0131z yazar Ingrid Chabbert ile \u0130spanyol ressam Guridi\u2019nin ortak imzas\u0131n\u0131 ta\u015f\u0131yan Ben Bir Kitapsavar\u0131m, okumaya hi\u00e7 \u015fans vermeyen<span class=\"excerpt-hellip\"> [\u2026]<\/span><\/p>\n","protected":false},"featured_media":0,"template":"","meta":{"_monsterinsights_skip_tracking":false,"_monsterinsights_sitenote_active":false,"_monsterinsights_sitenote_note":"","_monsterinsights_sitenote_category":0},"product_brand":[],"product_cat":[12274,12284],"product_tag":[],"class_list":{"0":"post-722295","1":"product","2":"type-product","3":"status-publish","5":"product_cat-cocuk-ve-genclik-kitaplari","6":"product_cat-hikayeler","7":"pa_cilt-ciltli","8":"pa_tur-kitap","9":"pa_yayinevi-ucanbalik-yayincilik","10":"pa_yazar-ingrid-chabbert","12":"first","13":"instock","14":"sale","15":"shipping-taxable","16":"purchasable","17":"product-type-simple"},"_links":{"self":[{"href":"https:\/\/roveyayinevi.com.tr\/index.php\/wp-json\/wp\/v2\/product\/722295","targetHints":{"allow":["GET"]}}],"collection":[{"href":"https:\/\/roveyayinevi.com.tr\/index.php\/wp-json\/wp\/v2\/product"}],"about":[{"href":"https:\/\/roveyayinevi.com.tr\/index.php\/wp-json\/wp\/v2\/types\/product"}],"wp:attachment":[{"href":"https:\/\/roveyayinevi.com.tr\/index.php\/wp-json\/wp\/v2\/media?parent=722295"}],"wp:term":[{"taxonomy":"product_brand","embeddable":true,"href":"https:\/\/roveyayinevi.com.tr\/index.php\/wp-json\/wp\/v2\/product_brand?post=722295"},{"taxonomy":"product_cat","embeddable":true,"href":"https:\/\/roveyayinevi.com.tr\/index.php\/wp-json\/wp\/v2\/product_cat?post=722295"},{"taxonomy":"product_tag","embeddable":true,"href":"https:\/\/roveyayinevi.com.tr\/index.php\/wp-json\/wp\/v2\/product_tag?post=722295"}],"curies":[{"name":"wp","href":"https:\/\/api.w.org\/{rel}","templated":true}]}}