{"id":722294,"date":"2025-08-27T19:02:27","date_gmt":"2025-08-27T16:02:27","guid":{"rendered":"https:\/\/roveyayinevi.com.tr\/index.php\/urun\/benim-meskenim-daglardir-butun-siirleri\/"},"modified":"2026-04-15T02:40:00","modified_gmt":"2026-04-14T23:40:00","slug":"benim-meskenim-daglardir-butun-siirleri","status":"publish","type":"product","link":"https:\/\/roveyayinevi.com.tr\/index.php\/urun\/benim-meskenim-daglardir-butun-siirleri\/","title":{"rendered":"Benim Meskenim Da\u011flard\u0131r &#8211; B\u00fct\u00fcn \u015eiirleri"},"content":{"rendered":"<p>Edebiyat\u0131m\u0131zda \u00f6yk\u00fcc\u00fcl\u00fc\u011f\u00fc, daha \u00e7ok da romanc\u0131l\u0131\u011f\u0131 ile tan\u0131n\u0131p bilinen Sabahattin Ali, yaz\u0131 ya\u015fam\u0131na \u015fiirle ba\u015flam\u0131\u015ft\u0131r. Sabahattin Ali\u2019nin haks\u0131zl\u0131\u011fa katlanamayan karakteri, kendisini en yo\u011fun bi\u00e7imde \u015fiirlerinde ortaya koymu\u015f, \u00f6l\u00fcm\u00fcnden y\u0131llar sonra bestelenen bir\u00e7ok \u015fiiri farkl\u0131 ku\u015faklardan insanlar\u0131 sevdal\u0131 insanc\u0131ll\u0131\u011f\u0131 \u00e7evresinde birle\u015ftirmi\u015ftir. Onun yolu da\u011flara \u00e7\u0131kan, deli r\u00fczg\u00e2rlara yarenlik eden co\u015fkulu \u015fiirlerinde de, a\u015fk ac\u0131s\u0131yla, elemle, kederle yaz\u0131lm\u0131\u015f h\u00fcz\u00fcnl\u00fc dizelerinde de halk \u015fiirinin s\u0131cakl\u0131\u011f\u0131, dupduru bir merhabayla insan\u0131 kendisine \u00e7eken i\u00e7tenli\u011fi vard\u0131r.Ceyhun Atuf Kansu\u2019ya g\u00f6re \u201cT\u00fcrk\u00e7enin oca\u011f\u0131ndan s\u00f6zc\u00fcklerin korlu demirini \u00e7\u0131karan bir geleneksel halk demircisi gibidir\u201d Sabahattin Ali, \u201c\u00e7oban ate\u015fi\u201dni harlayanlardand\u0131r. Uzun y\u0131llar \u201ckadri bilinmese\u201d de, \u201cismi a\u011fza al\u0131nmasa\u201d da, hangi da\u011f alt\u0131nda yatt\u0131\u011f\u0131n\u0131 \u201csoran bulunmasa\u201d da o, \u201cdertleri \u015faha kalkm\u0131\u015f\u201d g\u00f6n\u00fcllerin yolda\u015f\u0131, \u201cg\u00f6recek g\u00fcnler var daha\u201d diyenlerin \u015fairidir. Benim Meskenim Da\u011flard\u0131r, Sabahattin Ali\u2019nin b\u00fct\u00fcn \u015fiirlerini bir araya getiriyor.<\/p>\n","protected":false},"excerpt":{"rendered":"<p>Edebiyat\u0131m\u0131zda \u00f6yk\u00fcc\u00fcl\u00fc\u011f\u00fc, daha \u00e7ok da romanc\u0131l\u0131\u011f\u0131 ile tan\u0131n\u0131p bilinen Sabahattin Ali, yaz\u0131 ya\u015fam\u0131na \u015fiirle ba\u015flam\u0131\u015ft\u0131r. Sabahattin Ali\u2019nin haks\u0131zl\u0131\u011fa katlanamayan karakteri, kendisini en yo\u011fun bi\u00e7imde \u015fiirlerinde ortaya<span class=\"excerpt-hellip\"> [\u2026]<\/span><\/p>\n","protected":false},"featured_media":0,"template":"","meta":{"_monsterinsights_skip_tracking":false,"_monsterinsights_sitenote_active":false,"_monsterinsights_sitenote_note":"","_monsterinsights_sitenote_category":0},"product_brand":[],"product_cat":[12291,12509],"product_tag":[],"class_list":{"0":"post-722294","1":"product","2":"type-product","3":"status-publish","5":"product_cat-edebiyat","6":"product_cat-siir","7":"pa_cilt-ciltsiz","8":"pa_tur-kitap","9":"pa_yayinevi-ayrinti-yayinlari","10":"pa_yazar-sabahattin-ali","12":"first","13":"instock","14":"sale","15":"shipping-taxable","16":"purchasable","17":"product-type-simple"},"_links":{"self":[{"href":"https:\/\/roveyayinevi.com.tr\/index.php\/wp-json\/wp\/v2\/product\/722294","targetHints":{"allow":["GET"]}}],"collection":[{"href":"https:\/\/roveyayinevi.com.tr\/index.php\/wp-json\/wp\/v2\/product"}],"about":[{"href":"https:\/\/roveyayinevi.com.tr\/index.php\/wp-json\/wp\/v2\/types\/product"}],"wp:attachment":[{"href":"https:\/\/roveyayinevi.com.tr\/index.php\/wp-json\/wp\/v2\/media?parent=722294"}],"wp:term":[{"taxonomy":"product_brand","embeddable":true,"href":"https:\/\/roveyayinevi.com.tr\/index.php\/wp-json\/wp\/v2\/product_brand?post=722294"},{"taxonomy":"product_cat","embeddable":true,"href":"https:\/\/roveyayinevi.com.tr\/index.php\/wp-json\/wp\/v2\/product_cat?post=722294"},{"taxonomy":"product_tag","embeddable":true,"href":"https:\/\/roveyayinevi.com.tr\/index.php\/wp-json\/wp\/v2\/product_tag?post=722294"}],"curies":[{"name":"wp","href":"https:\/\/api.w.org\/{rel}","templated":true}]}}