{"id":722290,"date":"2025-08-27T19:02:25","date_gmt":"2025-08-27T16:02:25","guid":{"rendered":"https:\/\/roveyayinevi.com.tr\/index.php\/urun\/egitim-uzerine-2\/"},"modified":"2026-04-16T02:30:27","modified_gmt":"2026-04-15T23:30:27","slug":"egitim-uzerine-2","status":"publish","type":"product","link":"https:\/\/roveyayinevi.com.tr\/index.php\/urun\/egitim-uzerine-2\/","title":{"rendered":"E\u011fitim \u00dczerine"},"content":{"rendered":"<p>Elinizdeki kitap \u00e7a\u011f\u0131m\u0131zda gerek kendisinin gerek ailesi ve \u00e7ocuklar\u0131n\u0131n gelece\u011fi i\u00e7in kayg\u0131lanan say\u0131s\u0131z insan i\u00e7in de\u011ferli tart\u0131\u015fmalar i\u00e7eriyor. \u00c7a\u011f\u0131m\u0131z\u0131n en \u00f6nemli d\u00fc\u015f\u00fcn\u00fcrlerinden Zygmunt Bauman s\u00f6yle\u015filerinden olu\u015fan bu derlemede, \u00e7a\u011fda\u015f e\u011fitimin krizine odaklan\u0131l\u0131yor. K\u00fcreselle\u015fme, \u00f6zelle\u015fme, g\u00f6\u00e7 olgusu gibi \u00f6nemli d\u00f6n\u00fc\u015f\u00fcmlerin teknolojik geli\u015fmelerle birlikte e\u011fitim \u00fczerinde nas\u0131l etkili oldu\u011fu irdeleniyor. Kitapta bahsedildi\u011fi gibi bu e\u011fitim krizi tuhaf bir kriz \u00e7\u00fcnk\u00fc ilk kez farkl\u0131 insan toplumlar\u0131 ile aralar\u0131ndaki farkl\u0131l\u0131klara evrensel ve genelge\u00e7er bir model \u00f6nerilemez durumda. Bug\u00fcn ne kendisine s\u0131\u011f\u0131nanlar\u0131 asimile etmek isteyen muktedir g\u00fc\u00e7ler ve modeller ne de kendi farkl\u0131l\u0131klar\u0131n\u0131 ekonomik refah i\u00e7in teslim etmeye g\u00f6n\u00fcll\u00fc insanlar var.Ama Bauman\u2019\u0131n tabiriyle hi\u00e7 de\u011fi\u015fmeyen bir \u015fey var: \u201c\u00c7ocuklar nadiren yaln\u0131z y\u00fcr\u00fcyorlar; genelde arkada\u015f gruplar\u0131yla y\u00fcr\u00fcmeyi tercih ediyorlar. Bu al\u0131\u015fkanl\u0131k hi\u00e7 de\u011fi\u015fmedi. Yine de pencereden bakt\u0131\u011f\u0131mda g\u00f6rd\u00fc\u011f\u00fcm \u015feyler y\u0131llar i\u00e7inde de\u011fi\u015fti. K\u0131rk y\u0131l \u00f6nce nerdeyse her grup \u2018tek renkteydi\u2019. Bug\u00fcnse nerdeyse hi\u00e7biri \u00f6yle de\u011fil.\u201d \u0130\u015fte bu eser, tek renkli olmayan ve bu farkl\u0131l\u0131klarla ortak ya\u015fam \u00f6rmesi zorunlu olan toplumumuzu anlamak i\u00e7in e\u015fsiz bir f\u0131rsat sunmakta&#8230;<\/p>\n","protected":false},"excerpt":{"rendered":"<p>Elinizdeki kitap \u00e7a\u011f\u0131m\u0131zda gerek kendisinin gerek ailesi ve \u00e7ocuklar\u0131n\u0131n gelece\u011fi i\u00e7in kayg\u0131lanan say\u0131s\u0131z insan i\u00e7in de\u011ferli tart\u0131\u015fmalar i\u00e7eriyor. \u00c7a\u011f\u0131m\u0131z\u0131n en \u00f6nemli d\u00fc\u015f\u00fcn\u00fcrlerinden Zygmunt Bauman s\u00f6yle\u015filerinden olu\u015fan<span class=\"excerpt-hellip\"> [\u2026]<\/span><\/p>\n","protected":false},"featured_media":0,"template":"","meta":{"_monsterinsights_skip_tracking":false,"_monsterinsights_sitenote_active":false,"_monsterinsights_sitenote_note":"","_monsterinsights_sitenote_category":0},"product_brand":[],"product_cat":[12573,12566],"product_tag":[],"class_list":{"0":"post-722290","1":"product","2":"type-product","3":"status-publish","5":"product_cat-akademik-kitaplar","6":"product_cat-egitim","7":"pa_cilt-ciltsiz","8":"pa_tur-kitap","9":"pa_yayinevi-ayrinti-yayinlari","10":"pa_yazar-zygmunt-bauman","12":"first","13":"instock","14":"sale","15":"shipping-taxable","16":"purchasable","17":"product-type-simple"},"_links":{"self":[{"href":"https:\/\/roveyayinevi.com.tr\/index.php\/wp-json\/wp\/v2\/product\/722290","targetHints":{"allow":["GET"]}}],"collection":[{"href":"https:\/\/roveyayinevi.com.tr\/index.php\/wp-json\/wp\/v2\/product"}],"about":[{"href":"https:\/\/roveyayinevi.com.tr\/index.php\/wp-json\/wp\/v2\/types\/product"}],"wp:attachment":[{"href":"https:\/\/roveyayinevi.com.tr\/index.php\/wp-json\/wp\/v2\/media?parent=722290"}],"wp:term":[{"taxonomy":"product_brand","embeddable":true,"href":"https:\/\/roveyayinevi.com.tr\/index.php\/wp-json\/wp\/v2\/product_brand?post=722290"},{"taxonomy":"product_cat","embeddable":true,"href":"https:\/\/roveyayinevi.com.tr\/index.php\/wp-json\/wp\/v2\/product_cat?post=722290"},{"taxonomy":"product_tag","embeddable":true,"href":"https:\/\/roveyayinevi.com.tr\/index.php\/wp-json\/wp\/v2\/product_tag?post=722290"}],"curies":[{"name":"wp","href":"https:\/\/api.w.org\/{rel}","templated":true}]}}