{"id":722289,"date":"2025-08-27T19:02:24","date_gmt":"2025-08-27T16:02:24","guid":{"rendered":"https:\/\/roveyayinevi.com.tr\/index.php\/urun\/en-guzel-gunlerini-demek-bensiz-yasadin\/"},"modified":"2026-04-16T02:30:27","modified_gmt":"2026-04-15T23:30:27","slug":"en-guzel-gunlerini-demek-bensiz-yasadin","status":"publish","type":"product","link":"https:\/\/roveyayinevi.com.tr\/index.php\/urun\/en-guzel-gunlerini-demek-bensiz-yasadin\/","title":{"rendered":"En G\u00fczel G\u00fcnlerini Demek Bensiz Ya\u015fad\u0131n"},"content":{"rendered":"<p>Vasiyetimi okumaya ba\u015flasam b\u0131rak\u0131r m\u0131s\u0131n\u0131z kavgay\u0131? Odamda, yata\u011f\u0131m\u0131n yan\u0131ndaki \u00e7ekmecede. \u015eark\u0131y\u0131 falan b\u0131rak\u0131p, getireyim, okuyay\u0131m m\u0131? Keyfinizi ka\u00e7\u0131ray\u0131m, yemekleri \u00e7\u00f6pe atay\u0131m m\u0131? Ne kadar yaz\u0131k ediyoruz zamana. Bir daha niye gelesiniz bu eve? Buraday\u0131z, evimizde. Hep birlikteyiz. Koza bile burada. Eskisi gibi. Daha da kalabal\u0131\u011f\u0131z. Ne g\u00fczel. Ne ger\u00e7ek. Aile dedi\u011fin kalabal\u0131k bir sofrad\u0131r. Daha ne?En G\u00fczel G\u00fcnlerini Demek Bensiz Ya\u015fad\u0131n, i\u00e7inden sanat, m\u00fczik, tarih, \u0130stanbul ve en \u00e7ok da t\u00fcm halleriyle insan\u0131n ge\u00e7ti\u011fi Can G\u00fcrses romanlar\u0131n\u0131n ilkidir. Yaz\u0131ld\u0131ktan \u00fc\u00e7 y\u0131l sonra 2014\u2019te yay\u0131mlanan, usta i\u015fi ilk roman\u0131 En G\u00fczel G\u00fcnlerini Demek Bensiz Ya\u015fad\u0131n sadece Deryadil ailesini de\u011fil, hepimizin ailesini anlat\u0131r. Dupduru T\u00fcrk\u00e7esi, derin bir anlat\u0131m yordam\u0131 ve kal\u0131p yarg\u0131lar\u0131 k\u0131ran nevi \u015fahs\u0131na m\u00fcnhas\u0131r tekni\u011fiyle yazar, 2007\u2019nin g\u00fcne\u015fli bir Ocak g\u00fcn\u00fcnde Deryadil ailesini, Edibe\u2019nin haz\u0131rlad\u0131\u011f\u0131 sofra ba\u015f\u0131nda toplar. Edibe, 12 Eyl\u00fcl\u2019de yurtd\u0131\u015f\u0131na ka\u00e7an k\u0131z\u0131 Koza\u2019n\u0131n 27 y\u0131l sonra \u00fclkesine d\u00f6nmesiyle aileyi nihayet biraraya getirmi\u015ftir. Sofra ba\u015f\u0131ndaki herkes, birbirlerini di\u011ferinin sevmedi\u011fi yemek \u00fczerinden anlat\u0131r. Aile tarihini bir de ailenin y\u0131llanm\u0131\u015f yak\u0131n tan\u0131klar\u0131 olan e\u015fyalar dile getirir. U\u00e7lardaki ve diplerdeki duygularla dolu ge\u00e7en bu ak\u015fam yeme\u011fiyle yazar, esas\u0131nda \u201cben ve \u00f6tekinin, biz ve onlar\u0131n tohumunun at\u0131ld\u0131\u011f\u0131 yer\u201d olarak g\u00f6rd\u00fc\u011f\u00fc aileyi ve okuru ertesi g\u00fcn alacaklar\u0131 habere haz\u0131rlamaktad\u0131r.<\/p>\n","protected":false},"excerpt":{"rendered":"<p>Vasiyetimi okumaya ba\u015flasam b\u0131rak\u0131r m\u0131s\u0131n\u0131z kavgay\u0131? Odamda, yata\u011f\u0131m\u0131n yan\u0131ndaki \u00e7ekmecede. \u015eark\u0131y\u0131 falan b\u0131rak\u0131p, getireyim, okuyay\u0131m m\u0131? Keyfinizi ka\u00e7\u0131ray\u0131m, yemekleri \u00e7\u00f6pe atay\u0131m m\u0131? Ne kadar yaz\u0131k ediyoruz<span class=\"excerpt-hellip\"> [\u2026]<\/span><\/p>\n","protected":false},"featured_media":0,"template":"","meta":{"_monsterinsights_skip_tracking":false,"_monsterinsights_sitenote_active":false,"_monsterinsights_sitenote_note":"","_monsterinsights_sitenote_category":0},"product_brand":[],"product_cat":[12291,12711],"product_tag":[],"class_list":{"0":"post-722289","1":"product","2":"type-product","3":"status-publish","5":"product_cat-edebiyat","6":"product_cat-roman-oyku","7":"pa_cilt-ciltsiz","8":"pa_tur-kitap","9":"pa_yayinevi-ayrinti-yayinlari","10":"pa_yazar-can-gurses","12":"first","13":"instock","14":"sale","15":"shipping-taxable","16":"purchasable","17":"product-type-simple"},"_links":{"self":[{"href":"https:\/\/roveyayinevi.com.tr\/index.php\/wp-json\/wp\/v2\/product\/722289","targetHints":{"allow":["GET"]}}],"collection":[{"href":"https:\/\/roveyayinevi.com.tr\/index.php\/wp-json\/wp\/v2\/product"}],"about":[{"href":"https:\/\/roveyayinevi.com.tr\/index.php\/wp-json\/wp\/v2\/types\/product"}],"wp:attachment":[{"href":"https:\/\/roveyayinevi.com.tr\/index.php\/wp-json\/wp\/v2\/media?parent=722289"}],"wp:term":[{"taxonomy":"product_brand","embeddable":true,"href":"https:\/\/roveyayinevi.com.tr\/index.php\/wp-json\/wp\/v2\/product_brand?post=722289"},{"taxonomy":"product_cat","embeddable":true,"href":"https:\/\/roveyayinevi.com.tr\/index.php\/wp-json\/wp\/v2\/product_cat?post=722289"},{"taxonomy":"product_tag","embeddable":true,"href":"https:\/\/roveyayinevi.com.tr\/index.php\/wp-json\/wp\/v2\/product_tag?post=722289"}],"curies":[{"name":"wp","href":"https:\/\/api.w.org\/{rel}","templated":true}]}}