{"id":722283,"date":"2025-08-27T19:02:20","date_gmt":"2025-08-27T16:02:20","guid":{"rendered":"https:\/\/roveyayinevi.com.tr\/index.php\/urun\/cocuklar-icin-sherlock-holmes-emekleyen-adam\/"},"modified":"2026-04-16T02:29:57","modified_gmt":"2026-04-15T23:29:57","slug":"cocuklar-icin-sherlock-holmes-emekleyen-adam","status":"publish","type":"product","link":"https:\/\/roveyayinevi.com.tr\/index.php\/urun\/cocuklar-icin-sherlock-holmes-emekleyen-adam\/","title":{"rendered":"\u00c7ocuklar \u0130\u00e7in Sherlock Holmes : Emekleyen Adam"},"content":{"rendered":"<p>\u00c7ocuklar\u0131n zihnini geli\u015ftirecek polisiye hik\u00e2yeler\u2026   Sherlock Holmes\u2019un tuhaf ve s\u0131ra d\u0131\u015f\u0131 hik\u00e2yelerinin topland\u0131\u011f\u0131 bu kitap; olaylar\u0131 farkl\u0131 bak\u0131\u015f a\u00e7\u0131s\u0131yla sorgulayarak \u00e7\u00f6z\u00fcmlemeyi sa\u011fl\u0131yor. Efsane dedektif Sherlock Holmes\u2019un muhte\u015fem zek\u00e2s\u0131 ve g\u00f6zlem yetene\u011fiyle \u00e7\u00f6zd\u00fc\u011f\u00fc olaylar\u0131 yak\u0131n dostu Dr. Watson\u2019un a\u011fz\u0131ndan anlat\u0131l\u0131yor. \u00dcnl\u00fc dedektif ele ald\u0131\u011f\u0131 b\u00fct\u00fcn davalarda muhte\u015fem dikkati ve g\u00f6zlemiyle en ince ayr\u0131nt\u0131lar\u0131 ve ipu\u00e7lar\u0131n\u0131 bularak olaylar\u0131 ayd\u0131nlat\u0131yor. \u00c7ocuklar i\u00e7in \u00f6zel haz\u0131rlanan bu kitap; \u00e7ocuklar\u0131n\u0131za farkl\u0131 bak\u0131\u015f a\u00e7\u0131lar\u0131 kazand\u0131r\u0131rken onlar\u0131 ayn\u0131 zamanda merak ve heyecan dolu soluksuz bir maceraya davet ediyor. <\/p>\n","protected":false},"excerpt":{"rendered":"<p>\u00c7ocuklar\u0131n zihnini geli\u015ftirecek polisiye hik\u00e2yeler\u2026 Sherlock Holmes\u2019un tuhaf ve s\u0131ra d\u0131\u015f\u0131 hik\u00e2yelerinin topland\u0131\u011f\u0131 bu kitap; olaylar\u0131 farkl\u0131 bak\u0131\u015f a\u00e7\u0131s\u0131yla sorgulayarak \u00e7\u00f6z\u00fcmlemeyi sa\u011fl\u0131yor. Efsane dedektif Sherlock Holmes\u2019un<span class=\"excerpt-hellip\"> [\u2026]<\/span><\/p>\n","protected":false},"featured_media":0,"template":"","meta":{"_monsterinsights_skip_tracking":false,"_monsterinsights_sitenote_active":false,"_monsterinsights_sitenote_note":"","_monsterinsights_sitenote_category":0},"product_brand":[],"product_cat":[12274,12284],"product_tag":[],"class_list":{"0":"post-722283","1":"product","2":"type-product","3":"status-publish","5":"product_cat-cocuk-ve-genclik-kitaplari","6":"product_cat-hikayeler","7":"pa_cilt-ciltsiz","8":"pa_tur-kitap","9":"pa_yayinevi-ren-kitap","10":"pa_yazar-sir-arthur-conan-doyle","12":"first","13":"instock","14":"sale","15":"shipping-taxable","16":"purchasable","17":"product-type-simple"},"_links":{"self":[{"href":"https:\/\/roveyayinevi.com.tr\/index.php\/wp-json\/wp\/v2\/product\/722283","targetHints":{"allow":["GET"]}}],"collection":[{"href":"https:\/\/roveyayinevi.com.tr\/index.php\/wp-json\/wp\/v2\/product"}],"about":[{"href":"https:\/\/roveyayinevi.com.tr\/index.php\/wp-json\/wp\/v2\/types\/product"}],"wp:attachment":[{"href":"https:\/\/roveyayinevi.com.tr\/index.php\/wp-json\/wp\/v2\/media?parent=722283"}],"wp:term":[{"taxonomy":"product_brand","embeddable":true,"href":"https:\/\/roveyayinevi.com.tr\/index.php\/wp-json\/wp\/v2\/product_brand?post=722283"},{"taxonomy":"product_cat","embeddable":true,"href":"https:\/\/roveyayinevi.com.tr\/index.php\/wp-json\/wp\/v2\/product_cat?post=722283"},{"taxonomy":"product_tag","embeddable":true,"href":"https:\/\/roveyayinevi.com.tr\/index.php\/wp-json\/wp\/v2\/product_tag?post=722283"}],"curies":[{"name":"wp","href":"https:\/\/api.w.org\/{rel}","templated":true}]}}