{"id":722280,"date":"2025-08-27T19:02:17","date_gmt":"2025-08-27T16:02:17","guid":{"rendered":"https:\/\/roveyayinevi.com.tr\/index.php\/urun\/strayhgarn-yun-iplikciligi-boyama-ve-kumas-analizi\/"},"modified":"2026-04-16T02:29:57","modified_gmt":"2026-04-15T23:29:57","slug":"strayhgarn-yun-iplikciligi-boyama-ve-kumas-analizi","status":"publish","type":"product","link":"https:\/\/roveyayinevi.com.tr\/index.php\/urun\/strayhgarn-yun-iplikciligi-boyama-ve-kumas-analizi\/","title":{"rendered":"\u015etrayhgarn Y\u00fcn \u0130plik\u00e7ili\u011fi Boyama ve Kuma\u015f Analizi"},"content":{"rendered":"<p>Uygarl\u0131\u011f\u0131n geli\u015fiminden bu yana insan ya\u015fam\u0131n\u0131n ba\u015fl\u0131ca par\u00e7alar\u0131ndan biri olan dokuma \u00fcr\u00fcnleri birka\u00e7 \u00f6nemli s\u00fcre\u00e7ten ge\u00e7erek ya\u015famdaki yerini alm\u0131\u015ft\u0131r. \u00dc\u00e7 ana b\u00f6l\u00fcmden olu\u015fan bu kitap, dokuma s\u00fcrecinin iki ana a\u015famas\u0131yla ba\u015flamakta, s\u00fcrecin son a\u015famas\u0131n\u0131 olu\u015fturan kuma\u015f analiziyle sonlanmaktad\u0131r. Birinci b\u00f6l\u00fcmde, strayhgarn y\u00fcn iplik\u00e7ili\u011finin \u00fcretim ak\u0131m diyagram\u0131 yani hammaddenin (yapa\u011f\u0131n\u0131n) ipli\u011fe d\u00f6n\u00fc\u015f\u00fcm\u00fc ve dokumas\u0131 s\u00fcreci yer almaktad\u0131r. Bu \u00e7er\u00e7evede, hammadde (yapa\u011f\u0131), tefrik, y\u0131kama, harman-halla\u00e7, tarak ve ring, apre \u00fcniteleri anlat\u0131lmaktad\u0131r. \u0130kinci b\u00f6l\u00fcm, elyaf ve ipli\u011fin boyanmas\u0131, \u00fc\u00e7l\u00fc boya bile\u015fimleriyle renk \u00e7al\u0131\u015fmalar\u0131 ve bunlar\u0131n uygulamalar\u0131n\u0131 i\u00e7ermektedir. \u00dc\u00e7\u00fcnc\u00fc b\u00f6l\u00fcmde ise; \u00f6zellikle y\u00fcnl\u00fc kuma\u015flar\u0131n fiziksel ve kimyasal analizleri ele al\u0131nm\u0131\u015f ve kuma\u015f\u0131n yap\u0131s\u0131 ayd\u0131nlat\u0131lmaya \u00e7al\u0131\u015f\u0131lm\u0131\u015ft\u0131r. Bu kitap, insan do\u011fas\u0131yla daha bar\u0131\u015f\u0131k, daha sa\u011fl\u0131kl\u0131 olan do\u011fal liflerden olu\u015fan iplik t\u00fcrleri ve dokumalar\u0131n\u0131 kapsayan strayhgarn y\u00fcn iplik\u00e7ili\u011fi y\u00f6ntemini \u00f6zellikle vurgulamaktad\u0131r. Ekolojik dengenin bozulmas\u0131, atmosferin kirlenip insan ya\u015fam\u0131n\u0131n pek \u00e7ok risk alt\u0131na girmesiyle, insanlar\u0131n do\u011fal \u00fcr\u00fcnlere olan e\u011filiminden dolay\u0131 do\u011fal liflerin kullan\u0131lmas\u0131 b\u00fcy\u00fck \u00f6nem kazanmaktad\u0131r. Bu nedenle, do\u011fal liflerin kullan\u0131lmas\u0131n\u0131 i\u00e7eren y\u00fcnl\u00fc tesislerden olan strayhgarn y\u00fcn iplik\u00e7ili\u011finin \u00f6neminin yeniden kavranarak, uygulamaya konmas\u0131n\u0131n gere\u011fi vurgulanm\u0131\u015ft\u0131r. <\/p>\n","protected":false},"excerpt":{"rendered":"<p>Uygarl\u0131\u011f\u0131n geli\u015fiminden bu yana insan ya\u015fam\u0131n\u0131n ba\u015fl\u0131ca par\u00e7alar\u0131ndan biri olan dokuma \u00fcr\u00fcnleri birka\u00e7 \u00f6nemli s\u00fcre\u00e7ten ge\u00e7erek ya\u015famdaki yerini alm\u0131\u015ft\u0131r. \u00dc\u00e7 ana b\u00f6l\u00fcmden olu\u015fan bu kitap, dokuma<span class=\"excerpt-hellip\"> [\u2026]<\/span><\/p>\n","protected":false},"featured_media":0,"template":"","meta":{"_monsterinsights_skip_tracking":false,"_monsterinsights_sitenote_active":false,"_monsterinsights_sitenote_note":"","_monsterinsights_sitenote_category":0},"product_brand":[],"product_cat":[12365,12364],"product_tag":[],"class_list":{"0":"post-722280","1":"product","2":"type-product","3":"status-publish","5":"product_cat-diger-genel-konular","6":"product_cat-genel-konular","7":"pa_cilt-ciltsiz","8":"pa_tur-kitap","9":"pa_yayinevi-gazi-kitabevi","10":"pa_yazar-menderes-koyuncu","12":"first","13":"instock","14":"sale","15":"shipping-taxable","16":"purchasable","17":"product-type-simple"},"_links":{"self":[{"href":"https:\/\/roveyayinevi.com.tr\/index.php\/wp-json\/wp\/v2\/product\/722280","targetHints":{"allow":["GET"]}}],"collection":[{"href":"https:\/\/roveyayinevi.com.tr\/index.php\/wp-json\/wp\/v2\/product"}],"about":[{"href":"https:\/\/roveyayinevi.com.tr\/index.php\/wp-json\/wp\/v2\/types\/product"}],"wp:attachment":[{"href":"https:\/\/roveyayinevi.com.tr\/index.php\/wp-json\/wp\/v2\/media?parent=722280"}],"wp:term":[{"taxonomy":"product_brand","embeddable":true,"href":"https:\/\/roveyayinevi.com.tr\/index.php\/wp-json\/wp\/v2\/product_brand?post=722280"},{"taxonomy":"product_cat","embeddable":true,"href":"https:\/\/roveyayinevi.com.tr\/index.php\/wp-json\/wp\/v2\/product_cat?post=722280"},{"taxonomy":"product_tag","embeddable":true,"href":"https:\/\/roveyayinevi.com.tr\/index.php\/wp-json\/wp\/v2\/product_tag?post=722280"}],"curies":[{"name":"wp","href":"https:\/\/api.w.org\/{rel}","templated":true}]}}